{"id":2059,"date":"2020-10-27T09:32:03","date_gmt":"2020-10-27T09:32:03","guid":{"rendered":"http:\/\/norpol-event.com\/?page_id=2059"},"modified":"2026-02-19T11:20:46","modified_gmt":"2026-02-19T09:20:46","slug":"katso-mita-meilla-on","status":"publish","type":"page","link":"https:\/\/lomahanko.info\/","title":{"rendered":"HANKO"},"content":{"rendered":"\n<figure class=\"wp-block-image size-large\"><img loading=\"lazy\" decoding=\"async\" width=\"687\" height=\"116\" src=\"https:\/\/lomahanko.info\/wp-content\/uploads\/2020\/11\/Tyhja_transparent1.png\" alt=\"\" class=\"wp-image-6062\" srcset=\"https:\/\/lomahanko.info\/wp-content\/uploads\/2020\/11\/Tyhja_transparent1.png 687w, https:\/\/lomahanko.info\/wp-content\/uploads\/2020\/11\/Tyhja_transparent1-300x51.png 300w\" sizes=\"auto, (max-width: 687px) 100vw, 687px\" \/><\/figure>\n\n\n\n<div class=\"wp-block-group\"><div class=\"wp-block-group__inner-container is-layout-flow wp-block-group-is-layout-flow\">\n<div class=\"wptb-container-legacy\" data-table-id=\"6866\">\n    <table class=\"wptb-preview-table wptb-element-main-table_setting-6866\" style=\"border-spacing: 3px 3px; border-collapse: collapse !important; min-width: 100%; border: 0px solid rgb(0, 0, 0); \" data-border-spacing-columns=\"3\" data-border-spacing-rows=\"3\" data-reconstraction=\"1\" data-wptb-table-directives=\"eyJpbm5lckJvcmRlcnMiOnsiYWN0aXZlIjoiYWxsIiwiYm9yZGVyV2lkdGgiOjAsImJvcmRlclJhZGl1c2VzIjp7ImFsbCI6MCwicm93IjowLCJjb2x1bW4iOjB9fX0=\" data-wptb-responsive-directives=\"eyJyZXNwb25zaXZlRW5hYmxlZCI6ZmFsc2UsInJlc3BvbnNpdmVNb2RlIjoiYXV0byIsInJlbGF0aXZlV2lkdGgiOiJ3aW5kb3ciLCJwcmVzZXJ2ZVJvd0NvbG9yIjpmYWxzZSwiaGVhZGVyRnVsbHlNZXJnZWQiOmZhbHNlLCJicmVha3BvaW50cyI6eyJkZXNrdG9wIjp7Im5hbWUiOiJkZXNrdG9wIiwid2lkdGgiOjEwMjR9LCJ0YWJsZXQiOnsibmFtZSI6InRhYmxldCIsIndpZHRoIjo3MDB9LCJtb2JpbGUiOnsibmFtZSI6Im1vYmlsZSIsIndpZHRoIjozNzV9fSwibW9kZU9wdGlvbnMiOnsiYXV0byI6eyJkaXNhYmxlZCI6eyJkZXNrdG9wIjpmYWxzZSwidGFibGV0IjpmYWxzZSwibW9iaWxlIjpmYWxzZX0sInRvcFJvd0FzSGVhZGVyIjp7ImRlc2t0b3AiOmZhbHNlLCJ0YWJsZXQiOnRydWUsIm1vYmlsZSI6dHJ1ZX0sInJlcGVhdE1lcmdlZEhlYWRlciI6eyJkZXNrdG9wIjp0cnVlLCJ0YWJsZXQiOnRydWUsIm1vYmlsZSI6dHJ1ZX0sInN0YXRpY1RvcFJvdyI6eyJkZXNrdG9wIjpmYWxzZSwidGFibGV0IjpmYWxzZSwibW9iaWxlIjpmYWxzZX0sImNlbGxTdGFja0RpcmVjdGlvbiI6eyJkZXNrdG9wIjoicm93IiwidGFibGV0Ijoicm93IiwibW9iaWxlIjoicm93In0sImNlbGxzUGVyUm93Ijp7ImRlc2t0b3AiOjEsInRhYmxldCI6MiwibW9iaWxlIjoyfX19fQ==\" data-wptb-cells-width-auto-count=\"3\" data-wptb-extra-styles=\"LyogRW50ZXIgeW91ciBjdXN0b20gQ1NTIHJ1bGVzIGhlcmUgKi8=\" data-wptb-pro-pagination-top-row-header=\"false\" data-wptb-rows-per-page=\"10\" data-wptb-pro-search-top-row-header=\"false\" data-wptb-searchbar-position=\"left\" role=\"table\" data-table-columns=\"3\" data-wptb-table-alignment=\"center\" data-wptb-td-width-auto=\"10\" data-wptb-table-tds-sum-max-width=\"30\" data-wptb-header-background-color=\"#000000FF\" data-wptb-even-row-background-color=\"#000000FF\" data-wptb-odd-row-background-color=\"#000000FF\" ><tbody data-global-font-size=\"15\" ><tr  class=\"wptb-row \" style=\"background-color: #000000; \"><td class=\"wptb-cell \" colspan=\"1\" rowspan=\"1\" style=\"padding: 0px; border-width: 1px; border-color: rgb(0, 0, 0); border-style: solid; border-radius: 0px; \" data-y-index=\"0\" data-x-index=\"0\" data-wptb-css-td-auto-width=\"true\" data-wptb-css-td-auto-height=\"true\" data-wptb-cell-vertical-alignment=\"center\" ><div class=\"wptb-text-container wptb-ph-element wptb-element-text-597\" style=\"font-size: 15px; \"><div style=\"position: relative;\"><p><\/p><\/div><\/div><div class=\"wptb-image-container wptb-ph-element wptb-element-image-1\" data-wptb-image-alignment=\"center\" data-wptb-image-size-relative=\"container\"  style=\"\">\n    <div class=\"wptb-image-wrapper\">\n        <a href=\"https:\/\/lomahanko.info\/index.php\/liikenne-hankoon\/\" rel=\"\" data-wptb-link-enable-convert-relative=\"true\"  class=\"wptb-link-target\" style=\"float: none; width: 100%; \">\n            <img loading=\"lazy\" decoding=\"async\" class=\"wptb-image-element-target\" data-wptb-size=\"136px:135px\" height=\"135\" width=\"136\" src=\"https:\/\/lomahanko.info\/wp-content\/uploads\/2020\/11\/Transportation_Icon-1.png\"  style=\"width: 100%\" \/>\n        <\/a>\n    <\/div>\n<\/div><\/td><td class=\"wptb-cell \" colspan=\"1\" rowspan=\"1\" style=\"padding: 0px; border-width: 1px; border-color: rgb(0, 0, 0); border-style: solid; border-radius: 0px; \" data-y-index=\"0\" data-x-index=\"1\" data-wptb-css-td-auto-width=\"true\" data-wptb-css-td-auto-height=\"true\" data-wptb-cell-vertical-alignment=\"center\" ><div class=\"wptb-text-container wptb-ph-element wptb-element-text-598\" style=\"font-size: 15px; \"><div style=\"position: relative;\"><p><\/p><\/div><\/div><div class=\"wptb-image-container wptb-ph-element wptb-element-image-2\" data-wptb-image-alignment=\"center\" data-wptb-image-size-relative=\"container\"  style=\"\">\n    <div class=\"wptb-image-wrapper\">\n        <a href=\"https:\/\/lomahanko.info\/index.php\/tapahtumat_nyt\/\" rel=\"\" data-wptb-link-enable-convert-relative=\"true\"  class=\"wptb-link-target\" style=\"float: none; width: 100%; \">\n            <img loading=\"lazy\" decoding=\"async\" class=\"wptb-image-element-target\" data-wptb-size=\"136px:135px\" height=\"135\" width=\"136\" src=\"https:\/\/lomahanko.info\/wp-content\/uploads\/2020\/11\/Events_Icon-1.png\"  style=\"width: 100%\" \/>\n        <\/a>\n    <\/div>\n<\/div><\/td><td class=\"wptb-cell \" colspan=\"1\" rowspan=\"1\" style=\"padding: 0px; border-width: 1px; border-color: rgb(0, 0, 0); border-style: solid; border-radius: 0px; \" data-y-index=\"0\" data-x-index=\"2\" data-wptb-css-td-auto-width=\"true\" data-wptb-css-td-auto-height=\"true\" data-wptb-cell-vertical-alignment=\"center\" ><div class=\"wptb-text-container wptb-ph-element wptb-element-text-599\" style=\"font-size: 15px; \"><div style=\"position: relative;\"><p><\/p><\/div><\/div><div class=\"wptb-image-container wptb-ph-element wptb-element-image-3\" data-wptb-image-alignment=\"center\" data-wptb-image-size-relative=\"container\"  style=\"\">\n    <div class=\"wptb-image-wrapper\">\n        <a href=\"https:\/\/lomahanko.info\/index.php\/hangon-uutiset\/\" rel=\"\" data-wptb-link-enable-convert-relative=\"true\"  class=\"wptb-link-target\" style=\"float: none; width: 100%; \">\n            <img loading=\"lazy\" decoding=\"async\" class=\"wptb-image-element-target\" data-wptb-size=\"136px:134px\" height=\"134\" width=\"136\" src=\"https:\/\/lomahanko.info\/wp-content\/uploads\/2020\/11\/News_Icon2-1.png\"  style=\"width: 100%\" \/>\n        <\/a>\n    <\/div>\n<\/div><\/td><\/tr><tr  class=\"wptb-row \" style=\"background-color: #000000; \"><td class=\"wptb-cell \" colspan=\"1\" rowspan=\"1\" style=\"padding: 0px; border-width: 1px; border-color: rgb(0, 0, 0); border-style: solid; border-radius: 0px; \" data-y-index=\"1\" data-x-index=\"0\" data-wptb-css-td-auto-width=\"true\" data-wptb-css-td-auto-height=\"true\" data-wptb-cell-vertical-alignment=\"center\" ><div class=\"wptb-text-container wptb-ph-element wptb-element-text-600\" style=\"color: #ffffff; font-size: 12px; \"><div style=\"position: relative;\"><p style=\"text-align: center;\">Liikenne<\/p><\/div><\/div><\/td><td class=\"wptb-cell \" colspan=\"1\" rowspan=\"1\" style=\"padding: 0px; border-width: 1px; border-color: rgb(0, 0, 0); border-style: solid; border-radius: 0px; \" data-y-index=\"1\" data-x-index=\"1\" data-wptb-css-td-auto-width=\"true\" data-wptb-css-td-auto-height=\"true\" data-wptb-cell-vertical-alignment=\"center\" ><div class=\"wptb-text-container wptb-ph-element wptb-element-text-601\" style=\"color: #ffffff; font-size: 12px; \"><div style=\"position: relative;\"><p style=\"text-align: center;\">Tapahtumat<\/p><\/div><\/div><\/td><td class=\"wptb-cell \" colspan=\"1\" rowspan=\"1\" style=\"padding: 0px; border-width: 1px; border-color: rgb(0, 0, 0); border-style: solid; border-radius: 0px; \" data-y-index=\"1\" data-x-index=\"2\" data-wptb-css-td-auto-width=\"true\" data-wptb-css-td-auto-height=\"true\" data-wptb-cell-vertical-alignment=\"center\" ><div class=\"wptb-text-container wptb-ph-element wptb-element-text-602\" style=\"color: #ffffff; font-size: 12px; \"><div style=\"position: relative;\"><p style=\"text-align: center;\">Uutiset<\/p><\/div><\/div><\/td><\/tr><tr  class=\"wptb-row \" style=\"background-color: #000000; \"><td class=\"wptb-cell \" colspan=\"1\" rowspan=\"1\" style=\"padding: 0px; border-width: 1px; border-color: rgb(0, 0, 0); border-style: solid; border-radius: 0px; \" data-y-index=\"2\" data-x-index=\"0\" data-wptb-css-td-auto-width=\"true\" data-wptb-css-td-auto-height=\"true\" data-wptb-cell-vertical-alignment=\"center\" ><div class=\"wptb-text-container wptb-ph-element wptb-element-text-603\" style=\"font-size: 15px; \"><div style=\"position: relative;\"><p><\/p><\/div><\/div><div class=\"wptb-image-container wptb-ph-element wptb-element-image-4\" data-wptb-image-alignment=\"center\" data-wptb-image-size-relative=\"container\"  style=\"\">\n    <div class=\"wptb-image-wrapper\">\n        <a href=\"https:\/\/lomahanko.info\/index.php\/paikat-ja-palvelut\/\" rel=\"\" data-wptb-link-enable-convert-relative=\"true\"  class=\"wptb-link-target\" style=\"float: none; width: 100%; \">\n            <img loading=\"lazy\" decoding=\"async\" class=\"wptb-image-element-target\" data-wptb-size=\"136px:135px\" height=\"135\" width=\"136\" src=\"https:\/\/lomahanko.info\/wp-content\/uploads\/2020\/11\/Places_icon.png\"  style=\"width: 100%\" \/>\n        <\/a>\n    <\/div>\n<\/div><\/td><td class=\"wptb-cell \" colspan=\"1\" rowspan=\"1\" style=\"padding: 0px; border-width: 1px; border-color: rgb(0, 0, 0); border-style: solid; border-radius: 0px; \" data-y-index=\"2\" data-x-index=\"1\" data-wptb-css-td-auto-width=\"true\" data-wptb-css-td-auto-height=\"true\" data-wptb-cell-vertical-alignment=\"center\" ><div class=\"wptb-text-container wptb-ph-element wptb-element-text-604\" style=\"font-size: 15px; \"><div style=\"position: relative;\"><p><\/p><\/div><\/div><div class=\"wptb-image-container wptb-ph-element wptb-element-image-5\" data-wptb-image-alignment=\"center\" data-wptb-image-size-relative=\"container\"  style=\"\">\n    <div class=\"wptb-image-wrapper\">\n        <a href=\"https:\/\/lomahanko.info\/index.php\/nama-taytyy-nahda\/\" rel=\"\" data-wptb-link-enable-convert-relative=\"true\"  class=\"wptb-link-target\" style=\"float: none; width: 100%; \">\n            <img loading=\"lazy\" decoding=\"async\" class=\"wptb-image-element-target\" data-wptb-size=\"136px:135px\" height=\"135\" width=\"136\" src=\"https:\/\/lomahanko.info\/wp-content\/uploads\/2020\/11\/Sign_board_1_icon.png\"  style=\"width: 100%\" \/>\n        <\/a>\n    <\/div>\n<\/div><\/td><td class=\"wptb-cell \" colspan=\"1\" rowspan=\"1\" style=\"padding: 0px; border-width: 1px; border-color: rgb(0, 0, 0); border-style: solid; border-radius: 0px; \" data-y-index=\"2\" data-x-index=\"2\" data-wptb-css-td-auto-width=\"true\" data-wptb-css-td-auto-height=\"true\" data-wptb-cell-vertical-alignment=\"center\" ><div class=\"wptb-text-container wptb-ph-element wptb-element-text-605\" style=\"font-size: 15px; \"><div style=\"position: relative;\"><p><\/p><\/div><\/div><div class=\"wptb-image-container wptb-ph-element wptb-element-image-6\" data-wptb-image-alignment=\"center\" data-wptb-image-size-relative=\"container\"  style=\"\">\n    <div class=\"wptb-image-wrapper\">\n        <a href=\"https:\/\/lomahanko.info\/index.php\/saa-hangossa\/\" rel=\"\" data-wptb-link-enable-convert-relative=\"true\"  class=\"wptb-link-target\" style=\"float: none; width: 100%; \">\n            <img loading=\"lazy\" decoding=\"async\" class=\"wptb-image-element-target\" data-wptb-size=\"136px:135px\" height=\"135\" width=\"136\" src=\"https:\/\/lomahanko.info\/wp-content\/uploads\/2020\/11\/Weather_icon.png\"  style=\"width: 100%\" \/>\n        <\/a>\n    <\/div>\n<\/div><\/td><\/tr><tr  class=\"wptb-row \" style=\"background-color: #000000; \"><td class=\"wptb-cell \" colspan=\"1\" rowspan=\"1\" style=\"padding: 0px; border-width: 1px; border-color: rgb(0, 0, 0); border-style: solid; border-radius: 0px; \" data-y-index=\"3\" data-x-index=\"0\" data-wptb-css-td-auto-width=\"true\" data-wptb-css-td-auto-height=\"true\" data-wptb-cell-vertical-alignment=\"center\" ><div class=\"wptb-text-container wptb-ph-element wptb-element-text-606\" style=\"color: #ffffff; font-size: 12px; \"><div style=\"position: relative;\"><p style=\"text-align: center;\">Paikat\/Palvelut<\/p><\/div><\/div><\/td><td class=\"wptb-cell \" colspan=\"1\" rowspan=\"1\" style=\"padding: 0px; border-width: 1px; border-color: rgb(0, 0, 0); border-style: solid; border-radius: 0px; \" data-y-index=\"3\" data-x-index=\"1\" data-wptb-css-td-auto-width=\"true\" data-wptb-css-td-auto-height=\"true\" data-wptb-cell-vertical-alignment=\"center\" ><div class=\"wptb-text-container wptb-ph-element wptb-element-text-607\" style=\"color: #ffffff; font-size: 12px; \"><div style=\"position: relative;\"><p style=\"text-align: center;\">N\u00e4ht\u00e4v\u00e4\u00e4<\/p><\/div><\/div><\/td><td class=\"wptb-cell \" colspan=\"1\" rowspan=\"1\" style=\"padding: 0px; border-width: 1px; border-color: rgb(0, 0, 0); border-style: solid; border-radius: 0px; \" data-y-index=\"3\" data-x-index=\"2\" data-wptb-css-td-auto-width=\"true\" data-wptb-css-td-auto-height=\"true\" data-wptb-cell-vertical-alignment=\"center\" ><div class=\"wptb-text-container wptb-ph-element wptb-element-text-608\" style=\"color: #ffffff; font-size: 12px; \"><div style=\"position: relative;\"><p style=\"text-align: center;\">Hangon s\u00e4\u00e4<\/p><\/div><\/div><\/td><\/tr><\/tbody><\/table>\n<\/div>\n\n\n\n<div class=\"wp-block-image\">\n<figure class=\"aligncenter size-large\"><img loading=\"lazy\" decoding=\"async\" width=\"589\" height=\"190\" src=\"https:\/\/lomahanko.info\/wp-content\/uploads\/2020\/11\/Transparent-silhuetti2.png\" alt=\"\" class=\"wp-image-6116\" srcset=\"https:\/\/lomahanko.info\/wp-content\/uploads\/2020\/11\/Transparent-silhuetti2.png 589w, https:\/\/lomahanko.info\/wp-content\/uploads\/2020\/11\/Transparent-silhuetti2-300x97.png 300w\" sizes=\"auto, (max-width: 589px) 100vw, 589px\" \/><\/figure>\n<\/div>\n\n\n<p><\/p>\n<\/div><\/div>\n","protected":false},"excerpt":{"rendered":"","protected":false},"author":1,"featured_media":0,"parent":6272,"menu_order":0,"comment_status":"closed","ping_status":"closed","template":"","meta":{"footnotes":""},"class_list":["post-2059","page","type-page","status-publish","hentry"],"yoast_head":"<!-- This site is optimized with the Yoast SEO plugin v27.2 - https:\/\/yoast.com\/product\/yoast-seo-wordpress\/ -->\n<title>HANKO -<\/title>\n<meta name=\"description\" content=\"Lomahanko.info on Hangon tapahtuma- ja palvelusivusto, joka on tehty mobiililaitteille. L\u00f6yd\u00e4 tapahtumat, ravintolat, majoituskohteet, n\u00e4ht\u00e4vyydet ja muutkin t\u00e4rke\u00e4t adoatasiat t\u00e4lt\u00e4 sivulta.\" \/>\n<meta name=\"robots\" content=\"index, follow, max-snippet:-1, max-image-preview:large, max-video-preview:-1\" \/>\n<link rel=\"canonical\" href=\"https:\/\/lomahanko.info\/\" \/>\n<meta property=\"og:locale\" content=\"fi_FI\" \/>\n<meta property=\"og:type\" content=\"article\" \/>\n<meta property=\"og:title\" content=\"HANKO -\" \/>\n<meta property=\"og:description\" content=\"Lomahanko.info on Hangon tapahtuma- ja palvelusivusto, joka on tehty mobiililaitteille. L\u00f6yd\u00e4 tapahtumat, ravintolat, majoituskohteet, n\u00e4ht\u00e4vyydet ja muutkin t\u00e4rke\u00e4t adoatasiat t\u00e4lt\u00e4 sivulta.\" \/>\n<meta property=\"og:url\" content=\"https:\/\/lomahanko.info\/\" \/>\n<meta property=\"article:publisher\" content=\"https:\/\/www.facebook.com\/groups\/214625491910322\" \/>\n<meta property=\"article:modified_time\" content=\"2026-02-19T09:20:46+00:00\" \/>\n<meta property=\"og:image\" content=\"https:\/\/lomahanko.info\/wp-content\/uploads\/2021\/10\/Lomahanko.info_laitteet.jpg\" \/>\n\t<meta property=\"og:image:width\" content=\"768\" \/>\n\t<meta property=\"og:image:height\" content=\"1024\" \/>\n\t<meta property=\"og:image:type\" content=\"image\/jpeg\" \/>\n<meta name=\"twitter:card\" content=\"summary_large_image\" \/>\n<meta name=\"twitter:label1\" content=\"Arvioitu lukuaika\" \/>\n\t<meta name=\"twitter:data1\" content=\"1 minuutti\" \/>\n<script type=\"application\/ld+json\" class=\"yoast-schema-graph\">{\"@context\":\"https:\/\/schema.org\",\"@graph\":[{\"@type\":\"WebPage\",\"@id\":\"https:\/\/lomahanko.info\/\",\"url\":\"https:\/\/lomahanko.info\/\",\"name\":\"HANKO -\",\"isPartOf\":{\"@id\":\"https:\/\/lomahanko.info\/#website\"},\"primaryImageOfPage\":{\"@id\":\"https:\/\/lomahanko.info\/#primaryimage\"},\"image\":{\"@id\":\"https:\/\/lomahanko.info\/#primaryimage\"},\"thumbnailUrl\":\"https:\/\/lomahanko.info\/wp-content\/uploads\/2020\/11\/Tyhja_transparent1.png\",\"datePublished\":\"2020-10-27T09:32:03+00:00\",\"dateModified\":\"2026-02-19T09:20:46+00:00\",\"description\":\"Lomahanko.info on Hangon tapahtuma- ja palvelusivusto, joka on tehty mobiililaitteille. L\u00f6yd\u00e4 tapahtumat, ravintolat, majoituskohteet, n\u00e4ht\u00e4vyydet ja muutkin t\u00e4rke\u00e4t adoatasiat t\u00e4lt\u00e4 sivulta.\",\"breadcrumb\":{\"@id\":\"https:\/\/lomahanko.info\/#breadcrumb\"},\"inLanguage\":\"fi\",\"potentialAction\":[{\"@type\":\"ReadAction\",\"target\":[\"https:\/\/lomahanko.info\/\"]}]},{\"@type\":\"ImageObject\",\"inLanguage\":\"fi\",\"@id\":\"https:\/\/lomahanko.info\/#primaryimage\",\"url\":\"https:\/\/lomahanko.info\/wp-content\/uploads\/2020\/11\/Tyhja_transparent1.png\",\"contentUrl\":\"https:\/\/lomahanko.info\/wp-content\/uploads\/2020\/11\/Tyhja_transparent1.png\",\"width\":687,\"height\":116},{\"@type\":\"BreadcrumbList\",\"@id\":\"https:\/\/lomahanko.info\/#breadcrumb\",\"itemListElement\":[{\"@type\":\"ListItem\",\"position\":1,\"name\":\"Etusivu\",\"item\":\"https:\/\/lomahanko.info\/\"},{\"@type\":\"ListItem\",\"position\":2,\"name\":\"Aktiviteetit\",\"item\":\"https:\/\/lomahanko.info\/index.php\/aktiviteetit\/\"},{\"@type\":\"ListItem\",\"position\":3,\"name\":\"HANKO\"}]},{\"@type\":\"WebSite\",\"@id\":\"https:\/\/lomahanko.info\/#website\",\"url\":\"https:\/\/lomahanko.info\/\",\"name\":\"\",\"description\":\"\",\"publisher\":{\"@id\":\"https:\/\/lomahanko.info\/#organization\"},\"potentialAction\":[{\"@type\":\"SearchAction\",\"target\":{\"@type\":\"EntryPoint\",\"urlTemplate\":\"https:\/\/lomahanko.info\/?s={search_term_string}\"},\"query-input\":{\"@type\":\"PropertyValueSpecification\",\"valueRequired\":true,\"valueName\":\"search_term_string\"}}],\"inLanguage\":\"fi\"},{\"@type\":\"Organization\",\"@id\":\"https:\/\/lomahanko.info\/#organization\",\"name\":\"Lomahanko\",\"url\":\"https:\/\/lomahanko.info\/\",\"logo\":{\"@type\":\"ImageObject\",\"inLanguage\":\"fi\",\"@id\":\"https:\/\/lomahanko.info\/#\/schema\/logo\/image\/\",\"url\":\"https:\/\/lomahanko.info\/wp-content\/uploads\/2020\/10\/cropped-LOMAHANKO_APP_LOGO.png\",\"contentUrl\":\"https:\/\/lomahanko.info\/wp-content\/uploads\/2020\/10\/cropped-LOMAHANKO_APP_LOGO.png\",\"width\":240,\"height\":44,\"caption\":\"Lomahanko\"},\"image\":{\"@id\":\"https:\/\/lomahanko.info\/#\/schema\/logo\/image\/\"},\"sameAs\":[\"https:\/\/www.facebook.com\/groups\/214625491910322\"]}]}<\/script>\n<!-- \/ Yoast SEO plugin. -->","yoast_head_json":{"title":"HANKO -","description":"Lomahanko.info on Hangon tapahtuma- ja palvelusivusto, joka on tehty mobiililaitteille. L\u00f6yd\u00e4 tapahtumat, ravintolat, majoituskohteet, n\u00e4ht\u00e4vyydet ja muutkin t\u00e4rke\u00e4t adoatasiat t\u00e4lt\u00e4 sivulta.","robots":{"index":"index","follow":"follow","max-snippet":"max-snippet:-1","max-image-preview":"max-image-preview:large","max-video-preview":"max-video-preview:-1"},"canonical":"https:\/\/lomahanko.info\/","og_locale":"fi_FI","og_type":"article","og_title":"HANKO -","og_description":"Lomahanko.info on Hangon tapahtuma- ja palvelusivusto, joka on tehty mobiililaitteille. L\u00f6yd\u00e4 tapahtumat, ravintolat, majoituskohteet, n\u00e4ht\u00e4vyydet ja muutkin t\u00e4rke\u00e4t adoatasiat t\u00e4lt\u00e4 sivulta.","og_url":"https:\/\/lomahanko.info\/","article_publisher":"https:\/\/www.facebook.com\/groups\/214625491910322","article_modified_time":"2026-02-19T09:20:46+00:00","og_image":[{"width":768,"height":1024,"url":"https:\/\/lomahanko.info\/wp-content\/uploads\/2021\/10\/Lomahanko.info_laitteet.jpg","type":"image\/jpeg"}],"twitter_card":"summary_large_image","twitter_misc":{"Arvioitu lukuaika":"1 minuutti"},"schema":{"@context":"https:\/\/schema.org","@graph":[{"@type":"WebPage","@id":"https:\/\/lomahanko.info\/","url":"https:\/\/lomahanko.info\/","name":"HANKO -","isPartOf":{"@id":"https:\/\/lomahanko.info\/#website"},"primaryImageOfPage":{"@id":"https:\/\/lomahanko.info\/#primaryimage"},"image":{"@id":"https:\/\/lomahanko.info\/#primaryimage"},"thumbnailUrl":"https:\/\/lomahanko.info\/wp-content\/uploads\/2020\/11\/Tyhja_transparent1.png","datePublished":"2020-10-27T09:32:03+00:00","dateModified":"2026-02-19T09:20:46+00:00","description":"Lomahanko.info on Hangon tapahtuma- ja palvelusivusto, joka on tehty mobiililaitteille. L\u00f6yd\u00e4 tapahtumat, ravintolat, majoituskohteet, n\u00e4ht\u00e4vyydet ja muutkin t\u00e4rke\u00e4t adoatasiat t\u00e4lt\u00e4 sivulta.","breadcrumb":{"@id":"https:\/\/lomahanko.info\/#breadcrumb"},"inLanguage":"fi","potentialAction":[{"@type":"ReadAction","target":["https:\/\/lomahanko.info\/"]}]},{"@type":"ImageObject","inLanguage":"fi","@id":"https:\/\/lomahanko.info\/#primaryimage","url":"https:\/\/lomahanko.info\/wp-content\/uploads\/2020\/11\/Tyhja_transparent1.png","contentUrl":"https:\/\/lomahanko.info\/wp-content\/uploads\/2020\/11\/Tyhja_transparent1.png","width":687,"height":116},{"@type":"BreadcrumbList","@id":"https:\/\/lomahanko.info\/#breadcrumb","itemListElement":[{"@type":"ListItem","position":1,"name":"Etusivu","item":"https:\/\/lomahanko.info\/"},{"@type":"ListItem","position":2,"name":"Aktiviteetit","item":"https:\/\/lomahanko.info\/index.php\/aktiviteetit\/"},{"@type":"ListItem","position":3,"name":"HANKO"}]},{"@type":"WebSite","@id":"https:\/\/lomahanko.info\/#website","url":"https:\/\/lomahanko.info\/","name":"","description":"","publisher":{"@id":"https:\/\/lomahanko.info\/#organization"},"potentialAction":[{"@type":"SearchAction","target":{"@type":"EntryPoint","urlTemplate":"https:\/\/lomahanko.info\/?s={search_term_string}"},"query-input":{"@type":"PropertyValueSpecification","valueRequired":true,"valueName":"search_term_string"}}],"inLanguage":"fi"},{"@type":"Organization","@id":"https:\/\/lomahanko.info\/#organization","name":"Lomahanko","url":"https:\/\/lomahanko.info\/","logo":{"@type":"ImageObject","inLanguage":"fi","@id":"https:\/\/lomahanko.info\/#\/schema\/logo\/image\/","url":"https:\/\/lomahanko.info\/wp-content\/uploads\/2020\/10\/cropped-LOMAHANKO_APP_LOGO.png","contentUrl":"https:\/\/lomahanko.info\/wp-content\/uploads\/2020\/10\/cropped-LOMAHANKO_APP_LOGO.png","width":240,"height":44,"caption":"Lomahanko"},"image":{"@id":"https:\/\/lomahanko.info\/#\/schema\/logo\/image\/"},"sameAs":["https:\/\/www.facebook.com\/groups\/214625491910322"]}]}},"_links":{"self":[{"href":"https:\/\/lomahanko.info\/index.php\/wp-json\/wp\/v2\/pages\/2059","targetHints":{"allow":["GET"]}}],"collection":[{"href":"https:\/\/lomahanko.info\/index.php\/wp-json\/wp\/v2\/pages"}],"about":[{"href":"https:\/\/lomahanko.info\/index.php\/wp-json\/wp\/v2\/types\/page"}],"author":[{"embeddable":true,"href":"https:\/\/lomahanko.info\/index.php\/wp-json\/wp\/v2\/users\/1"}],"replies":[{"embeddable":true,"href":"https:\/\/lomahanko.info\/index.php\/wp-json\/wp\/v2\/comments?post=2059"}],"version-history":[{"count":8,"href":"https:\/\/lomahanko.info\/index.php\/wp-json\/wp\/v2\/pages\/2059\/revisions"}],"predecessor-version":[{"id":7504,"href":"https:\/\/lomahanko.info\/index.php\/wp-json\/wp\/v2\/pages\/2059\/revisions\/7504"}],"up":[{"embeddable":true,"href":"https:\/\/lomahanko.info\/index.php\/wp-json\/wp\/v2\/pages\/6272"}],"wp:attachment":[{"href":"https:\/\/lomahanko.info\/index.php\/wp-json\/wp\/v2\/media?parent=2059"}],"curies":[{"name":"wp","href":"https:\/\/api.w.org\/{rel}","templated":true}]}}