{"id":2080,"date":"2020-10-27T11:50:41","date_gmt":"2020-10-27T11:50:41","guid":{"rendered":"http:\/\/norpol-event.com\/?page_id=2080"},"modified":"2026-02-17T14:13:04","modified_gmt":"2026-02-17T12:13:04","slug":"hangon-uutiset","status":"publish","type":"page","link":"https:\/\/lomahanko.info\/index.php\/hangon-uutiset\/","title":{"rendered":"Hangon Uutiset"},"content":{"rendered":"\n<figure class=\"wp-block-image size-large is-resized\"><img loading=\"lazy\" decoding=\"async\" width=\"687\" height=\"35\" src=\"https:\/\/lomahanko.info\/wp-content\/uploads\/2020\/11\/cropped-Tyhja_transparent1.png\" alt=\"\" class=\"wp-image-6587\" style=\"width:840px;height:auto\" srcset=\"https:\/\/lomahanko.info\/wp-content\/uploads\/2020\/11\/cropped-Tyhja_transparent1.png 687w, https:\/\/lomahanko.info\/wp-content\/uploads\/2020\/11\/cropped-Tyhja_transparent1-300x15.png 300w\" sizes=\"auto, (max-width: 687px) 100vw, 687px\" \/><\/figure>\n\n\n\n<hr class=\"wp-block-separator has-css-opacity is-style-dots\"\/>\n\n\n\n<div class=\"wp-block-columns is-layout-flex wp-container-core-columns-is-layout-9d6595d7 wp-block-columns-is-layout-flex\">\n<div class=\"wp-block-column is-layout-flow wp-block-column-is-layout-flow\">\n<hr class=\"wp-block-separator has-alpha-channel-opacity\"\/>\n\n\n\n<figure class=\"wp-block-image size-full is-resized\"><img loading=\"lazy\" decoding=\"async\" width=\"986\" height=\"620\" src=\"https:\/\/lomahanko.info\/wp-content\/uploads\/2023\/11\/Sivu-_uutiset_lomahanko_info.png\" alt=\"\" class=\"wp-image-7601\" style=\"width:325px;height:auto\" srcset=\"https:\/\/lomahanko.info\/wp-content\/uploads\/2023\/11\/Sivu-_uutiset_lomahanko_info.png 986w, https:\/\/lomahanko.info\/wp-content\/uploads\/2023\/11\/Sivu-_uutiset_lomahanko_info-300x189.png 300w, https:\/\/lomahanko.info\/wp-content\/uploads\/2023\/11\/Sivu-_uutiset_lomahanko_info-768x483.png 768w\" sizes=\"auto, (max-width: 986px) 100vw, 986px\" \/><\/figure>\n\n\n\n<figure class=\"wp-block-image size-large is-resized\"><img loading=\"lazy\" decoding=\"async\" width=\"225\" height=\"225\" src=\"https:\/\/lomahanko.info\/wp-content\/uploads\/2020\/10\/EU_logo.png\" alt=\"\" class=\"wp-image-2156\" style=\"width:37px;height:auto\" srcset=\"https:\/\/lomahanko.info\/wp-content\/uploads\/2020\/10\/EU_logo.png 225w, https:\/\/lomahanko.info\/wp-content\/uploads\/2020\/10\/EU_logo-150x150.png 150w\" sizes=\"auto, (max-width: 225px) 100vw, 225px\" \/><\/figure>\n\n\n\n<h3 class=\"wp-block-heading has-white-color has-text-color\" id=\"etelan-uutiset-hanko\"><mark style=\"background-color:rgba(0, 0, 0, 0)\" class=\"has-inline-color has-white-color\">Etel\u00e4n Uutiset \/ Hanko<\/mark><\/h3>\n\n\n<ul class=\"has-dates has-authors wp-block-rss\"><li class='wp-block-rss__item'><div class='wp-block-rss__item-title'><a href='https:\/\/www.etelauusimaa.fi\/2026\/04\/27\/bk-46-vyoryi-voittoon-finaaliavauksen-maalijuhlassa\/'>BK-46 vy\u00f6ryi voittoon finaaliavauksen maalijuhlassa<\/a><\/div><time datetime=\"2026-04-27T14:49:52+03:00\" class=\"wp-block-rss__item-publish-date\">27 huhtikuun, 2026<\/time> <span class=\"wp-block-rss__item-author\">kirjoittanut EU<\/span><\/li><li class='wp-block-rss__item'><div class='wp-block-rss__item-title'><a href='https:\/\/www.etelauusimaa.fi\/2026\/04\/23\/suunnistajat-nostalgisissa-tunnelmissa-kevatrasteilla\/'>Suunnistajat nostalgisissa tunnelmissa kev\u00e4trasteilla<\/a><\/div><time datetime=\"2026-04-23T10:12:00+03:00\" class=\"wp-block-rss__item-publish-date\">23 huhtikuun, 2026<\/time> <span class=\"wp-block-rss__item-author\">kirjoittanut EU<\/span><\/li><li class='wp-block-rss__item'><div class='wp-block-rss__item-title'><a href='https:\/\/www.etelauusimaa.fi\/2026\/04\/22\/tulipalo-levisi-tontilla-maastopalovaroitukset-huomioitava\/'>Tulipalo levisi tontilla \u2013 maastopalovaroitukset huomioitava<\/a><\/div><time datetime=\"2026-04-22T12:05:07+03:00\" class=\"wp-block-rss__item-publish-date\">22 huhtikuun, 2026<\/time> <span class=\"wp-block-rss__item-author\">kirjoittanut EU<\/span><\/li><li class='wp-block-rss__item'><div class='wp-block-rss__item-title'><a href='https:\/\/www.etelauusimaa.fi\/2026\/04\/16\/liitokiekkoilijat-liikekannalla-lillmarsanin-radalla\/'>Liitokiekkoilijat liikekannalla Lillm\u00e4rsanin radalla<\/a><\/div><time datetime=\"2026-04-16T11:11:08+03:00\" class=\"wp-block-rss__item-publish-date\">16 huhtikuun, 2026<\/time> <span class=\"wp-block-rss__item-author\">kirjoittanut EU<\/span><\/li><li class='wp-block-rss__item'><div class='wp-block-rss__item-title'><a href='https:\/\/www.etelauusimaa.fi\/2026\/04\/15\/bk-46-odottaa-finaalipeleja-vesi-kielella\/'>BK-46 odottaa finaalipelej\u00e4 vesi kielell\u00e4<\/a><\/div><time datetime=\"2026-04-15T16:15:56+03:00\" class=\"wp-block-rss__item-publish-date\">15 huhtikuun, 2026<\/time> <span class=\"wp-block-rss__item-author\">kirjoittanut EU<\/span><\/li><\/ul>\n\n\n<hr class=\"wp-block-separator has-css-opacity\"\/>\n\n\n\n<h3 class=\"wp-block-heading\" id=\"yle-uusimaa-hanko\"><mark style=\"background-color:rgba(0, 0, 0, 0)\" class=\"has-inline-color has-white-color\">Yle Uusimaa Hanko<\/mark><\/h3>\n\n\n<ul class=\"has-dates has-authors wp-block-rss\"><li class='wp-block-rss__item'><div class='wp-block-rss__item-title'><a href='https:\/\/yle.fi\/a\/74-20221211?origin=rss'>Hankoon p\u00e4\u00e4see pian helpommin ilman autoa \u2013 kaupunki t\u00e4ht\u00e4\u00e4 enn\u00e4tysvuoteen matkailussa<\/a><\/div><time datetime=\"2026-04-21T10:18:34+03:00\" class=\"wp-block-rss__item-publish-date\">21 huhtikuun, 2026<\/time> <\/li><li class='wp-block-rss__item'><div class='wp-block-rss__item-title'><a href='https:\/\/yle.fi\/a\/74-20220492?origin=rss'>Junat alkavat kulkea p\u00e4ivitt\u00e4in Hangon ja Helsingin v\u00e4lill\u00e4<\/a><\/div><time datetime=\"2026-04-14T12:52:21+03:00\" class=\"wp-block-rss__item-publish-date\">14 huhtikuun, 2026<\/time> <\/li><li class='wp-block-rss__item'><div class='wp-block-rss__item-title'><a href='https:\/\/yle.fi\/a\/74-20214574?origin=rss'>Hangon Casino uhkaa m\u00e4d\u00e4nty\u00e4 pystyyn \u2013 miljoonaremontti ei houkuttele, valtuutettu ehdottaa rakennusta taiteen k\u00e4ytt\u00f6\u00f6n<\/a><\/div><time datetime=\"2026-03-16T12:07:50+02:00\" class=\"wp-block-rss__item-publish-date\">16 maaliskuun, 2026<\/time> <\/li><li class='wp-block-rss__item'><div class='wp-block-rss__item-title'><a href='https:\/\/yle.fi\/a\/74-20210552?origin=rss'>Pakettiauto vajosi j\u00e4ihin Hangossa \u2013 poliisi selvitt\u00e4\u00e4 nyt, oliko kyse rikoksesta<\/a><\/div><time datetime=\"2026-02-16T13:58:54+02:00\" class=\"wp-block-rss__item-publish-date\">16 helmikuun, 2026<\/time> <\/li><li class='wp-block-rss__item'><div class='wp-block-rss__item-title'><a href='https:\/\/yle.fi\/a\/74-20209624?origin=rss'>Loistouutinen liikenteest\u00e4: tasoristeyksiss\u00e4 rytisee nyt enn\u00e4tysv\u00e4h\u00e4n<\/a><\/div><time datetime=\"2026-02-16T08:34:51+02:00\" class=\"wp-block-rss__item-publish-date\">16 helmikuun, 2026<\/time> <\/li><\/ul><\/div>\n<\/div>\n\n\n\n<hr class=\"wp-block-separator has-alpha-channel-opacity\"\/>\n\n\n<div class=\"wp-block-image\">\n<figure class=\"aligncenter\"><img loading=\"lazy\" decoding=\"async\" width=\"589\" height=\"190\" src=\"https:\/\/lomahanko.info\/wp-content\/uploads\/2020\/11\/Transparent-silhuetti2.png\" alt=\"\" class=\"wp-image-6116\" srcset=\"https:\/\/lomahanko.info\/wp-content\/uploads\/2020\/11\/Transparent-silhuetti2.png 589w, https:\/\/lomahanko.info\/wp-content\/uploads\/2020\/11\/Transparent-silhuetti2-300x97.png 300w\" sizes=\"auto, (max-width: 589px) 100vw, 589px\" \/><\/figure>\n<\/div>\n\n\n<hr class=\"wp-block-separator has-alpha-channel-opacity is-style-dots\"\/>\n","protected":false},"excerpt":{"rendered":"<p>Etel\u00e4n Uutiset \/ Hanko Yle Uusimaa Hanko<\/p>\n","protected":false},"author":1,"featured_media":0,"parent":0,"menu_order":0,"comment_status":"closed","ping_status":"closed","template":"","meta":{"footnotes":""},"class_list":["post-2080","page","type-page","status-publish","hentry"],"yoast_head":"<!-- This site is optimized with the Yoast SEO plugin v27.2 - https:\/\/yoast.com\/product\/yoast-seo-wordpress\/ -->\n<title>Hangon Uutiset -<\/title>\n<meta name=\"robots\" content=\"index, follow, max-snippet:-1, max-image-preview:large, max-video-preview:-1\" \/>\n<link rel=\"canonical\" href=\"https:\/\/lomahanko.info\/index.php\/hangon-uutiset\/\" \/>\n<meta property=\"og:locale\" content=\"fi_FI\" \/>\n<meta property=\"og:type\" content=\"article\" \/>\n<meta property=\"og:title\" content=\"Hangon Uutiset -\" \/>\n<meta property=\"og:description\" content=\"Etel\u00e4n Uutiset \/ Hanko Yle Uusimaa Hanko\" \/>\n<meta property=\"og:url\" content=\"https:\/\/lomahanko.info\/index.php\/hangon-uutiset\/\" \/>\n<meta property=\"article:publisher\" content=\"https:\/\/www.facebook.com\/groups\/214625491910322\" \/>\n<meta property=\"article:modified_time\" content=\"2026-02-17T12:13:04+00:00\" \/>\n<meta property=\"og:image\" content=\"https:\/\/lomahanko.info\/wp-content\/uploads\/2020\/11\/cropped-Tyhja_transparent1.png\" \/>\n\t<meta property=\"og:image:width\" content=\"687\" \/>\n\t<meta property=\"og:image:height\" content=\"35\" \/>\n\t<meta property=\"og:image:type\" content=\"image\/png\" \/>\n<meta name=\"twitter:card\" content=\"summary_large_image\" \/>\n<meta name=\"twitter:label1\" content=\"Arvioitu lukuaika\" \/>\n\t<meta name=\"twitter:data1\" content=\"1 minuutti\" \/>\n<script type=\"application\/ld+json\" class=\"yoast-schema-graph\">{\"@context\":\"https:\/\/schema.org\",\"@graph\":[{\"@type\":\"WebPage\",\"@id\":\"https:\/\/lomahanko.info\/index.php\/hangon-uutiset\/\",\"url\":\"https:\/\/lomahanko.info\/index.php\/hangon-uutiset\/\",\"name\":\"Hangon Uutiset -\",\"isPartOf\":{\"@id\":\"https:\/\/lomahanko.info\/#website\"},\"primaryImageOfPage\":{\"@id\":\"https:\/\/lomahanko.info\/index.php\/hangon-uutiset\/#primaryimage\"},\"image\":{\"@id\":\"https:\/\/lomahanko.info\/index.php\/hangon-uutiset\/#primaryimage\"},\"thumbnailUrl\":\"https:\/\/lomahanko.info\/wp-content\/uploads\/2020\/11\/cropped-Tyhja_transparent1.png\",\"datePublished\":\"2020-10-27T11:50:41+00:00\",\"dateModified\":\"2026-02-17T12:13:04+00:00\",\"breadcrumb\":{\"@id\":\"https:\/\/lomahanko.info\/index.php\/hangon-uutiset\/#breadcrumb\"},\"inLanguage\":\"fi\",\"potentialAction\":[{\"@type\":\"ReadAction\",\"target\":[\"https:\/\/lomahanko.info\/index.php\/hangon-uutiset\/\"]}]},{\"@type\":\"ImageObject\",\"inLanguage\":\"fi\",\"@id\":\"https:\/\/lomahanko.info\/index.php\/hangon-uutiset\/#primaryimage\",\"url\":\"https:\/\/lomahanko.info\/wp-content\/uploads\/2020\/11\/cropped-Tyhja_transparent1.png\",\"contentUrl\":\"https:\/\/lomahanko.info\/wp-content\/uploads\/2020\/11\/cropped-Tyhja_transparent1.png\",\"width\":687,\"height\":35},{\"@type\":\"BreadcrumbList\",\"@id\":\"https:\/\/lomahanko.info\/index.php\/hangon-uutiset\/#breadcrumb\",\"itemListElement\":[{\"@type\":\"ListItem\",\"position\":1,\"name\":\"Etusivu\",\"item\":\"https:\/\/lomahanko.info\/\"},{\"@type\":\"ListItem\",\"position\":2,\"name\":\"Hangon Uutiset\"}]},{\"@type\":\"WebSite\",\"@id\":\"https:\/\/lomahanko.info\/#website\",\"url\":\"https:\/\/lomahanko.info\/\",\"name\":\"\",\"description\":\"\",\"publisher\":{\"@id\":\"https:\/\/lomahanko.info\/#organization\"},\"potentialAction\":[{\"@type\":\"SearchAction\",\"target\":{\"@type\":\"EntryPoint\",\"urlTemplate\":\"https:\/\/lomahanko.info\/?s={search_term_string}\"},\"query-input\":{\"@type\":\"PropertyValueSpecification\",\"valueRequired\":true,\"valueName\":\"search_term_string\"}}],\"inLanguage\":\"fi\"},{\"@type\":\"Organization\",\"@id\":\"https:\/\/lomahanko.info\/#organization\",\"name\":\"Lomahanko\",\"url\":\"https:\/\/lomahanko.info\/\",\"logo\":{\"@type\":\"ImageObject\",\"inLanguage\":\"fi\",\"@id\":\"https:\/\/lomahanko.info\/#\/schema\/logo\/image\/\",\"url\":\"https:\/\/lomahanko.info\/wp-content\/uploads\/2020\/10\/cropped-LOMAHANKO_APP_LOGO.png\",\"contentUrl\":\"https:\/\/lomahanko.info\/wp-content\/uploads\/2020\/10\/cropped-LOMAHANKO_APP_LOGO.png\",\"width\":240,\"height\":44,\"caption\":\"Lomahanko\"},\"image\":{\"@id\":\"https:\/\/lomahanko.info\/#\/schema\/logo\/image\/\"},\"sameAs\":[\"https:\/\/www.facebook.com\/groups\/214625491910322\"]}]}<\/script>\n<!-- \/ Yoast SEO plugin. -->","yoast_head_json":{"title":"Hangon Uutiset -","robots":{"index":"index","follow":"follow","max-snippet":"max-snippet:-1","max-image-preview":"max-image-preview:large","max-video-preview":"max-video-preview:-1"},"canonical":"https:\/\/lomahanko.info\/index.php\/hangon-uutiset\/","og_locale":"fi_FI","og_type":"article","og_title":"Hangon Uutiset -","og_description":"Etel\u00e4n Uutiset \/ Hanko Yle Uusimaa Hanko","og_url":"https:\/\/lomahanko.info\/index.php\/hangon-uutiset\/","article_publisher":"https:\/\/www.facebook.com\/groups\/214625491910322","article_modified_time":"2026-02-17T12:13:04+00:00","og_image":[{"width":687,"height":35,"url":"https:\/\/lomahanko.info\/wp-content\/uploads\/2020\/11\/cropped-Tyhja_transparent1.png","type":"image\/png"}],"twitter_card":"summary_large_image","twitter_misc":{"Arvioitu lukuaika":"1 minuutti"},"schema":{"@context":"https:\/\/schema.org","@graph":[{"@type":"WebPage","@id":"https:\/\/lomahanko.info\/index.php\/hangon-uutiset\/","url":"https:\/\/lomahanko.info\/index.php\/hangon-uutiset\/","name":"Hangon Uutiset -","isPartOf":{"@id":"https:\/\/lomahanko.info\/#website"},"primaryImageOfPage":{"@id":"https:\/\/lomahanko.info\/index.php\/hangon-uutiset\/#primaryimage"},"image":{"@id":"https:\/\/lomahanko.info\/index.php\/hangon-uutiset\/#primaryimage"},"thumbnailUrl":"https:\/\/lomahanko.info\/wp-content\/uploads\/2020\/11\/cropped-Tyhja_transparent1.png","datePublished":"2020-10-27T11:50:41+00:00","dateModified":"2026-02-17T12:13:04+00:00","breadcrumb":{"@id":"https:\/\/lomahanko.info\/index.php\/hangon-uutiset\/#breadcrumb"},"inLanguage":"fi","potentialAction":[{"@type":"ReadAction","target":["https:\/\/lomahanko.info\/index.php\/hangon-uutiset\/"]}]},{"@type":"ImageObject","inLanguage":"fi","@id":"https:\/\/lomahanko.info\/index.php\/hangon-uutiset\/#primaryimage","url":"https:\/\/lomahanko.info\/wp-content\/uploads\/2020\/11\/cropped-Tyhja_transparent1.png","contentUrl":"https:\/\/lomahanko.info\/wp-content\/uploads\/2020\/11\/cropped-Tyhja_transparent1.png","width":687,"height":35},{"@type":"BreadcrumbList","@id":"https:\/\/lomahanko.info\/index.php\/hangon-uutiset\/#breadcrumb","itemListElement":[{"@type":"ListItem","position":1,"name":"Etusivu","item":"https:\/\/lomahanko.info\/"},{"@type":"ListItem","position":2,"name":"Hangon Uutiset"}]},{"@type":"WebSite","@id":"https:\/\/lomahanko.info\/#website","url":"https:\/\/lomahanko.info\/","name":"","description":"","publisher":{"@id":"https:\/\/lomahanko.info\/#organization"},"potentialAction":[{"@type":"SearchAction","target":{"@type":"EntryPoint","urlTemplate":"https:\/\/lomahanko.info\/?s={search_term_string}"},"query-input":{"@type":"PropertyValueSpecification","valueRequired":true,"valueName":"search_term_string"}}],"inLanguage":"fi"},{"@type":"Organization","@id":"https:\/\/lomahanko.info\/#organization","name":"Lomahanko","url":"https:\/\/lomahanko.info\/","logo":{"@type":"ImageObject","inLanguage":"fi","@id":"https:\/\/lomahanko.info\/#\/schema\/logo\/image\/","url":"https:\/\/lomahanko.info\/wp-content\/uploads\/2020\/10\/cropped-LOMAHANKO_APP_LOGO.png","contentUrl":"https:\/\/lomahanko.info\/wp-content\/uploads\/2020\/10\/cropped-LOMAHANKO_APP_LOGO.png","width":240,"height":44,"caption":"Lomahanko"},"image":{"@id":"https:\/\/lomahanko.info\/#\/schema\/logo\/image\/"},"sameAs":["https:\/\/www.facebook.com\/groups\/214625491910322"]}]}},"_links":{"self":[{"href":"https:\/\/lomahanko.info\/index.php\/wp-json\/wp\/v2\/pages\/2080","targetHints":{"allow":["GET"]}}],"collection":[{"href":"https:\/\/lomahanko.info\/index.php\/wp-json\/wp\/v2\/pages"}],"about":[{"href":"https:\/\/lomahanko.info\/index.php\/wp-json\/wp\/v2\/types\/page"}],"author":[{"embeddable":true,"href":"https:\/\/lomahanko.info\/index.php\/wp-json\/wp\/v2\/users\/1"}],"replies":[{"embeddable":true,"href":"https:\/\/lomahanko.info\/index.php\/wp-json\/wp\/v2\/comments?post=2080"}],"version-history":[{"count":53,"href":"https:\/\/lomahanko.info\/index.php\/wp-json\/wp\/v2\/pages\/2080\/revisions"}],"predecessor-version":[{"id":7602,"href":"https:\/\/lomahanko.info\/index.php\/wp-json\/wp\/v2\/pages\/2080\/revisions\/7602"}],"wp:attachment":[{"href":"https:\/\/lomahanko.info\/index.php\/wp-json\/wp\/v2\/media?parent=2080"}],"curies":[{"name":"wp","href":"https:\/\/api.w.org\/{rel}","templated":true}]}}