{"id":2161,"date":"2020-10-28T08:03:19","date_gmt":"2020-10-28T08:03:19","guid":{"rendered":"http:\/\/norpol-event.com\/?page_id=2161"},"modified":"2023-11-24T16:06:09","modified_gmt":"2023-11-24T14:06:09","slug":"pub-bar","status":"publish","type":"page","link":"https:\/\/lomahanko.info\/index.php\/pub-bar\/","title":{"rendered":"Pub &#038; Bar"},"content":{"rendered":"\n<hr class=\"wp-block-separator has-css-opacity\"\/>\n\n\n\n<hr class=\"wp-block-separator has-css-opacity\"\/>\n\n\n\n<hr class=\"wp-block-separator has-css-opacity\"\/>\n\n\n\n<hr class=\"wp-block-separator has-css-opacity\"\/>\n\n\n<div class=\"wp-block-image\">\n<figure class=\"aligncenter size-full\"><img loading=\"lazy\" decoding=\"async\" width=\"136\" height=\"135\" src=\"https:\/\/lomahanko.info\/wp-content\/uploads\/2020\/11\/PUB_Icon1.png\" alt=\"\" class=\"wp-image-2735\"\/><\/figure>\n<\/div>\n\n<div class=\"wp-block-image\">\n<figure class=\"aligncenter size-full\"><img loading=\"lazy\" decoding=\"async\" width=\"200\" height=\"200\" src=\"https:\/\/lomahanko.info\/wp-content\/uploads\/2021\/12\/Noijen_logo_tehty_200x200.jpg\" alt=\"\" class=\"wp-image-7304\" srcset=\"https:\/\/lomahanko.info\/wp-content\/uploads\/2021\/12\/Noijen_logo_tehty_200x200.jpg 200w, https:\/\/lomahanko.info\/wp-content\/uploads\/2021\/12\/Noijen_logo_tehty_200x200-150x150.jpg 150w\" sizes=\"auto, (max-width: 200px) 100vw, 200px\" \/><\/figure>\n<\/div>\n\n\n<figure class=\"wp-block-table\"><table><tbody><tr><td><strong>N\u00f6jen Vin &amp; \u00d6l<\/strong><\/td><\/tr><tr><td><span class=\"has-inline-color has-white-color\">L\u00e4mmint\u00e4 fiilist\u00e4 , kylm\u00e4\u00e4 olutta ja kullekin sopivaa viini\u00e4. Pient\u00e4 purtavaa.<\/span><\/td><\/tr><tr><td><span class=\"has-inline-color has-white-color\">Olemme avoinna talvella: Ke-To 17-24, Pe 17-01, La 15-01, Su 15-22<\/span><\/td><\/tr><tr><td><a href=\"https:\/\/www.google.fi\/maps\/place\/N%C3%B6jen+Vin+%26+%C3%96l\/@59.8255724,22.9650592,17z\/data=!3m1!4b1!4m5!3m4!1s0x468ce35f7ad2a1cd:0xbfdc028717aa07d9!8m2!3d59.8255714!4d22.9672493\">Ratakatu 10, Hanko,<\/a> Finland, p. <a href=\"tel:050 3272249\">050 3272249<\/a><\/td><\/tr><tr><td><a href=\"mailto:nico@nojenhanko.fi\">nico@nojenhanko.fi<\/a><\/td><\/tr><tr><td><a href=\"https:\/\/nojenhanko.fi\/?fbclid=IwAR0pxNI1ucOoR0Ynh38LiDeVEB7OX-c2VBiSnLtGfyNucApimbExyzkKeSo\" rel=\"noreferrer noopener\" target=\"_blank\">nojenhanko.fi<\/a><\/td><\/tr><\/tbody><\/table><\/figure>\n\n\n\n<hr class=\"wp-block-separator has-css-opacity\"\/>\n\n\n<div class=\"wp-block-image\">\n<figure class=\"aligncenter size-large\"><a href=\"https:\/\/www.gronan.fi\/\"><img loading=\"lazy\" decoding=\"async\" width=\"228\" height=\"221\" src=\"https:\/\/lomahanko.info\/wp-content\/uploads\/2020\/10\/Gronan_logo.png\" alt=\"\" class=\"wp-image-2163\"\/><\/a><\/figure>\n<\/div>\n\n\n<figure class=\"wp-block-table is-style-regular\"><table><tbody><tr><td><strong>Pub Gr\u00f6nan<\/strong><\/td><\/tr><tr><td><span class=\"has-inline-color has-white-color\"><strong>Pub Gr\u00f6nan<\/strong>&nbsp;on yksi Hangon legendaarisista baareista, Bulevardin varrella. Satsaamme el\u00e4v\u00e4\u00e4n musiikkiin ja olemme avoinna joka p\u00e4iv\u00e4 ymp\u00e4ri vuoden<\/span><\/td><\/tr><tr><td><span class=\"has-inline-color has-white-color\"><a href=\"https:\/\/www.google.fi\/maps\/place\/Pub+Gr%C3%B6nan\/@59.8238175,22.9630758,17z\/data=!3m1!4b1!4m5!3m4!1s0x468ce25e23cf1775:0x99bebade31b862a8!8m2!3d59.8238175!4d22.9652645\" target=\"_blank\" rel=\"noreferrer noopener\">Bulevardi 17, 10900 Hanko<\/a><br>Avoinna: MA-TO 15-22:30 \/ PE-SU 10-22:30<\/span><\/td><\/tr><tr><td><span class=\"has-inline-color has-white-color\">puh. <a href=\"tel:+358192486505\">019 248 6505<\/a><br><a href=\"https:\/\/www.gronan.fi\/\">https:\/\/www.gronan.fi\/<\/a><\/span><\/td><\/tr><\/tbody><\/table><\/figure>\n\n\n\n<hr class=\"wp-block-separator has-css-opacity\"\/>\n\n\n<div class=\"wp-block-image\">\n<figure class=\"aligncenter size-large is-resized\"><img loading=\"lazy\" decoding=\"async\" width=\"1024\" height=\"1024\" src=\"https:\/\/lomahanko.info\/wp-content\/uploads\/2021\/11\/Hanko-Brewing-Company-Logo-1024x1024.jpg\" alt=\"\" class=\"wp-image-7267\" style=\"width:295px;height:295px\" srcset=\"https:\/\/lomahanko.info\/wp-content\/uploads\/2021\/11\/Hanko-Brewing-Company-Logo-1024x1024.jpg 1024w, https:\/\/lomahanko.info\/wp-content\/uploads\/2021\/11\/Hanko-Brewing-Company-Logo-300x300.jpg 300w, https:\/\/lomahanko.info\/wp-content\/uploads\/2021\/11\/Hanko-Brewing-Company-Logo-150x150.jpg 150w, https:\/\/lomahanko.info\/wp-content\/uploads\/2021\/11\/Hanko-Brewing-Company-Logo-768x768.jpg 768w, https:\/\/lomahanko.info\/wp-content\/uploads\/2021\/11\/Hanko-Brewing-Company-Logo.jpg 1324w\" sizes=\"auto, (max-width: 1024px) 100vw, 1024px\" \/><\/figure>\n<\/div>\n\n\n<figure class=\"wp-block-table\"><table><tbody><tr><td><strong><span class=\"has-inline-color has-white-color\">Hanko Brewing Company<\/span><\/strong><\/td><\/tr><tr><td><span class=\"has-inline-color has-white-color\">Pienpanimo ja baari aivan Hangon It\u00e4sataman ytimess\u00e4.<br>Sm\u00e5bryggeri och bar i mitten av \u00d6stra hamnen i Hang\u00f6.<\/span><\/td><\/tr><tr><td><a href=\"https:\/\/www.google.com\/maps\/dir\/?api=1&amp;destination=59.821458498292%2C22.962825582092&amp;fbclid=IwAR1CGxpRv48kimfKJmd6U7FklXWfUZmcNVX_uXqaE47HmbNLNENfQd6v75s\" rel=\"noreferrer noopener\" target=\"_blank\">Satamakatu 11 10900 Hanko<\/a><\/td><\/tr><tr><td><span class=\"has-inline-color has-white-color\">p<\/span>. <a href=\"http:\/\/Tel 044 2590858\">+358 (0)44 2590858<\/a><br><a href=\"https:\/\/www.facebook.com\/hankobrewingcompany\" target=\"_blank\" rel=\"noreferrer noopener\">Facebook<\/a><\/td><\/tr><\/tbody><\/table><\/figure>\n\n\n\n<hr class=\"wp-block-separator has-css-opacity\"\/>\n\n\n<div class=\"wp-block-image\">\n<figure class=\"aligncenter size-large is-resized\"><img loading=\"lazy\" decoding=\"async\" width=\"601\" height=\"225\" src=\"https:\/\/lomahanko.info\/wp-content\/uploads\/2020\/11\/image-3.png\" alt=\"\" class=\"wp-image-2471\" style=\"width:363px;height:136px\" srcset=\"https:\/\/lomahanko.info\/wp-content\/uploads\/2020\/11\/image-3.png 601w, https:\/\/lomahanko.info\/wp-content\/uploads\/2020\/11\/image-3-300x112.png 300w\" sizes=\"auto, (max-width: 601px) 100vw, 601px\" \/><\/figure>\n<\/div>\n\n\n<figure class=\"wp-block-table is-style-regular\"><table><tbody><tr><td><strong><span class=\"has-inline-color has-white-color\">Pub Maret<\/span><\/strong><\/td><\/tr><tr><td><span class=\"has-inline-color has-white-color\">AVOINNA MY\u00d6S TALVISIN, Ti-Su 16:00 \u2013 22:30<\/span><\/td><\/tr><tr><td><\/td><\/tr><tr><td><span class=\"has-inline-color has-white-color\"><strong>N\u00c4IN L\u00d6YD\u00c4T MEID\u00c4T:<\/strong><br><a href=\"https:\/\/www.google.fi\/maps\/place\/Restaurant+Maret\/@59.8247018,22.9637471,17z\/data=!3m1!4b1!4m5!3m4!1s0x468ce25e29599b33:0xa3f2301ea7cf76d!8m2!3d59.8247018!4d22.9659359\" target=\"_blank\" rel=\"noreferrer noopener\">Pub Maret, Oikokatu 8, 10900 Hanko<\/a><br>p. <a href=\"tel:+358405771477\">040 5771477<\/a><\/span><\/td><\/tr><\/tbody><\/table><\/figure>\n\n\n\n<hr class=\"wp-block-separator has-css-opacity\"\/>\n\n\n<div class=\"wp-block-image\">\n<figure class=\"aligncenter size-large\"><img loading=\"lazy\" decoding=\"async\" width=\"589\" height=\"190\" src=\"https:\/\/lomahanko.info\/wp-content\/uploads\/2020\/11\/Transparent-silhuetti2.png\" alt=\"\" class=\"wp-image-6116\" srcset=\"https:\/\/lomahanko.info\/wp-content\/uploads\/2020\/11\/Transparent-silhuetti2.png 589w, https:\/\/lomahanko.info\/wp-content\/uploads\/2020\/11\/Transparent-silhuetti2-300x97.png 300w\" sizes=\"auto, (max-width: 589px) 100vw, 589px\" \/><\/figure>\n<\/div>\n\n\n<hr class=\"wp-block-separator has-css-opacity\"\/>\n","protected":false},"excerpt":{"rendered":"<p>N\u00f6jen Vin &amp; \u00d6l L\u00e4mmint\u00e4 fiilist\u00e4 , kylm\u00e4\u00e4 olutta ja kullekin sopivaa viini\u00e4. Pient\u00e4 purtavaa. Olemme avoinna talvella: Ke-To 17-24, Pe 17-01, La 15-01, Su 15-22 Ratakatu 10, Hanko, Finland, p. 050 3272249 nico@nojenhanko.fi nojenhanko.fi Pub Gr\u00f6nan Pub Gr\u00f6nan&nbsp;on yksi Hangon legendaarisista baareista, Bulevardin varrella. Satsaamme el\u00e4v\u00e4\u00e4n musiikkiin ja olemme avoinna joka p\u00e4iv\u00e4 ymp\u00e4ri vuoden [&hellip;]<\/p>\n","protected":false},"author":1,"featured_media":0,"parent":0,"menu_order":0,"comment_status":"closed","ping_status":"closed","template":"","meta":{"footnotes":""},"class_list":["post-2161","page","type-page","status-publish","hentry"],"yoast_head":"<!-- This site is optimized with the Yoast SEO plugin v27.2 - https:\/\/yoast.com\/product\/yoast-seo-wordpress\/ -->\n<title>Pub &amp; Bar -<\/title>\n<meta name=\"robots\" content=\"index, follow, max-snippet:-1, max-image-preview:large, max-video-preview:-1\" \/>\n<link rel=\"canonical\" href=\"https:\/\/lomahanko.info\/index.php\/pub-bar\/\" \/>\n<meta property=\"og:locale\" content=\"fi_FI\" \/>\n<meta property=\"og:type\" content=\"article\" \/>\n<meta property=\"og:title\" content=\"Pub &amp; Bar -\" \/>\n<meta property=\"og:description\" content=\"N\u00f6jen Vin &amp; \u00d6l L\u00e4mmint\u00e4 fiilist\u00e4 , kylm\u00e4\u00e4 olutta ja kullekin sopivaa viini\u00e4. Pient\u00e4 purtavaa. Olemme avoinna talvella: Ke-To 17-24, Pe 17-01, La 15-01, Su 15-22 Ratakatu 10, Hanko, Finland, p. 050 3272249 nico@nojenhanko.fi nojenhanko.fi Pub Gr\u00f6nan Pub Gr\u00f6nan&nbsp;on yksi Hangon legendaarisista baareista, Bulevardin varrella. Satsaamme el\u00e4v\u00e4\u00e4n musiikkiin ja olemme avoinna joka p\u00e4iv\u00e4 ymp\u00e4ri vuoden [&hellip;]\" \/>\n<meta property=\"og:url\" content=\"https:\/\/lomahanko.info\/index.php\/pub-bar\/\" \/>\n<meta property=\"article:publisher\" content=\"https:\/\/www.facebook.com\/groups\/214625491910322\" \/>\n<meta property=\"article:modified_time\" content=\"2023-11-24T14:06:09+00:00\" \/>\n<meta property=\"og:image\" content=\"https:\/\/lomahanko.info\/wp-content\/uploads\/2020\/11\/PUB_Icon1.png\" \/>\n<meta name=\"twitter:card\" content=\"summary_large_image\" \/>\n<meta name=\"twitter:label1\" content=\"Arvioitu lukuaika\" \/>\n\t<meta name=\"twitter:data1\" content=\"2 minuuttia\" \/>\n<script type=\"application\/ld+json\" class=\"yoast-schema-graph\">{\"@context\":\"https:\/\/schema.org\",\"@graph\":[{\"@type\":\"WebPage\",\"@id\":\"https:\/\/lomahanko.info\/index.php\/pub-bar\/\",\"url\":\"https:\/\/lomahanko.info\/index.php\/pub-bar\/\",\"name\":\"Pub & Bar -\",\"isPartOf\":{\"@id\":\"https:\/\/lomahanko.info\/#website\"},\"primaryImageOfPage\":{\"@id\":\"https:\/\/lomahanko.info\/index.php\/pub-bar\/#primaryimage\"},\"image\":{\"@id\":\"https:\/\/lomahanko.info\/index.php\/pub-bar\/#primaryimage\"},\"thumbnailUrl\":\"https:\/\/lomahanko.info\/wp-content\/uploads\/2020\/11\/PUB_Icon1.png\",\"datePublished\":\"2020-10-28T08:03:19+00:00\",\"dateModified\":\"2023-11-24T14:06:09+00:00\",\"breadcrumb\":{\"@id\":\"https:\/\/lomahanko.info\/index.php\/pub-bar\/#breadcrumb\"},\"inLanguage\":\"fi\",\"potentialAction\":[{\"@type\":\"ReadAction\",\"target\":[\"https:\/\/lomahanko.info\/index.php\/pub-bar\/\"]}]},{\"@type\":\"ImageObject\",\"inLanguage\":\"fi\",\"@id\":\"https:\/\/lomahanko.info\/index.php\/pub-bar\/#primaryimage\",\"url\":\"https:\/\/lomahanko.info\/wp-content\/uploads\/2020\/11\/PUB_Icon1.png\",\"contentUrl\":\"https:\/\/lomahanko.info\/wp-content\/uploads\/2020\/11\/PUB_Icon1.png\",\"width\":136,\"height\":135},{\"@type\":\"BreadcrumbList\",\"@id\":\"https:\/\/lomahanko.info\/index.php\/pub-bar\/#breadcrumb\",\"itemListElement\":[{\"@type\":\"ListItem\",\"position\":1,\"name\":\"Etusivu\",\"item\":\"https:\/\/lomahanko.info\/\"},{\"@type\":\"ListItem\",\"position\":2,\"name\":\"Pub &#038; Bar\"}]},{\"@type\":\"WebSite\",\"@id\":\"https:\/\/lomahanko.info\/#website\",\"url\":\"https:\/\/lomahanko.info\/\",\"name\":\"\",\"description\":\"\",\"publisher\":{\"@id\":\"https:\/\/lomahanko.info\/#organization\"},\"potentialAction\":[{\"@type\":\"SearchAction\",\"target\":{\"@type\":\"EntryPoint\",\"urlTemplate\":\"https:\/\/lomahanko.info\/?s={search_term_string}\"},\"query-input\":{\"@type\":\"PropertyValueSpecification\",\"valueRequired\":true,\"valueName\":\"search_term_string\"}}],\"inLanguage\":\"fi\"},{\"@type\":\"Organization\",\"@id\":\"https:\/\/lomahanko.info\/#organization\",\"name\":\"Lomahanko\",\"url\":\"https:\/\/lomahanko.info\/\",\"logo\":{\"@type\":\"ImageObject\",\"inLanguage\":\"fi\",\"@id\":\"https:\/\/lomahanko.info\/#\/schema\/logo\/image\/\",\"url\":\"https:\/\/lomahanko.info\/wp-content\/uploads\/2020\/10\/cropped-LOMAHANKO_APP_LOGO.png\",\"contentUrl\":\"https:\/\/lomahanko.info\/wp-content\/uploads\/2020\/10\/cropped-LOMAHANKO_APP_LOGO.png\",\"width\":240,\"height\":44,\"caption\":\"Lomahanko\"},\"image\":{\"@id\":\"https:\/\/lomahanko.info\/#\/schema\/logo\/image\/\"},\"sameAs\":[\"https:\/\/www.facebook.com\/groups\/214625491910322\"]}]}<\/script>\n<!-- \/ Yoast SEO plugin. -->","yoast_head_json":{"title":"Pub & Bar -","robots":{"index":"index","follow":"follow","max-snippet":"max-snippet:-1","max-image-preview":"max-image-preview:large","max-video-preview":"max-video-preview:-1"},"canonical":"https:\/\/lomahanko.info\/index.php\/pub-bar\/","og_locale":"fi_FI","og_type":"article","og_title":"Pub & Bar -","og_description":"N\u00f6jen Vin &amp; \u00d6l L\u00e4mmint\u00e4 fiilist\u00e4 , kylm\u00e4\u00e4 olutta ja kullekin sopivaa viini\u00e4. Pient\u00e4 purtavaa. Olemme avoinna talvella: Ke-To 17-24, Pe 17-01, La 15-01, Su 15-22 Ratakatu 10, Hanko, Finland, p. 050 3272249 nico@nojenhanko.fi nojenhanko.fi Pub Gr\u00f6nan Pub Gr\u00f6nan&nbsp;on yksi Hangon legendaarisista baareista, Bulevardin varrella. Satsaamme el\u00e4v\u00e4\u00e4n musiikkiin ja olemme avoinna joka p\u00e4iv\u00e4 ymp\u00e4ri vuoden [&hellip;]","og_url":"https:\/\/lomahanko.info\/index.php\/pub-bar\/","article_publisher":"https:\/\/www.facebook.com\/groups\/214625491910322","article_modified_time":"2023-11-24T14:06:09+00:00","og_image":[{"url":"https:\/\/lomahanko.info\/wp-content\/uploads\/2020\/11\/PUB_Icon1.png","type":"","width":"","height":""}],"twitter_card":"summary_large_image","twitter_misc":{"Arvioitu lukuaika":"2 minuuttia"},"schema":{"@context":"https:\/\/schema.org","@graph":[{"@type":"WebPage","@id":"https:\/\/lomahanko.info\/index.php\/pub-bar\/","url":"https:\/\/lomahanko.info\/index.php\/pub-bar\/","name":"Pub & Bar -","isPartOf":{"@id":"https:\/\/lomahanko.info\/#website"},"primaryImageOfPage":{"@id":"https:\/\/lomahanko.info\/index.php\/pub-bar\/#primaryimage"},"image":{"@id":"https:\/\/lomahanko.info\/index.php\/pub-bar\/#primaryimage"},"thumbnailUrl":"https:\/\/lomahanko.info\/wp-content\/uploads\/2020\/11\/PUB_Icon1.png","datePublished":"2020-10-28T08:03:19+00:00","dateModified":"2023-11-24T14:06:09+00:00","breadcrumb":{"@id":"https:\/\/lomahanko.info\/index.php\/pub-bar\/#breadcrumb"},"inLanguage":"fi","potentialAction":[{"@type":"ReadAction","target":["https:\/\/lomahanko.info\/index.php\/pub-bar\/"]}]},{"@type":"ImageObject","inLanguage":"fi","@id":"https:\/\/lomahanko.info\/index.php\/pub-bar\/#primaryimage","url":"https:\/\/lomahanko.info\/wp-content\/uploads\/2020\/11\/PUB_Icon1.png","contentUrl":"https:\/\/lomahanko.info\/wp-content\/uploads\/2020\/11\/PUB_Icon1.png","width":136,"height":135},{"@type":"BreadcrumbList","@id":"https:\/\/lomahanko.info\/index.php\/pub-bar\/#breadcrumb","itemListElement":[{"@type":"ListItem","position":1,"name":"Etusivu","item":"https:\/\/lomahanko.info\/"},{"@type":"ListItem","position":2,"name":"Pub &#038; Bar"}]},{"@type":"WebSite","@id":"https:\/\/lomahanko.info\/#website","url":"https:\/\/lomahanko.info\/","name":"","description":"","publisher":{"@id":"https:\/\/lomahanko.info\/#organization"},"potentialAction":[{"@type":"SearchAction","target":{"@type":"EntryPoint","urlTemplate":"https:\/\/lomahanko.info\/?s={search_term_string}"},"query-input":{"@type":"PropertyValueSpecification","valueRequired":true,"valueName":"search_term_string"}}],"inLanguage":"fi"},{"@type":"Organization","@id":"https:\/\/lomahanko.info\/#organization","name":"Lomahanko","url":"https:\/\/lomahanko.info\/","logo":{"@type":"ImageObject","inLanguage":"fi","@id":"https:\/\/lomahanko.info\/#\/schema\/logo\/image\/","url":"https:\/\/lomahanko.info\/wp-content\/uploads\/2020\/10\/cropped-LOMAHANKO_APP_LOGO.png","contentUrl":"https:\/\/lomahanko.info\/wp-content\/uploads\/2020\/10\/cropped-LOMAHANKO_APP_LOGO.png","width":240,"height":44,"caption":"Lomahanko"},"image":{"@id":"https:\/\/lomahanko.info\/#\/schema\/logo\/image\/"},"sameAs":["https:\/\/www.facebook.com\/groups\/214625491910322"]}]}},"_links":{"self":[{"href":"https:\/\/lomahanko.info\/index.php\/wp-json\/wp\/v2\/pages\/2161","targetHints":{"allow":["GET"]}}],"collection":[{"href":"https:\/\/lomahanko.info\/index.php\/wp-json\/wp\/v2\/pages"}],"about":[{"href":"https:\/\/lomahanko.info\/index.php\/wp-json\/wp\/v2\/types\/page"}],"author":[{"embeddable":true,"href":"https:\/\/lomahanko.info\/index.php\/wp-json\/wp\/v2\/users\/1"}],"replies":[{"embeddable":true,"href":"https:\/\/lomahanko.info\/index.php\/wp-json\/wp\/v2\/comments?post=2161"}],"version-history":[{"count":13,"href":"https:\/\/lomahanko.info\/index.php\/wp-json\/wp\/v2\/pages\/2161\/revisions"}],"predecessor-version":[{"id":7492,"href":"https:\/\/lomahanko.info\/index.php\/wp-json\/wp\/v2\/pages\/2161\/revisions\/7492"}],"wp:attachment":[{"href":"https:\/\/lomahanko.info\/index.php\/wp-json\/wp\/v2\/media?parent=2161"}],"curies":[{"name":"wp","href":"https:\/\/api.w.org\/{rel}","templated":true}]}}