{"id":2172,"date":"2020-10-28T08:31:02","date_gmt":"2020-10-28T08:31:02","guid":{"rendered":"http:\/\/norpol-event.com\/?page_id=2172"},"modified":"2024-09-18T15:03:46","modified_gmt":"2024-09-18T12:03:46","slug":"hotellit","status":"publish","type":"page","link":"https:\/\/lomahanko.info\/index.php\/hotellit\/","title":{"rendered":"Hotellit"},"content":{"rendered":"\n<figure class=\"wp-block-image size-large is-resized\"><img loading=\"lazy\" decoding=\"async\" width=\"740\" height=\"128\" src=\"https:\/\/lomahanko.info\/wp-content\/uploads\/2020\/11\/Tyhja_transparent-1.png\" alt=\"\" class=\"wp-image-2701\" style=\"width:1127px;height:195px\" srcset=\"https:\/\/lomahanko.info\/wp-content\/uploads\/2020\/11\/Tyhja_transparent-1.png 740w, https:\/\/lomahanko.info\/wp-content\/uploads\/2020\/11\/Tyhja_transparent-1-300x52.png 300w\" sizes=\"auto, (max-width: 740px) 100vw, 740px\" \/><\/figure>\n\n\n\n<hr class=\"wp-block-separator has-css-opacity\"\/>\n\n\n<div class=\"wp-block-image is-resized\">\n<figure class=\"aligncenter size-large\"><a href=\"https:\/\/www.hotelregatta.fi\/hotelli\/\" target=\"_blank\" rel=\"noopener noreferrer\"><img loading=\"lazy\" decoding=\"async\" width=\"957\" height=\"213\" src=\"https:\/\/lomahanko.info\/wp-content\/uploads\/2020\/11\/RegattaSPA_LogoWhite.png\" alt=\"\" class=\"wp-image-2679\" style=\"width:380px;height:auto\" srcset=\"https:\/\/lomahanko.info\/wp-content\/uploads\/2020\/11\/RegattaSPA_LogoWhite.png 957w, https:\/\/lomahanko.info\/wp-content\/uploads\/2020\/11\/RegattaSPA_LogoWhite-300x67.png 300w, https:\/\/lomahanko.info\/wp-content\/uploads\/2020\/11\/RegattaSPA_LogoWhite-768x171.png 768w\" sizes=\"auto, (max-width: 957px) 100vw, 957px\" \/><\/a><\/figure>\n<\/div>\n\n\n<figure class=\"wp-block-table is-style-regular\"><table><tbody><tr><td><strong><span class=\"has-inline-color has-white-color\">REGATTA SPA HOTEL<\/span><\/strong><\/td><\/tr><tr><td><span class=\"has-inline-color has-white-color\"><strong>HERE\u2019S TO THE GOOD LIFE<\/strong><br><strong>Regatta SPA Hotelin tyylikk\u00e4\u00e4t huoneet ja ainutlaatuiset sviitit, korkeatasoiset ravintolat sek\u00e4 ylellinen Regatta SPA -kylpyl\u00e4 kutsuvat sinut kohottamaan maljan el\u00e4m\u00e4lle Hangon paraatipaikalla, meren \u00e4\u00e4rell\u00e4. Rakkaudella entis\u00f6idyss\u00e4, arkkitehti Lars Sonckin suunnittelemassa jugend-hotellissa ja elegantissa SPAssa kohtaavat vanha ja uusi Hanko.<\/strong><\/span><\/td><\/tr><tr><td><strong><span class=\"has-inline-color has-white-color\"><a href=\"https:\/\/www.google.fi\/maps\/place\/Torikatu+2,+10900+Hanko\/@59.8219244,22.9672365,17z\/data=!3m1!4b1!4m5!3m4!1s0x468ce260d7a8d129:0xc3f6e1b407e734a9!8m2!3d59.8219217!4d22.9694252\" target=\"_blank\" rel=\"noreferrer noopener\">Torikatu 2, 10900 Hanko<\/a><\/span><\/strong><\/td><\/tr><tr><td><span class=\"has-inline-color has-white-color\">p. <strong>&nbsp;<a href=\"tel:+358192486491\">+358 19 248 6491<\/a><\/strong><br><a href=\"mailto:info@hotelregatta.fi\"><strong>info@hotelregatta.fi<\/strong><\/a><\/span><\/td><\/tr><\/tbody><\/table><\/figure>\n\n\n\n<div class=\"wp-block-buttons is-layout-flex wp-block-buttons-is-layout-flex\">\n<div class=\"wp-block-button\"><a class=\"wp-block-button__link wp-element-button\" href=\"https:\/\/www.hotelregatta.fi\/hotelli\/\" target=\"_blank\" rel=\"noreferrer noopener\">Regatta SPA hotel <br>kotisivut<\/a><\/div>\n\n\n\n<div class=\"wp-block-button\"><a class=\"wp-block-button__link wp-element-button\" href=\"https:\/\/online.bookvisit.com\/accommodation\/list?channelId=b219ed22-df69-443d-b228-e9b6db565117\" target=\"_blank\" rel=\"noreferrer noopener\">Varaa huone t\u00e4st\u00e4<\/a><\/div>\n<\/div>\n\n\n\n<hr class=\"wp-block-separator has-css-opacity\"\/>\n\n\n<div class=\"wp-block-image\">\n<figure class=\"aligncenter size-full\"><img loading=\"lazy\" decoding=\"async\" width=\"231\" height=\"60\" src=\"https:\/\/lomahanko.info\/wp-content\/uploads\/2022\/05\/NimetonSjomansro_logo.png\" alt=\"\" class=\"wp-image-7415\"\/><\/figure>\n<\/div>\n\n\n<figure class=\"wp-block-table is-style-regular\"><table class=\"has-white-color has-text-color\"><tbody><tr><td>Rantahotelli Sj\u00f6mansro<\/td><\/tr><tr><td><span class=\"has-inline-color has-white-color\">Sj\u00f6mansron uusitut majoitus- ja kokoustilat sopivat monien eri tapahtumien pitopaikaksi, sek\u00e4 organisaatioille ett\u00e4 yksityisille. Sj\u00f6mansro toimii itsepalveluperiaatteella, asiakkaat hoitavat oleskelunsa aikana kaiken itse, my\u00f6s siivouksen. Toiminta on ymp\u00e4rivuotista. Sj\u00f6mansro sijaitsee meren \u00e4\u00e4rell\u00e4, luonnonkauniissa Lappohjan kyl\u00e4ss\u00e4, Hangon ja Tammisaaren puolessa v\u00e4liss\u00e4. Kahden hengen huoneita, joissa on keitti\u00f6, wc ja suihku. Wifi. Ruokatarjoilu ryhmille.<\/span><\/td><\/tr><tr><td><span class=\"has-inline-color has-white-color\"><a href=\"https:\/\/www.google.fi\/maps\/place\/Satamatie+38,+10820+Hanko\/@59.8995969,23.2517908,17z\/data=!3m1!4b1!4m5!3m4!1s0x468d03f372de1d33:0xd84f3ba203798667!8m2!3d59.8995969!4d23.2539795\" target=\"_blank\" rel=\"noreferrer noopener\">Satamatie 38-40, 10820 Lappohja<\/a><\/span><\/td><\/tr><tr><td><a href=\"mailto:hotelsjomansro@gmail.com\">hotelsjomansro@gmail.com<\/a><\/td><\/tr><\/tbody><\/table><\/figure>\n\n\n\n<div class=\"wp-block-buttons is-layout-flex wp-block-buttons-is-layout-flex\">\n<div class=\"wp-block-button\"><a class=\"wp-block-button__link wp-element-button\" href=\"https:\/\/www.sjomansro.com\/\">Hotel Sj\u00f6mansro <br>kotisivut<\/a><\/div>\n\n\n\n<div class=\"wp-block-button\"><a class=\"wp-block-button__link wp-element-button\" href=\"https:\/\/www.sjomansro.com\/book-a-room\">Varaa huone t\u00e4st\u00e4<\/a><\/div>\n<\/div>\n\n\n\n<hr class=\"wp-block-separator has-css-opacity\"\/>\n\n\n<div class=\"wp-block-image\">\n<figure class=\"aligncenter size-large\"><img loading=\"lazy\" decoding=\"async\" width=\"589\" height=\"190\" src=\"https:\/\/lomahanko.info\/wp-content\/uploads\/2020\/11\/Transparent-silhuetti2.png\" alt=\"\" class=\"wp-image-6116\" srcset=\"https:\/\/lomahanko.info\/wp-content\/uploads\/2020\/11\/Transparent-silhuetti2.png 589w, https:\/\/lomahanko.info\/wp-content\/uploads\/2020\/11\/Transparent-silhuetti2-300x97.png 300w\" sizes=\"auto, (max-width: 589px) 100vw, 589px\" \/><\/figure>\n<\/div>\n\n\n<hr class=\"wp-block-separator has-css-opacity\"\/>\n\n\n\n<p><\/p>\n","protected":false},"excerpt":{"rendered":"<p>REGATTA SPA HOTEL HERE\u2019S TO THE GOOD LIFERegatta SPA Hotelin tyylikk\u00e4\u00e4t huoneet ja ainutlaatuiset sviitit, korkeatasoiset ravintolat sek\u00e4 ylellinen Regatta SPA -kylpyl\u00e4 kutsuvat sinut kohottamaan maljan el\u00e4m\u00e4lle Hangon paraatipaikalla, meren \u00e4\u00e4rell\u00e4. Rakkaudella entis\u00f6idyss\u00e4, arkkitehti Lars Sonckin suunnittelemassa jugend-hotellissa ja elegantissa SPAssa kohtaavat vanha ja uusi Hanko. Torikatu 2, 10900 Hanko p. &nbsp;+358 19 248 6491info@hotelregatta.fi [&hellip;]<\/p>\n","protected":false},"author":1,"featured_media":0,"parent":0,"menu_order":0,"comment_status":"closed","ping_status":"closed","template":"","meta":{"footnotes":""},"class_list":["post-2172","page","type-page","status-publish","hentry"],"yoast_head":"<!-- This site is optimized with the Yoast SEO plugin v27.2 - https:\/\/yoast.com\/product\/yoast-seo-wordpress\/ -->\n<title>Hotellit -<\/title>\n<meta name=\"robots\" content=\"index, follow, max-snippet:-1, max-image-preview:large, max-video-preview:-1\" \/>\n<link rel=\"canonical\" href=\"https:\/\/lomahanko.info\/index.php\/hotellit\/\" \/>\n<meta property=\"og:locale\" content=\"fi_FI\" \/>\n<meta property=\"og:type\" content=\"article\" \/>\n<meta property=\"og:title\" content=\"Hotellit -\" \/>\n<meta property=\"og:description\" content=\"REGATTA SPA HOTEL HERE\u2019S TO THE GOOD LIFERegatta SPA Hotelin tyylikk\u00e4\u00e4t huoneet ja ainutlaatuiset sviitit, korkeatasoiset ravintolat sek\u00e4 ylellinen Regatta SPA -kylpyl\u00e4 kutsuvat sinut kohottamaan maljan el\u00e4m\u00e4lle Hangon paraatipaikalla, meren \u00e4\u00e4rell\u00e4. Rakkaudella entis\u00f6idyss\u00e4, arkkitehti Lars Sonckin suunnittelemassa jugend-hotellissa ja elegantissa SPAssa kohtaavat vanha ja uusi Hanko. Torikatu 2, 10900 Hanko p. &nbsp;+358 19 248 6491info@hotelregatta.fi [&hellip;]\" \/>\n<meta property=\"og:url\" content=\"https:\/\/lomahanko.info\/index.php\/hotellit\/\" \/>\n<meta property=\"article:publisher\" content=\"https:\/\/www.facebook.com\/groups\/214625491910322\" \/>\n<meta property=\"article:modified_time\" content=\"2024-09-18T12:03:46+00:00\" \/>\n<meta property=\"og:image\" content=\"https:\/\/lomahanko.info\/wp-content\/uploads\/2020\/11\/Tyhja_transparent-1.png\" \/>\n<meta name=\"twitter:card\" content=\"summary_large_image\" \/>\n<meta name=\"twitter:label1\" content=\"Arvioitu lukuaika\" \/>\n\t<meta name=\"twitter:data1\" content=\"2 minuuttia\" \/>\n<script type=\"application\/ld+json\" class=\"yoast-schema-graph\">{\"@context\":\"https:\/\/schema.org\",\"@graph\":[{\"@type\":\"WebPage\",\"@id\":\"https:\/\/lomahanko.info\/index.php\/hotellit\/\",\"url\":\"https:\/\/lomahanko.info\/index.php\/hotellit\/\",\"name\":\"Hotellit -\",\"isPartOf\":{\"@id\":\"https:\/\/lomahanko.info\/#website\"},\"primaryImageOfPage\":{\"@id\":\"https:\/\/lomahanko.info\/index.php\/hotellit\/#primaryimage\"},\"image\":{\"@id\":\"https:\/\/lomahanko.info\/index.php\/hotellit\/#primaryimage\"},\"thumbnailUrl\":\"https:\/\/lomahanko.info\/wp-content\/uploads\/2020\/11\/Tyhja_transparent-1.png\",\"datePublished\":\"2020-10-28T08:31:02+00:00\",\"dateModified\":\"2024-09-18T12:03:46+00:00\",\"breadcrumb\":{\"@id\":\"https:\/\/lomahanko.info\/index.php\/hotellit\/#breadcrumb\"},\"inLanguage\":\"fi\",\"potentialAction\":[{\"@type\":\"ReadAction\",\"target\":[\"https:\/\/lomahanko.info\/index.php\/hotellit\/\"]}]},{\"@type\":\"ImageObject\",\"inLanguage\":\"fi\",\"@id\":\"https:\/\/lomahanko.info\/index.php\/hotellit\/#primaryimage\",\"url\":\"https:\/\/lomahanko.info\/wp-content\/uploads\/2020\/11\/Tyhja_transparent-1.png\",\"contentUrl\":\"https:\/\/lomahanko.info\/wp-content\/uploads\/2020\/11\/Tyhja_transparent-1.png\",\"width\":740,\"height\":128},{\"@type\":\"BreadcrumbList\",\"@id\":\"https:\/\/lomahanko.info\/index.php\/hotellit\/#breadcrumb\",\"itemListElement\":[{\"@type\":\"ListItem\",\"position\":1,\"name\":\"Etusivu\",\"item\":\"https:\/\/lomahanko.info\/\"},{\"@type\":\"ListItem\",\"position\":2,\"name\":\"Hotellit\"}]},{\"@type\":\"WebSite\",\"@id\":\"https:\/\/lomahanko.info\/#website\",\"url\":\"https:\/\/lomahanko.info\/\",\"name\":\"\",\"description\":\"\",\"publisher\":{\"@id\":\"https:\/\/lomahanko.info\/#organization\"},\"potentialAction\":[{\"@type\":\"SearchAction\",\"target\":{\"@type\":\"EntryPoint\",\"urlTemplate\":\"https:\/\/lomahanko.info\/?s={search_term_string}\"},\"query-input\":{\"@type\":\"PropertyValueSpecification\",\"valueRequired\":true,\"valueName\":\"search_term_string\"}}],\"inLanguage\":\"fi\"},{\"@type\":\"Organization\",\"@id\":\"https:\/\/lomahanko.info\/#organization\",\"name\":\"Lomahanko\",\"url\":\"https:\/\/lomahanko.info\/\",\"logo\":{\"@type\":\"ImageObject\",\"inLanguage\":\"fi\",\"@id\":\"https:\/\/lomahanko.info\/#\/schema\/logo\/image\/\",\"url\":\"https:\/\/lomahanko.info\/wp-content\/uploads\/2020\/10\/cropped-LOMAHANKO_APP_LOGO.png\",\"contentUrl\":\"https:\/\/lomahanko.info\/wp-content\/uploads\/2020\/10\/cropped-LOMAHANKO_APP_LOGO.png\",\"width\":240,\"height\":44,\"caption\":\"Lomahanko\"},\"image\":{\"@id\":\"https:\/\/lomahanko.info\/#\/schema\/logo\/image\/\"},\"sameAs\":[\"https:\/\/www.facebook.com\/groups\/214625491910322\"]}]}<\/script>\n<!-- \/ Yoast SEO plugin. -->","yoast_head_json":{"title":"Hotellit -","robots":{"index":"index","follow":"follow","max-snippet":"max-snippet:-1","max-image-preview":"max-image-preview:large","max-video-preview":"max-video-preview:-1"},"canonical":"https:\/\/lomahanko.info\/index.php\/hotellit\/","og_locale":"fi_FI","og_type":"article","og_title":"Hotellit -","og_description":"REGATTA SPA HOTEL HERE\u2019S TO THE GOOD LIFERegatta SPA Hotelin tyylikk\u00e4\u00e4t huoneet ja ainutlaatuiset sviitit, korkeatasoiset ravintolat sek\u00e4 ylellinen Regatta SPA -kylpyl\u00e4 kutsuvat sinut kohottamaan maljan el\u00e4m\u00e4lle Hangon paraatipaikalla, meren \u00e4\u00e4rell\u00e4. Rakkaudella entis\u00f6idyss\u00e4, arkkitehti Lars Sonckin suunnittelemassa jugend-hotellissa ja elegantissa SPAssa kohtaavat vanha ja uusi Hanko. Torikatu 2, 10900 Hanko p. &nbsp;+358 19 248 6491info@hotelregatta.fi [&hellip;]","og_url":"https:\/\/lomahanko.info\/index.php\/hotellit\/","article_publisher":"https:\/\/www.facebook.com\/groups\/214625491910322","article_modified_time":"2024-09-18T12:03:46+00:00","og_image":[{"url":"https:\/\/lomahanko.info\/wp-content\/uploads\/2020\/11\/Tyhja_transparent-1.png","type":"","width":"","height":""}],"twitter_card":"summary_large_image","twitter_misc":{"Arvioitu lukuaika":"2 minuuttia"},"schema":{"@context":"https:\/\/schema.org","@graph":[{"@type":"WebPage","@id":"https:\/\/lomahanko.info\/index.php\/hotellit\/","url":"https:\/\/lomahanko.info\/index.php\/hotellit\/","name":"Hotellit -","isPartOf":{"@id":"https:\/\/lomahanko.info\/#website"},"primaryImageOfPage":{"@id":"https:\/\/lomahanko.info\/index.php\/hotellit\/#primaryimage"},"image":{"@id":"https:\/\/lomahanko.info\/index.php\/hotellit\/#primaryimage"},"thumbnailUrl":"https:\/\/lomahanko.info\/wp-content\/uploads\/2020\/11\/Tyhja_transparent-1.png","datePublished":"2020-10-28T08:31:02+00:00","dateModified":"2024-09-18T12:03:46+00:00","breadcrumb":{"@id":"https:\/\/lomahanko.info\/index.php\/hotellit\/#breadcrumb"},"inLanguage":"fi","potentialAction":[{"@type":"ReadAction","target":["https:\/\/lomahanko.info\/index.php\/hotellit\/"]}]},{"@type":"ImageObject","inLanguage":"fi","@id":"https:\/\/lomahanko.info\/index.php\/hotellit\/#primaryimage","url":"https:\/\/lomahanko.info\/wp-content\/uploads\/2020\/11\/Tyhja_transparent-1.png","contentUrl":"https:\/\/lomahanko.info\/wp-content\/uploads\/2020\/11\/Tyhja_transparent-1.png","width":740,"height":128},{"@type":"BreadcrumbList","@id":"https:\/\/lomahanko.info\/index.php\/hotellit\/#breadcrumb","itemListElement":[{"@type":"ListItem","position":1,"name":"Etusivu","item":"https:\/\/lomahanko.info\/"},{"@type":"ListItem","position":2,"name":"Hotellit"}]},{"@type":"WebSite","@id":"https:\/\/lomahanko.info\/#website","url":"https:\/\/lomahanko.info\/","name":"","description":"","publisher":{"@id":"https:\/\/lomahanko.info\/#organization"},"potentialAction":[{"@type":"SearchAction","target":{"@type":"EntryPoint","urlTemplate":"https:\/\/lomahanko.info\/?s={search_term_string}"},"query-input":{"@type":"PropertyValueSpecification","valueRequired":true,"valueName":"search_term_string"}}],"inLanguage":"fi"},{"@type":"Organization","@id":"https:\/\/lomahanko.info\/#organization","name":"Lomahanko","url":"https:\/\/lomahanko.info\/","logo":{"@type":"ImageObject","inLanguage":"fi","@id":"https:\/\/lomahanko.info\/#\/schema\/logo\/image\/","url":"https:\/\/lomahanko.info\/wp-content\/uploads\/2020\/10\/cropped-LOMAHANKO_APP_LOGO.png","contentUrl":"https:\/\/lomahanko.info\/wp-content\/uploads\/2020\/10\/cropped-LOMAHANKO_APP_LOGO.png","width":240,"height":44,"caption":"Lomahanko"},"image":{"@id":"https:\/\/lomahanko.info\/#\/schema\/logo\/image\/"},"sameAs":["https:\/\/www.facebook.com\/groups\/214625491910322"]}]}},"_links":{"self":[{"href":"https:\/\/lomahanko.info\/index.php\/wp-json\/wp\/v2\/pages\/2172","targetHints":{"allow":["GET"]}}],"collection":[{"href":"https:\/\/lomahanko.info\/index.php\/wp-json\/wp\/v2\/pages"}],"about":[{"href":"https:\/\/lomahanko.info\/index.php\/wp-json\/wp\/v2\/types\/page"}],"author":[{"embeddable":true,"href":"https:\/\/lomahanko.info\/index.php\/wp-json\/wp\/v2\/users\/1"}],"replies":[{"embeddable":true,"href":"https:\/\/lomahanko.info\/index.php\/wp-json\/wp\/v2\/comments?post=2172"}],"version-history":[{"count":18,"href":"https:\/\/lomahanko.info\/index.php\/wp-json\/wp\/v2\/pages\/2172\/revisions"}],"predecessor-version":[{"id":7699,"href":"https:\/\/lomahanko.info\/index.php\/wp-json\/wp\/v2\/pages\/2172\/revisions\/7699"}],"wp:attachment":[{"href":"https:\/\/lomahanko.info\/index.php\/wp-json\/wp\/v2\/media?parent=2172"}],"curies":[{"name":"wp","href":"https:\/\/api.w.org\/{rel}","templated":true}]}}