{"id":6095,"date":"2020-11-06T15:43:11","date_gmt":"2020-11-06T13:43:11","guid":{"rendered":"http:\/\/norpol-event.com\/?page_id=6095"},"modified":"2024-08-08T08:54:13","modified_gmt":"2024-08-08T05:54:13","slug":"yksityismajoitus","status":"publish","type":"page","link":"https:\/\/lomahanko.info\/index.php\/yksityismajoitus\/","title":{"rendered":"Yksityismajoitus"},"content":{"rendered":"\n<hr class=\"wp-block-separator has-alpha-channel-opacity is-style-dots\"\/>\n\n\n<div class=\"wp-block-image is-resized\">\n<figure class=\"aligncenter size-large\"><img loading=\"lazy\" decoding=\"async\" width=\"136\" height=\"134\" src=\"https:\/\/lomahanko.info\/wp-content\/uploads\/2020\/11\/Yksityismajoitus_ikoni.png\" alt=\"\" class=\"wp-image-6142\"\/><\/figure>\n<\/div>\n\n\n<figure class=\"wp-block-image size-full is-resized\"><img loading=\"lazy\" decoding=\"async\" width=\"382\" height=\"249\" src=\"https:\/\/lomahanko.info\/wp-content\/uploads\/2023\/11\/Transparent_lomahanko_logo.png\" alt=\"\" class=\"wp-image-7519\" style=\"width:168px;height:auto\" srcset=\"https:\/\/lomahanko.info\/wp-content\/uploads\/2023\/11\/Transparent_lomahanko_logo.png 382w, https:\/\/lomahanko.info\/wp-content\/uploads\/2023\/11\/Transparent_lomahanko_logo-300x196.png 300w\" sizes=\"auto, (max-width: 382px) 100vw, 382px\" \/><\/figure>\n\n\n\n<figure class=\"wp-block-table is-style-regular\"><table><tbody><tr><td><span class=\"has-inline-color has-white-color\"><strong>Lomahanko.fi \/ Hangon yksityismajoittajat<\/strong>, Kohteita yli 50 talvellakin<\/span><\/td><\/tr><tr><td><span class=\"has-inline-color has-white-color\"><strong>Ei v\u00e4lik\u00e4si\u00e4. Ei lis\u00e4kuluja. Vuokraa suoraan omistajalta!<br><\/strong>Hangon alueen villat, omakotitalot, piham\u00f6kit, sek\u00e4 asunnot odottavat sinua. T\u00e4\u00e4lt\u00e4 l\u00f6yd\u00e4t helposti itsellesi parhaiten sopivan majoituskohteen ja p\u00e4\u00e4set kommunikoimaan suoraan kohteen omistajan kanssa ilman v\u00e4lik\u00e4si\u00e4.&nbsp;Hanko on hyv\u00e4 paikka lomailla ymp\u00e4ri vuoden ja Hangossa kaikki palvelut ovat aina l\u00e4hell\u00e4.<\/span><\/td><\/tr><tr><td><span class=\"has-inline-color has-white-color\">Palvelun tuottaa Lomahanko Oy. Avoinna arkisin 9 \u2013 17<\/span><\/td><\/tr><tr><td><a href=\"mailto:info@lomahanko.fi\"><span class=\"has-inline-color has-white-color\">info@lomahanko.fi<\/span><\/a><\/td><\/tr><\/tbody><\/table><\/figure>\n\n\n\n<div class=\"wp-block-buttons is-layout-flex wp-block-buttons-is-layout-flex\">\n<div class=\"wp-block-button is-style-outline is-style-outline--1\"><a class=\"wp-block-button__link has-white-background-color has-background wp-element-button\" href=\"https:\/\/lomahanko.fi\/\" style=\"border-radius:21px\" target=\"_blank\" rel=\"noreferrer noopener\">Lomahanko.fi kotisivut<\/a><\/div>\n\n\n\n<div class=\"wp-block-button is-style-outline is-style-outline--2\"><a class=\"wp-block-button__link has-white-background-color has-background wp-element-button\" href=\"https:\/\/lomahanko.fi\/search\/\" style=\"border-radius:22px\">Katso vapaana olevat huoneistot \/huvilat<\/a><\/div>\n<\/div>\n\n\n\n<hr class=\"wp-block-separator has-alpha-channel-opacity\"\/>\n\n\n\n<figure class=\"wp-block-image size-full is-resized\"><img loading=\"lazy\" decoding=\"async\" width=\"200\" height=\"142\" src=\"https:\/\/lomahanko.info\/wp-content\/uploads\/2024\/02\/Halua_fi_Logo_200.png\" alt=\"\" class=\"wp-image-7638\" style=\"width:158px;height:auto\"\/><\/figure>\n\n\n\n<figure class=\"wp-block-table is-style-regular\"><table><tbody><tr><td><strong><mark style=\"background-color:rgba(0, 0, 0, 0)\" class=\"has-inline-color has-white-color\">Halua.fi \/ Hanko Luxury Apartments. Kun haluat pikkuisen parempaa.<\/mark><\/strong><\/td><\/tr><tr><td><mark style=\"background-color:rgba(0, 0, 0, 0)\" class=\"has-inline-color has-white-color\"><strong>Haluttuja kohteita lyhytaikaiseen vuokraukseen Hangossa!<\/strong><br>Handpicked Hanko houses, apartments and cottages for short-term rent.<\/mark><\/td><\/tr><tr><td><span class=\"has-inline-color has-white-color\">Palvelun tuottaa Lomahanko Oy. Avoinna arkisin 9 \u2013 17<\/span><\/td><\/tr><tr><td><a href=\"mailto:info@lomahanko.fi\"><span class=\"has-inline-color has-white-color\">info@lomahanko.fi<\/span><\/a><\/td><\/tr><\/tbody><\/table><\/figure>\n\n\n\n<div class=\"wp-block-buttons is-layout-flex wp-block-buttons-is-layout-flex\">\n<div class=\"wp-block-button\"><a class=\"wp-block-button__link has-white-color has-text-color has-link-color wp-element-button\" href=\"https:\/\/booking-directly.com\/widgets\/ATf7xLF3g7KUwY5nExQNRgT3gkWnexJGHX81ONA0kkAahjxVq7YOPnWihM3eX\/properties\" style=\"border-radius:18px\" target=\"_blank\" rel=\"noreferrer noopener\"><strong>Varaa t\u00e4st\u00e4:<\/strong><\/a><\/div>\n<\/div>\n\n\n\n<hr class=\"wp-block-separator has-alpha-channel-opacity\"\/>\n\n\n\n<figure class=\"wp-block-image size-large\"><img loading=\"lazy\" decoding=\"async\" width=\"589\" height=\"190\" src=\"https:\/\/lomahanko.info\/wp-content\/uploads\/2020\/11\/Transparent-silhuetti2.png\" alt=\"\" class=\"wp-image-6116\" srcset=\"https:\/\/lomahanko.info\/wp-content\/uploads\/2020\/11\/Transparent-silhuetti2.png 589w, https:\/\/lomahanko.info\/wp-content\/uploads\/2020\/11\/Transparent-silhuetti2-300x97.png 300w\" sizes=\"auto, (max-width: 589px) 100vw, 589px\" \/><\/figure>\n\n\n\n<hr class=\"wp-block-separator has-css-opacity\"\/>\n","protected":false},"excerpt":{"rendered":"<p>Lomahanko.fi \/ Hangon yksityismajoittajat, Kohteita yli 50 talvellakin Ei v\u00e4lik\u00e4si\u00e4. Ei lis\u00e4kuluja. Vuokraa suoraan omistajalta!Hangon alueen villat, omakotitalot, piham\u00f6kit, sek\u00e4 asunnot odottavat sinua. T\u00e4\u00e4lt\u00e4 l\u00f6yd\u00e4t helposti itsellesi parhaiten sopivan majoituskohteen ja p\u00e4\u00e4set kommunikoimaan suoraan kohteen omistajan kanssa ilman v\u00e4lik\u00e4si\u00e4.&nbsp;Hanko on hyv\u00e4 paikka lomailla ymp\u00e4ri vuoden ja Hangossa kaikki palvelut ovat aina l\u00e4hell\u00e4. Palvelun tuottaa Lomahanko [&hellip;]<\/p>\n","protected":false},"author":1,"featured_media":0,"parent":0,"menu_order":0,"comment_status":"closed","ping_status":"closed","template":"","meta":{"footnotes":""},"class_list":["post-6095","page","type-page","status-publish","hentry"],"yoast_head":"<!-- This site is optimized with the Yoast SEO plugin v27.2 - https:\/\/yoast.com\/product\/yoast-seo-wordpress\/ -->\n<title>Yksityismajoitus -<\/title>\n<meta name=\"robots\" content=\"index, follow, max-snippet:-1, max-image-preview:large, max-video-preview:-1\" \/>\n<link rel=\"canonical\" href=\"https:\/\/lomahanko.info\/index.php\/yksityismajoitus\/\" \/>\n<meta property=\"og:locale\" content=\"fi_FI\" \/>\n<meta property=\"og:type\" content=\"article\" \/>\n<meta property=\"og:title\" content=\"Yksityismajoitus -\" \/>\n<meta property=\"og:description\" content=\"Lomahanko.fi \/ Hangon yksityismajoittajat, Kohteita yli 50 talvellakin Ei v\u00e4lik\u00e4si\u00e4. Ei lis\u00e4kuluja. Vuokraa suoraan omistajalta!Hangon alueen villat, omakotitalot, piham\u00f6kit, sek\u00e4 asunnot odottavat sinua. T\u00e4\u00e4lt\u00e4 l\u00f6yd\u00e4t helposti itsellesi parhaiten sopivan majoituskohteen ja p\u00e4\u00e4set kommunikoimaan suoraan kohteen omistajan kanssa ilman v\u00e4lik\u00e4si\u00e4.&nbsp;Hanko on hyv\u00e4 paikka lomailla ymp\u00e4ri vuoden ja Hangossa kaikki palvelut ovat aina l\u00e4hell\u00e4. Palvelun tuottaa Lomahanko [&hellip;]\" \/>\n<meta property=\"og:url\" content=\"https:\/\/lomahanko.info\/index.php\/yksityismajoitus\/\" \/>\n<meta property=\"article:publisher\" content=\"https:\/\/www.facebook.com\/groups\/214625491910322\" \/>\n<meta property=\"article:modified_time\" content=\"2024-08-08T05:54:13+00:00\" \/>\n<meta property=\"og:image\" content=\"https:\/\/lomahanko.info\/wp-content\/uploads\/2020\/11\/Yksityismajoitus_ikoni.png\" \/>\n<meta name=\"twitter:card\" content=\"summary_large_image\" \/>\n<meta name=\"twitter:label1\" content=\"Arvioitu lukuaika\" \/>\n\t<meta name=\"twitter:data1\" content=\"2 minuuttia\" \/>\n<script type=\"application\/ld+json\" class=\"yoast-schema-graph\">{\"@context\":\"https:\/\/schema.org\",\"@graph\":[{\"@type\":\"WebPage\",\"@id\":\"https:\/\/lomahanko.info\/index.php\/yksityismajoitus\/\",\"url\":\"https:\/\/lomahanko.info\/index.php\/yksityismajoitus\/\",\"name\":\"Yksityismajoitus -\",\"isPartOf\":{\"@id\":\"https:\/\/lomahanko.info\/#website\"},\"primaryImageOfPage\":{\"@id\":\"https:\/\/lomahanko.info\/index.php\/yksityismajoitus\/#primaryimage\"},\"image\":{\"@id\":\"https:\/\/lomahanko.info\/index.php\/yksityismajoitus\/#primaryimage\"},\"thumbnailUrl\":\"https:\/\/lomahanko.info\/wp-content\/uploads\/2020\/11\/Yksityismajoitus_ikoni.png\",\"datePublished\":\"2020-11-06T13:43:11+00:00\",\"dateModified\":\"2024-08-08T05:54:13+00:00\",\"breadcrumb\":{\"@id\":\"https:\/\/lomahanko.info\/index.php\/yksityismajoitus\/#breadcrumb\"},\"inLanguage\":\"fi\",\"potentialAction\":[{\"@type\":\"ReadAction\",\"target\":[\"https:\/\/lomahanko.info\/index.php\/yksityismajoitus\/\"]}]},{\"@type\":\"ImageObject\",\"inLanguage\":\"fi\",\"@id\":\"https:\/\/lomahanko.info\/index.php\/yksityismajoitus\/#primaryimage\",\"url\":\"https:\/\/lomahanko.info\/wp-content\/uploads\/2020\/11\/Yksityismajoitus_ikoni.png\",\"contentUrl\":\"https:\/\/lomahanko.info\/wp-content\/uploads\/2020\/11\/Yksityismajoitus_ikoni.png\",\"width\":136,\"height\":134},{\"@type\":\"BreadcrumbList\",\"@id\":\"https:\/\/lomahanko.info\/index.php\/yksityismajoitus\/#breadcrumb\",\"itemListElement\":[{\"@type\":\"ListItem\",\"position\":1,\"name\":\"Etusivu\",\"item\":\"https:\/\/lomahanko.info\/\"},{\"@type\":\"ListItem\",\"position\":2,\"name\":\"Yksityismajoitus\"}]},{\"@type\":\"WebSite\",\"@id\":\"https:\/\/lomahanko.info\/#website\",\"url\":\"https:\/\/lomahanko.info\/\",\"name\":\"\",\"description\":\"\",\"publisher\":{\"@id\":\"https:\/\/lomahanko.info\/#organization\"},\"potentialAction\":[{\"@type\":\"SearchAction\",\"target\":{\"@type\":\"EntryPoint\",\"urlTemplate\":\"https:\/\/lomahanko.info\/?s={search_term_string}\"},\"query-input\":{\"@type\":\"PropertyValueSpecification\",\"valueRequired\":true,\"valueName\":\"search_term_string\"}}],\"inLanguage\":\"fi\"},{\"@type\":\"Organization\",\"@id\":\"https:\/\/lomahanko.info\/#organization\",\"name\":\"Lomahanko\",\"url\":\"https:\/\/lomahanko.info\/\",\"logo\":{\"@type\":\"ImageObject\",\"inLanguage\":\"fi\",\"@id\":\"https:\/\/lomahanko.info\/#\/schema\/logo\/image\/\",\"url\":\"https:\/\/lomahanko.info\/wp-content\/uploads\/2020\/10\/cropped-LOMAHANKO_APP_LOGO.png\",\"contentUrl\":\"https:\/\/lomahanko.info\/wp-content\/uploads\/2020\/10\/cropped-LOMAHANKO_APP_LOGO.png\",\"width\":240,\"height\":44,\"caption\":\"Lomahanko\"},\"image\":{\"@id\":\"https:\/\/lomahanko.info\/#\/schema\/logo\/image\/\"},\"sameAs\":[\"https:\/\/www.facebook.com\/groups\/214625491910322\"]}]}<\/script>\n<!-- \/ Yoast SEO plugin. -->","yoast_head_json":{"title":"Yksityismajoitus -","robots":{"index":"index","follow":"follow","max-snippet":"max-snippet:-1","max-image-preview":"max-image-preview:large","max-video-preview":"max-video-preview:-1"},"canonical":"https:\/\/lomahanko.info\/index.php\/yksityismajoitus\/","og_locale":"fi_FI","og_type":"article","og_title":"Yksityismajoitus -","og_description":"Lomahanko.fi \/ Hangon yksityismajoittajat, Kohteita yli 50 talvellakin Ei v\u00e4lik\u00e4si\u00e4. Ei lis\u00e4kuluja. Vuokraa suoraan omistajalta!Hangon alueen villat, omakotitalot, piham\u00f6kit, sek\u00e4 asunnot odottavat sinua. T\u00e4\u00e4lt\u00e4 l\u00f6yd\u00e4t helposti itsellesi parhaiten sopivan majoituskohteen ja p\u00e4\u00e4set kommunikoimaan suoraan kohteen omistajan kanssa ilman v\u00e4lik\u00e4si\u00e4.&nbsp;Hanko on hyv\u00e4 paikka lomailla ymp\u00e4ri vuoden ja Hangossa kaikki palvelut ovat aina l\u00e4hell\u00e4. Palvelun tuottaa Lomahanko [&hellip;]","og_url":"https:\/\/lomahanko.info\/index.php\/yksityismajoitus\/","article_publisher":"https:\/\/www.facebook.com\/groups\/214625491910322","article_modified_time":"2024-08-08T05:54:13+00:00","og_image":[{"url":"https:\/\/lomahanko.info\/wp-content\/uploads\/2020\/11\/Yksityismajoitus_ikoni.png","type":"","width":"","height":""}],"twitter_card":"summary_large_image","twitter_misc":{"Arvioitu lukuaika":"2 minuuttia"},"schema":{"@context":"https:\/\/schema.org","@graph":[{"@type":"WebPage","@id":"https:\/\/lomahanko.info\/index.php\/yksityismajoitus\/","url":"https:\/\/lomahanko.info\/index.php\/yksityismajoitus\/","name":"Yksityismajoitus -","isPartOf":{"@id":"https:\/\/lomahanko.info\/#website"},"primaryImageOfPage":{"@id":"https:\/\/lomahanko.info\/index.php\/yksityismajoitus\/#primaryimage"},"image":{"@id":"https:\/\/lomahanko.info\/index.php\/yksityismajoitus\/#primaryimage"},"thumbnailUrl":"https:\/\/lomahanko.info\/wp-content\/uploads\/2020\/11\/Yksityismajoitus_ikoni.png","datePublished":"2020-11-06T13:43:11+00:00","dateModified":"2024-08-08T05:54:13+00:00","breadcrumb":{"@id":"https:\/\/lomahanko.info\/index.php\/yksityismajoitus\/#breadcrumb"},"inLanguage":"fi","potentialAction":[{"@type":"ReadAction","target":["https:\/\/lomahanko.info\/index.php\/yksityismajoitus\/"]}]},{"@type":"ImageObject","inLanguage":"fi","@id":"https:\/\/lomahanko.info\/index.php\/yksityismajoitus\/#primaryimage","url":"https:\/\/lomahanko.info\/wp-content\/uploads\/2020\/11\/Yksityismajoitus_ikoni.png","contentUrl":"https:\/\/lomahanko.info\/wp-content\/uploads\/2020\/11\/Yksityismajoitus_ikoni.png","width":136,"height":134},{"@type":"BreadcrumbList","@id":"https:\/\/lomahanko.info\/index.php\/yksityismajoitus\/#breadcrumb","itemListElement":[{"@type":"ListItem","position":1,"name":"Etusivu","item":"https:\/\/lomahanko.info\/"},{"@type":"ListItem","position":2,"name":"Yksityismajoitus"}]},{"@type":"WebSite","@id":"https:\/\/lomahanko.info\/#website","url":"https:\/\/lomahanko.info\/","name":"","description":"","publisher":{"@id":"https:\/\/lomahanko.info\/#organization"},"potentialAction":[{"@type":"SearchAction","target":{"@type":"EntryPoint","urlTemplate":"https:\/\/lomahanko.info\/?s={search_term_string}"},"query-input":{"@type":"PropertyValueSpecification","valueRequired":true,"valueName":"search_term_string"}}],"inLanguage":"fi"},{"@type":"Organization","@id":"https:\/\/lomahanko.info\/#organization","name":"Lomahanko","url":"https:\/\/lomahanko.info\/","logo":{"@type":"ImageObject","inLanguage":"fi","@id":"https:\/\/lomahanko.info\/#\/schema\/logo\/image\/","url":"https:\/\/lomahanko.info\/wp-content\/uploads\/2020\/10\/cropped-LOMAHANKO_APP_LOGO.png","contentUrl":"https:\/\/lomahanko.info\/wp-content\/uploads\/2020\/10\/cropped-LOMAHANKO_APP_LOGO.png","width":240,"height":44,"caption":"Lomahanko"},"image":{"@id":"https:\/\/lomahanko.info\/#\/schema\/logo\/image\/"},"sameAs":["https:\/\/www.facebook.com\/groups\/214625491910322"]}]}},"_links":{"self":[{"href":"https:\/\/lomahanko.info\/index.php\/wp-json\/wp\/v2\/pages\/6095","targetHints":{"allow":["GET"]}}],"collection":[{"href":"https:\/\/lomahanko.info\/index.php\/wp-json\/wp\/v2\/pages"}],"about":[{"href":"https:\/\/lomahanko.info\/index.php\/wp-json\/wp\/v2\/types\/page"}],"author":[{"embeddable":true,"href":"https:\/\/lomahanko.info\/index.php\/wp-json\/wp\/v2\/users\/1"}],"replies":[{"embeddable":true,"href":"https:\/\/lomahanko.info\/index.php\/wp-json\/wp\/v2\/comments?post=6095"}],"version-history":[{"count":16,"href":"https:\/\/lomahanko.info\/index.php\/wp-json\/wp\/v2\/pages\/6095\/revisions"}],"predecessor-version":[{"id":7695,"href":"https:\/\/lomahanko.info\/index.php\/wp-json\/wp\/v2\/pages\/6095\/revisions\/7695"}],"wp:attachment":[{"href":"https:\/\/lomahanko.info\/index.php\/wp-json\/wp\/v2\/media?parent=6095"}],"curies":[{"name":"wp","href":"https:\/\/api.w.org\/{rel}","templated":true}]}}