{"id":6253,"date":"2020-11-10T17:10:52","date_gmt":"2020-11-10T15:10:52","guid":{"rendered":"http:\/\/norpol-event.com\/?page_id=6253"},"modified":"2021-04-10T10:06:16","modified_gmt":"2021-04-10T10:06:16","slug":"nama-taytyy-nahda","status":"publish","type":"page","link":"https:\/\/lomahanko.info\/index.php\/nama-taytyy-nahda\/","title":{"rendered":"N\u00e4m\u00e4 t\u00e4ytyy n\u00e4hd\u00e4"},"content":{"rendered":"\n<figure class=\"wp-block-image size-large\"><img loading=\"lazy\" decoding=\"async\" width=\"687\" height=\"116\" src=\"https:\/\/lomahanko.info\/wp-content\/uploads\/2020\/11\/Tyhja_transparent1.png\" alt=\"\" class=\"wp-image-6062\" srcset=\"https:\/\/lomahanko.info\/wp-content\/uploads\/2020\/11\/Tyhja_transparent1.png 687w, https:\/\/lomahanko.info\/wp-content\/uploads\/2020\/11\/Tyhja_transparent1-300x51.png 300w\" sizes=\"auto, (max-width: 687px) 100vw, 687px\" \/><\/figure>\n\n\n\n<figure class=\"wp-block-image size-large\"><img loading=\"lazy\" decoding=\"async\" width=\"687\" height=\"116\" src=\"https:\/\/lomahanko.info\/wp-content\/uploads\/2020\/11\/Tyhja_transparent1.png\" alt=\"\" class=\"wp-image-6062\" srcset=\"https:\/\/lomahanko.info\/wp-content\/uploads\/2020\/11\/Tyhja_transparent1.png 687w, https:\/\/lomahanko.info\/wp-content\/uploads\/2020\/11\/Tyhja_transparent1-300x51.png 300w\" sizes=\"auto, (max-width: 687px) 100vw, 687px\" \/><\/figure>\n\n\n\n<p class=\"has-text-align-center\"><div class=\"wptb-container-legacy\" data-table-id=\"6869\">\n    <table class=\"wptb-preview-table wptb-element-main-table_setting-6869 edit-active\" data-wptb-adaptive-table=\"0\" data-wptb-cells-width-auto-count=\"1\" data-wptb-table-tds-sum-max-width=\"94\" style=\"border-style: solid; border-width: 0px; border-color: rgb(0, 0, 0);\" data-table-columns=\"2\" data-reconstraction=\"1\" data-wptb-extra-styles=\"LyogRW50ZXIgeW91ciBjdXN0b20gQ1NTIHJ1bGVzIGhlcmUgKi8=\" role=\"table\" data-wptb-header-background-color=\"#000000FF\" data-wptb-even-row-background-color=\"#000000FF\" data-wptb-odd-row-background-color=\"#000000FF\" data-wptb-td-width-auto=\"10\" data-wptb-table-alignment=\"center\"><tbody><tr class=\"wptb-row\" style=\"background-color: rgb(0, 0, 0);\"><td class=\"wptb-cell\" data-x-index=\"0\" data-y-index=\"0\" style=\"padding: 0px; border-style: none; border-width: 1px; border-color: rgb(0, 0, 0); width: 81px;\" data-sorted-vertical=\"ask-disabled\"><div class=\"wptb-image-container wptb-ph-element wptb-element-image-1\"><div class=\"wptb-image-wrapper\">            <a style=\"display: block; width: 74%;\" class=\"\"><img loading=\"lazy\" decoding=\"async\" src=\"\/\/lomahanko.info\/wp-content\/uploads\/2020\/11\/Sign_board_1_icon.png\" height=\"135\" width=\"136\" style=\"width: 100%;\"><\/a>        <\/div><\/div><\/td><td class=\"wptb-cell\" data-wptb-css-td-auto-width=\"true\" data-x-index=\"1\" data-y-index=\"0\" style=\"padding: 0px; border-style: none; border-width: 1px; border-color: rgb(0, 0, 0);\" data-sorted-vertical=\"ask-disabled\"><div class=\"wptb-shortcode-container wptb-ph-element wptb-element-shortcode-1\"><wptb_shortcode_container_element class=\"\">            <div class=\"\" style=\"position: relative;\"><aside id=\"maxmegamenu-9\" class=\"widget widget_maxmegamenu amr_widget\"><div id=\"mega-menu-wrap-max_mega_menu_6\" class=\"mega-menu-wrap\"><div class=\"mega-menu-toggle\"><div class=\"mega-toggle-blocks-left\"><\/div><div class=\"mega-toggle-blocks-center\"><\/div><div class=\"mega-toggle-blocks-right\"><div class='mega-toggle-block mega-menu-toggle-animated-block mega-toggle-block-0' id='mega-toggle-block-0'><button aria-label=\"Toggle Menu\" class=\"mega-toggle-animated mega-toggle-animated-slider\" type=\"button\" aria-haspopup=\"true\" aria-expanded=\"false\" aria-controls=\"mega-menu-max_mega_menu_6\">\n                  <span class=\"mega-toggle-animated-box\">\n                    <span class=\"mega-toggle-animated-inner\"><\/span>\n                  <\/span>\n                <\/button><\/div><\/div><\/div><ul id=\"mega-menu-max_mega_menu_6\" class=\"mega-menu max-mega-menu mega-menu-horizontal mega-no-js\" data-event=\"hover_intent\" data-effect=\"fade_up\" data-effect-speed=\"200\" data-effect-mobile=\"disabled\" data-effect-speed-mobile=\"0\" data-mobile-force-width=\"false\" data-second-click=\"go\" data-document-click=\"collapse\" data-vertical-behaviour=\"standard\" data-breakpoint=\"768\" data-unbind=\"true\" data-mobile-state=\"collapse_all\" data-mobile-direction=\"vertical\" data-hover-intent-timeout=\"300\" data-hover-intent-interval=\"100\"><li class=\"mega-menu-item mega-menu-item-type-post_type mega-menu-item-object-page mega-menu-item-has-children mega-align-bottom-left mega-menu-flyout mega-menu-item-6957\" id=\"mega-menu-item-6957\"><a class=\"mega-menu-link\" href=\"https:\/\/lomahanko.info\/index.php\/nama-taytyy-nahda\/\" aria-expanded=\"false\" aria-controls=\"mega-sub-menu-6957\">N\u00e4m\u00e4 t\u00e4ytyy n\u00e4hd\u00e4 tai kokea<span class=\"mega-indicator\" aria-hidden=\"true\"><\/span><\/a>\n<ul class=\"mega-sub-menu\" id='mega-sub-menu-6957'>\n<li class=\"mega-menu-item mega-menu-item-type-post_type mega-menu-item-object-page mega-menu-item-6958\" id=\"mega-menu-item-6958\"><a class=\"mega-menu-link\" href=\"https:\/\/lomahanko.info\/index.php\/hangon-vesitorni\/\">Hangon vesitorni<\/a><\/li><li class=\"mega-menu-item mega-menu-item-type-post_type mega-menu-item-object-page mega-menu-item-6959\" id=\"mega-menu-item-6959\"><a class=\"mega-menu-link\" href=\"https:\/\/lomahanko.info\/index.php\/luontopolut\/\">Luontopolut<\/a><\/li><li class=\"mega-menu-item mega-menu-item-type-post_type mega-menu-item-object-page mega-menu-item-6960\" id=\"mega-menu-item-6960\"><a class=\"mega-menu-link\" href=\"https:\/\/lomahanko.info\/index.php\/museot\/\">Museot<\/a><\/li><li class=\"mega-menu-item mega-menu-item-type-post_type mega-menu-item-object-page mega-menu-item-6961\" id=\"mega-menu-item-6961\"><a class=\"mega-menu-link\" href=\"https:\/\/lomahanko.info\/index.php\/omatoiminen-kiertoajelu\/\">Omatoiminen kiertoajelu<\/a><\/li><\/ul>\n<\/li><\/ul><\/div><\/aside><\/div>        <\/wptb_shortcode_container_element><\/div><\/td><\/tr><tr class=\"wptb-row\" style=\"background-color: rgb(0, 0, 0);\"><td class=\"wptb-cell\" data-x-index=\"0\" data-y-index=\"1\" style=\"padding: 0px; border-style: none; border-width: 1px; border-color: rgb(0, 0, 0); width: 81px;\"><div class=\"wptb-image-container wptb-ph-element wptb-element-image-2\"><div class=\"wptb-image-wrapper\">            <a style=\"display: block; width: 74%;\"><img loading=\"lazy\" decoding=\"async\" src=\"\/\/lomahanko.info\/wp-content\/uploads\/2020\/11\/Activity_icon.png\" height=\"135\" width=\"136\" style=\"width: 100%;\"><\/a>        <\/div><\/div><\/td><td class=\"wptb-cell\" data-wptb-css-td-auto-width=\"true\" data-x-index=\"1\" data-y-index=\"1\" style=\"padding: 0px; border-style: none; border-width: 1px; border-color: rgb(0, 0, 0);\"><div class=\"wptb-shortcode-container wptb-ph-element wptb-element-shortcode-2\"><wptb_shortcode_container_element class=\"\">            <div class=\"\" style=\"position: relative;\"><aside id=\"maxmegamenu-4\" class=\"widget widget_maxmegamenu amr_widget\"><div id=\"mega-menu-wrap-max_mega_menu_1\" class=\"mega-menu-wrap\"><div class=\"mega-menu-toggle\"><div class=\"mega-toggle-blocks-left\"><\/div><div class=\"mega-toggle-blocks-center\"><\/div><div class=\"mega-toggle-blocks-right\"><div class='mega-toggle-block mega-menu-toggle-animated-block mega-toggle-block-0' id='mega-toggle-block-0'><button aria-label=\"Toggle Menu\" class=\"mega-toggle-animated mega-toggle-animated-slider\" type=\"button\" aria-haspopup=\"true\" aria-expanded=\"false\" aria-controls=\"mega-menu-max_mega_menu_1\">\n                  <span class=\"mega-toggle-animated-box\">\n                    <span class=\"mega-toggle-animated-inner\"><\/span>\n                  <\/span>\n                <\/button><\/div><\/div><\/div><ul id=\"mega-menu-max_mega_menu_1\" class=\"mega-menu max-mega-menu mega-menu-horizontal mega-no-js\" data-event=\"hover_intent\" data-effect=\"disabled\" data-effect-speed=\"200\" data-effect-mobile=\"disabled\" data-effect-speed-mobile=\"0\" data-mobile-force-width=\"false\" data-second-click=\"go\" data-document-click=\"collapse\" data-vertical-behaviour=\"standard\" data-breakpoint=\"768\" data-unbind=\"true\" data-mobile-state=\"collapse_all\" data-mobile-direction=\"vertical\" data-hover-intent-timeout=\"300\" data-hover-intent-interval=\"100\"><li class=\"mega-menu-item mega-menu-item-type-post_type mega-menu-item-object-page mega-menu-item-has-children mega-align-bottom-left mega-menu-flyout mega-menu-item-6906\" id=\"mega-menu-item-6906\"><a class=\"mega-menu-link\" href=\"https:\/\/lomahanko.info\/index.php\/aktiviteetit\/\" aria-expanded=\"false\" aria-controls=\"mega-sub-menu-6906\">Aktiviteetit<span class=\"mega-indicator\" aria-hidden=\"true\"><\/span><\/a>\n<ul class=\"mega-sub-menu\" id='mega-sub-menu-6906'>\n<li class=\"mega-menu-item mega-menu-item-type-post_type mega-menu-item-object-page mega-menu-item-6907\" id=\"mega-menu-item-6907\"><a class=\"mega-menu-link\" href=\"https:\/\/lomahanko.info\/index.php\/leikkipuistot\/\">Leikkipuistot<\/a><\/li><li class=\"mega-menu-item mega-menu-item-type-post_type mega-menu-item-object-page mega-menu-item-6908\" id=\"mega-menu-item-6908\"><a class=\"mega-menu-link\" href=\"https:\/\/lomahanko.info\/index.php\/polkupyoran-vuokraus\/\">Polkupy\u00f6r\u00e4n vuokraus<\/a><\/li><li class=\"mega-menu-item mega-menu-item-type-post_type mega-menu-item-object-page mega-menu-item-6909\" id=\"mega-menu-item-6909\"><a class=\"mega-menu-link\" href=\"https:\/\/lomahanko.info\/index.php\/surf-ja-suplautojen-vuokraus\/\">Surf- ja suplautojen, sek\u00e4 kanoottien vuokraus<\/a><\/li><li class=\"mega-menu-item mega-menu-item-type-post_type mega-menu-item-object-page mega-menu-item-6910\" id=\"mega-menu-item-6910\"><a class=\"mega-menu-link\" href=\"https:\/\/lomahanko.info\/index.php\/tennis\/\">Tennis<\/a><\/li><li class=\"mega-menu-item mega-menu-item-type-post_type mega-menu-item-object-page mega-menu-item-6911\" id=\"mega-menu-item-6911\"><a class=\"mega-menu-link\" href=\"https:\/\/lomahanko.info\/index.php\/mikroautorata\/\">Mikroautorata<\/a><\/li><li class=\"mega-menu-item mega-menu-item-type-post_type mega-menu-item-object-page mega-menu-item-6913\" id=\"mega-menu-item-6913\"><a class=\"mega-menu-link\" href=\"https:\/\/lomahanko.info\/index.php\/golf\/\">Golf<\/a><\/li><li class=\"mega-menu-item mega-menu-item-type-post_type mega-menu-item-object-page mega-menu-item-6912\" id=\"mega-menu-item-6912\"><a class=\"mega-menu-link\" href=\"https:\/\/lomahanko.info\/index.php\/frisbee-golf\/\">Frisbee golf<\/a><\/li><li class=\"mega-menu-item mega-menu-item-type-post_type mega-menu-item-object-page mega-menu-item-6914\" id=\"mega-menu-item-6914\"><a class=\"mega-menu-link\" href=\"https:\/\/lomahanko.info\/index.php\/lahiliikuntapuisto-feffe-park\/\">L\u00e4hiliikuntapuisto Feffe Park<\/a><\/li><li class=\"mega-menu-item mega-menu-item-type-post_type mega-menu-item-object-page mega-menu-item-6916\" id=\"mega-menu-item-6916\"><a class=\"mega-menu-link\" href=\"https:\/\/lomahanko.info\/index.php\/hangethe-sportcenter\/\">Hangethe Sportcenter<\/a><\/li><li class=\"mega-menu-item mega-menu-item-type-post_type mega-menu-item-object-page mega-menu-item-6917\" id=\"mega-menu-item-6917\"><a class=\"mega-menu-link\" href=\"https:\/\/lomahanko.info\/index.php\/muut-hangon-kaupungin-yllapitamat-pelikentat\/\">Muut Hangon-kaupungin yll\u00e4pit\u00e4m\u00e4t pelikent\u00e4t<\/a><\/li><\/ul>\n<\/li><\/ul><\/div><\/aside><\/div>        <\/wptb_shortcode_container_element><\/div><\/td><\/tr><tr class=\"wptb-row\" style=\"background-color: rgb(0, 0, 0);\"><td class=\"wptb-cell\" data-x-index=\"0\" data-y-index=\"2\" style=\"padding: 0px; border-style: none; border-width: 1px; border-color: rgb(0, 0, 0); width: 81px;\"><\/td><td class=\"wptb-cell\" data-wptb-css-td-auto-width=\"true\" data-x-index=\"1\" data-y-index=\"2\" style=\"padding: 0px; border-style: none; border-width: 1px; border-color: rgb(0, 0, 0);\"><div class=\"wptb-text-container wptb-ph-element wptb-element-text-7\"><div class=\"\" style=\"position: relative;\"><p><\/p><\/div><\/div><\/td><\/tr><\/tbody><\/table>\n<\/div>\n<\/p>\n\n\n\n<div class=\"wp-block-image\"><figure class=\"aligncenter size-large\"><img loading=\"lazy\" decoding=\"async\" width=\"589\" height=\"190\" src=\"https:\/\/lomahanko.info\/wp-content\/uploads\/2020\/11\/Transparent-silhuetti2.png\" alt=\"\" class=\"wp-image-6116\" srcset=\"https:\/\/lomahanko.info\/wp-content\/uploads\/2020\/11\/Transparent-silhuetti2.png 589w, https:\/\/lomahanko.info\/wp-content\/uploads\/2020\/11\/Transparent-silhuetti2-300x97.png 300w\" sizes=\"auto, (max-width: 589px) 100vw, 589px\" \/><\/figure><\/div>\n","protected":false},"excerpt":{"rendered":"","protected":false},"author":1,"featured_media":0,"parent":0,"menu_order":0,"comment_status":"closed","ping_status":"closed","template":"","meta":{"footnotes":""},"class_list":["post-6253","page","type-page","status-publish","hentry"],"yoast_head":"<!-- This site is optimized with the Yoast SEO plugin v27.2 - https:\/\/yoast.com\/product\/yoast-seo-wordpress\/ -->\n<title>N\u00e4m\u00e4 t\u00e4ytyy n\u00e4hd\u00e4 -<\/title>\n<meta name=\"robots\" content=\"index, follow, max-snippet:-1, max-image-preview:large, max-video-preview:-1\" \/>\n<link rel=\"canonical\" href=\"https:\/\/lomahanko.info\/index.php\/nama-taytyy-nahda\/\" \/>\n<meta property=\"og:locale\" content=\"fi_FI\" \/>\n<meta property=\"og:type\" content=\"article\" \/>\n<meta property=\"og:title\" content=\"N\u00e4m\u00e4 t\u00e4ytyy n\u00e4hd\u00e4 -\" \/>\n<meta property=\"og:url\" content=\"https:\/\/lomahanko.info\/index.php\/nama-taytyy-nahda\/\" \/>\n<meta property=\"article:publisher\" content=\"https:\/\/www.facebook.com\/groups\/214625491910322\" \/>\n<meta property=\"article:modified_time\" content=\"2021-04-10T10:06:16+00:00\" \/>\n<meta property=\"og:image\" content=\"https:\/\/lomahanko.info\/wp-content\/uploads\/2020\/11\/Tyhja_transparent1.png\" \/>\n<meta name=\"twitter:card\" content=\"summary_large_image\" \/>\n<script type=\"application\/ld+json\" class=\"yoast-schema-graph\">{\"@context\":\"https:\/\/schema.org\",\"@graph\":[{\"@type\":\"WebPage\",\"@id\":\"https:\/\/lomahanko.info\/index.php\/nama-taytyy-nahda\/\",\"url\":\"https:\/\/lomahanko.info\/index.php\/nama-taytyy-nahda\/\",\"name\":\"N\u00e4m\u00e4 t\u00e4ytyy n\u00e4hd\u00e4 -\",\"isPartOf\":{\"@id\":\"https:\/\/lomahanko.info\/#website\"},\"primaryImageOfPage\":{\"@id\":\"https:\/\/lomahanko.info\/index.php\/nama-taytyy-nahda\/#primaryimage\"},\"image\":{\"@id\":\"https:\/\/lomahanko.info\/index.php\/nama-taytyy-nahda\/#primaryimage\"},\"thumbnailUrl\":\"https:\/\/lomahanko.info\/wp-content\/uploads\/2020\/11\/Tyhja_transparent1.png\",\"datePublished\":\"2020-11-10T15:10:52+00:00\",\"dateModified\":\"2021-04-10T10:06:16+00:00\",\"breadcrumb\":{\"@id\":\"https:\/\/lomahanko.info\/index.php\/nama-taytyy-nahda\/#breadcrumb\"},\"inLanguage\":\"fi\",\"potentialAction\":[{\"@type\":\"ReadAction\",\"target\":[\"https:\/\/lomahanko.info\/index.php\/nama-taytyy-nahda\/\"]}]},{\"@type\":\"ImageObject\",\"inLanguage\":\"fi\",\"@id\":\"https:\/\/lomahanko.info\/index.php\/nama-taytyy-nahda\/#primaryimage\",\"url\":\"https:\/\/lomahanko.info\/wp-content\/uploads\/2020\/11\/Tyhja_transparent1.png\",\"contentUrl\":\"https:\/\/lomahanko.info\/wp-content\/uploads\/2020\/11\/Tyhja_transparent1.png\",\"width\":687,\"height\":116},{\"@type\":\"BreadcrumbList\",\"@id\":\"https:\/\/lomahanko.info\/index.php\/nama-taytyy-nahda\/#breadcrumb\",\"itemListElement\":[{\"@type\":\"ListItem\",\"position\":1,\"name\":\"Etusivu\",\"item\":\"https:\/\/lomahanko.info\/\"},{\"@type\":\"ListItem\",\"position\":2,\"name\":\"N\u00e4m\u00e4 t\u00e4ytyy n\u00e4hd\u00e4\"}]},{\"@type\":\"WebSite\",\"@id\":\"https:\/\/lomahanko.info\/#website\",\"url\":\"https:\/\/lomahanko.info\/\",\"name\":\"\",\"description\":\"\",\"publisher\":{\"@id\":\"https:\/\/lomahanko.info\/#organization\"},\"potentialAction\":[{\"@type\":\"SearchAction\",\"target\":{\"@type\":\"EntryPoint\",\"urlTemplate\":\"https:\/\/lomahanko.info\/?s={search_term_string}\"},\"query-input\":{\"@type\":\"PropertyValueSpecification\",\"valueRequired\":true,\"valueName\":\"search_term_string\"}}],\"inLanguage\":\"fi\"},{\"@type\":\"Organization\",\"@id\":\"https:\/\/lomahanko.info\/#organization\",\"name\":\"Lomahanko\",\"url\":\"https:\/\/lomahanko.info\/\",\"logo\":{\"@type\":\"ImageObject\",\"inLanguage\":\"fi\",\"@id\":\"https:\/\/lomahanko.info\/#\/schema\/logo\/image\/\",\"url\":\"https:\/\/lomahanko.info\/wp-content\/uploads\/2020\/10\/cropped-LOMAHANKO_APP_LOGO.png\",\"contentUrl\":\"https:\/\/lomahanko.info\/wp-content\/uploads\/2020\/10\/cropped-LOMAHANKO_APP_LOGO.png\",\"width\":240,\"height\":44,\"caption\":\"Lomahanko\"},\"image\":{\"@id\":\"https:\/\/lomahanko.info\/#\/schema\/logo\/image\/\"},\"sameAs\":[\"https:\/\/www.facebook.com\/groups\/214625491910322\"]}]}<\/script>\n<!-- \/ Yoast SEO plugin. -->","yoast_head_json":{"title":"N\u00e4m\u00e4 t\u00e4ytyy n\u00e4hd\u00e4 -","robots":{"index":"index","follow":"follow","max-snippet":"max-snippet:-1","max-image-preview":"max-image-preview:large","max-video-preview":"max-video-preview:-1"},"canonical":"https:\/\/lomahanko.info\/index.php\/nama-taytyy-nahda\/","og_locale":"fi_FI","og_type":"article","og_title":"N\u00e4m\u00e4 t\u00e4ytyy n\u00e4hd\u00e4 -","og_url":"https:\/\/lomahanko.info\/index.php\/nama-taytyy-nahda\/","article_publisher":"https:\/\/www.facebook.com\/groups\/214625491910322","article_modified_time":"2021-04-10T10:06:16+00:00","og_image":[{"url":"https:\/\/lomahanko.info\/wp-content\/uploads\/2020\/11\/Tyhja_transparent1.png","type":"","width":"","height":""}],"twitter_card":"summary_large_image","schema":{"@context":"https:\/\/schema.org","@graph":[{"@type":"WebPage","@id":"https:\/\/lomahanko.info\/index.php\/nama-taytyy-nahda\/","url":"https:\/\/lomahanko.info\/index.php\/nama-taytyy-nahda\/","name":"N\u00e4m\u00e4 t\u00e4ytyy n\u00e4hd\u00e4 -","isPartOf":{"@id":"https:\/\/lomahanko.info\/#website"},"primaryImageOfPage":{"@id":"https:\/\/lomahanko.info\/index.php\/nama-taytyy-nahda\/#primaryimage"},"image":{"@id":"https:\/\/lomahanko.info\/index.php\/nama-taytyy-nahda\/#primaryimage"},"thumbnailUrl":"https:\/\/lomahanko.info\/wp-content\/uploads\/2020\/11\/Tyhja_transparent1.png","datePublished":"2020-11-10T15:10:52+00:00","dateModified":"2021-04-10T10:06:16+00:00","breadcrumb":{"@id":"https:\/\/lomahanko.info\/index.php\/nama-taytyy-nahda\/#breadcrumb"},"inLanguage":"fi","potentialAction":[{"@type":"ReadAction","target":["https:\/\/lomahanko.info\/index.php\/nama-taytyy-nahda\/"]}]},{"@type":"ImageObject","inLanguage":"fi","@id":"https:\/\/lomahanko.info\/index.php\/nama-taytyy-nahda\/#primaryimage","url":"https:\/\/lomahanko.info\/wp-content\/uploads\/2020\/11\/Tyhja_transparent1.png","contentUrl":"https:\/\/lomahanko.info\/wp-content\/uploads\/2020\/11\/Tyhja_transparent1.png","width":687,"height":116},{"@type":"BreadcrumbList","@id":"https:\/\/lomahanko.info\/index.php\/nama-taytyy-nahda\/#breadcrumb","itemListElement":[{"@type":"ListItem","position":1,"name":"Etusivu","item":"https:\/\/lomahanko.info\/"},{"@type":"ListItem","position":2,"name":"N\u00e4m\u00e4 t\u00e4ytyy n\u00e4hd\u00e4"}]},{"@type":"WebSite","@id":"https:\/\/lomahanko.info\/#website","url":"https:\/\/lomahanko.info\/","name":"","description":"","publisher":{"@id":"https:\/\/lomahanko.info\/#organization"},"potentialAction":[{"@type":"SearchAction","target":{"@type":"EntryPoint","urlTemplate":"https:\/\/lomahanko.info\/?s={search_term_string}"},"query-input":{"@type":"PropertyValueSpecification","valueRequired":true,"valueName":"search_term_string"}}],"inLanguage":"fi"},{"@type":"Organization","@id":"https:\/\/lomahanko.info\/#organization","name":"Lomahanko","url":"https:\/\/lomahanko.info\/","logo":{"@type":"ImageObject","inLanguage":"fi","@id":"https:\/\/lomahanko.info\/#\/schema\/logo\/image\/","url":"https:\/\/lomahanko.info\/wp-content\/uploads\/2020\/10\/cropped-LOMAHANKO_APP_LOGO.png","contentUrl":"https:\/\/lomahanko.info\/wp-content\/uploads\/2020\/10\/cropped-LOMAHANKO_APP_LOGO.png","width":240,"height":44,"caption":"Lomahanko"},"image":{"@id":"https:\/\/lomahanko.info\/#\/schema\/logo\/image\/"},"sameAs":["https:\/\/www.facebook.com\/groups\/214625491910322"]}]}},"_links":{"self":[{"href":"https:\/\/lomahanko.info\/index.php\/wp-json\/wp\/v2\/pages\/6253","targetHints":{"allow":["GET"]}}],"collection":[{"href":"https:\/\/lomahanko.info\/index.php\/wp-json\/wp\/v2\/pages"}],"about":[{"href":"https:\/\/lomahanko.info\/index.php\/wp-json\/wp\/v2\/types\/page"}],"author":[{"embeddable":true,"href":"https:\/\/lomahanko.info\/index.php\/wp-json\/wp\/v2\/users\/1"}],"replies":[{"embeddable":true,"href":"https:\/\/lomahanko.info\/index.php\/wp-json\/wp\/v2\/comments?post=6253"}],"version-history":[{"count":3,"href":"https:\/\/lomahanko.info\/index.php\/wp-json\/wp\/v2\/pages\/6253\/revisions"}],"predecessor-version":[{"id":6963,"href":"https:\/\/lomahanko.info\/index.php\/wp-json\/wp\/v2\/pages\/6253\/revisions\/6963"}],"wp:attachment":[{"href":"https:\/\/lomahanko.info\/index.php\/wp-json\/wp\/v2\/media?parent=6253"}],"curies":[{"name":"wp","href":"https:\/\/api.w.org\/{rel}","templated":true}]}}