{"id":6308,"date":"2020-11-11T14:05:53","date_gmt":"2020-11-11T12:05:53","guid":{"rendered":"http:\/\/norpol-event.com\/?page_id=6308"},"modified":"2020-11-11T14:05:53","modified_gmt":"2020-11-11T12:05:53","slug":"tennis","status":"publish","type":"page","link":"https:\/\/lomahanko.info\/index.php\/tennis\/","title":{"rendered":"Tennis"},"content":{"rendered":"\n<figure class=\"wp-block-image size-large\"><img loading=\"lazy\" decoding=\"async\" width=\"687\" height=\"116\" src=\"https:\/\/lomahanko.info\/wp-content\/uploads\/2020\/11\/Tyhja_transparent1.png\" alt=\"\" class=\"wp-image-6062\" srcset=\"https:\/\/lomahanko.info\/wp-content\/uploads\/2020\/11\/Tyhja_transparent1.png 687w, https:\/\/lomahanko.info\/wp-content\/uploads\/2020\/11\/Tyhja_transparent1-300x51.png 300w\" sizes=\"auto, (max-width: 687px) 100vw, 687px\" \/><\/figure>\n\n\n\n<hr class=\"wp-block-separator\"\/>\n\n\n\n<p><strong>Tennis:<\/strong><\/p>\n\n\n\n<div class=\"wp-block-columns is-layout-flex wp-container-core-columns-is-layout-9d6595d7 wp-block-columns-is-layout-flex\">\n<div class=\"wp-block-column is-layout-flow wp-block-column-is-layout-flow\" style=\"flex-basis:33.33%\">\n<figure class=\"wp-block-image size-large\"><img loading=\"lazy\" decoding=\"async\" width=\"150\" height=\"150\" src=\"https:\/\/lomahanko.info\/wp-content\/uploads\/2020\/11\/HTKLogo-150x150-1.png\" alt=\"\" class=\"wp-image-6273\"\/><\/figure>\n<\/div>\n\n\n\n<div class=\"wp-block-column is-layout-flow wp-block-column-is-layout-flow\" style=\"flex-basis:66.66%\">\n<p><strong><span class=\"has-inline-color has-white-color\">Hangon Tenniskerho ry.<\/span><\/strong><\/p>\n\n\n\n<figure class=\"wp-block-table\"><table><tbody><tr><td><strong><span class=\"has-inline-color has-white-color\">Tennisstadion<\/span><\/strong><\/td><\/tr><tr><td>10 massakentt\u00e4\u00e4\/massaplaner<br>4 plexikkentt\u00e4\u00e4\/plexiplaner<\/td><\/tr><tr><td><strong><a rel=\"noreferrer noopener\" href=\"https:\/\/playtomic.io\/wl\/a27776c1-4bd4-4255-a875-be676b3a03f9?&amp;frompartners=true\" target=\"_blank\">VARAA T\u00c4ST\u00c4<\/a><\/strong> tai <strong>Tennistoimistosta <\/strong><br><strong>p. <a href=\"tel: 0405026424\">040 5026424<\/a><\/strong><\/td><\/tr><tr><td><a rel=\"noreferrer noopener\" href=\"https:\/\/www.google.fi\/maps\/place\/Tennis+Caf%C3%A9\/@59.8247576,22.9787229,230m\/data=!3m1!1e3!4m5!3m4!1s0x468ce262121bee31:0x72dc1cb50e595480!8m2!3d59.8247327!4d22.9800249\" target=\"_blank\">Appelgrenintie 12, 10900 Hanko<\/a><\/td><\/tr><\/tbody><\/table><\/figure>\n\n\n\n<hr class=\"wp-block-separator\"\/>\n\n\n\n<figure class=\"wp-block-table\"><table><tbody><tr><td><strong><span class=\"has-inline-color has-white-color\">Cuplishalli<\/span><\/strong><\/td><\/tr><tr><td>4 kpl velour pinnoitteella olevaa kentt\u00e4\u00e4.<br>Hallin omistaa Hangon kaupunki, joka vastaa sen k\u00e4yt\u00f6st\u00e4<\/td><\/tr><tr><td><strong>Hinnat 1.9.2020 alkaen<\/strong><br><strong>Paikalliset kuntalaiset:<\/strong><br>1 kentt\u00e4 hallista&nbsp; &nbsp; &nbsp; &nbsp;10,27 \u20ac \/ h<br><strong>Muut kuin Hangossa kirjoilla olevat:&nbsp;<\/strong><br>1 kentt\u00e4 hallista&nbsp; &nbsp; &nbsp;  20,53 \u20ac \/ h<br><em><strong>Hankolaisnuorilta (alle 18 vuotiailta) ei perit\u00e4 k\u00e4ytt\u00f6maksua.<\/strong><\/em><\/td><\/tr><tr><td><a rel=\"noreferrer noopener\" href=\"https:\/\/www.google.fi\/maps\/place\/Cuplishalli\/@59.831949,22.9978136,397m\/data=!3m2!1e3!4b1!4m5!3m4!1s0x468ce285121ee381:0x65eccd3b7fc0347c!8m2!3d59.831949!4d22.9997007\" target=\"_blank\">Teollisuuskatu 4, 10960 Hanko pohjoinen<\/a><\/td><\/tr><\/tbody><\/table><\/figure>\n<\/div>\n<\/div>\n\n\n\n<hr class=\"wp-block-separator\"\/>\n\n\n\n<div class=\"wp-block-image\"><figure class=\"aligncenter size-large\"><img loading=\"lazy\" decoding=\"async\" width=\"589\" height=\"190\" src=\"https:\/\/lomahanko.info\/wp-content\/uploads\/2020\/11\/Transparent-silhuetti2.png\" alt=\"\" class=\"wp-image-6116\" srcset=\"https:\/\/lomahanko.info\/wp-content\/uploads\/2020\/11\/Transparent-silhuetti2.png 589w, https:\/\/lomahanko.info\/wp-content\/uploads\/2020\/11\/Transparent-silhuetti2-300x97.png 300w\" sizes=\"auto, (max-width: 589px) 100vw, 589px\" \/><\/figure><\/div>\n","protected":false},"excerpt":{"rendered":"<p>Tennis: Hangon Tenniskerho ry. Tennisstadion 10 massakentt\u00e4\u00e4\/massaplaner4 plexikkentt\u00e4\u00e4\/plexiplaner VARAA T\u00c4ST\u00c4 tai Tennistoimistosta p. 040 5026424 Appelgrenintie 12, 10900 Hanko Cuplishalli 4 kpl velour pinnoitteella olevaa kentt\u00e4\u00e4.Hallin omistaa Hangon kaupunki, joka vastaa sen k\u00e4yt\u00f6st\u00e4 Hinnat 1.9.2020 alkaenPaikalliset kuntalaiset:1 kentt\u00e4 hallista&nbsp; &nbsp; &nbsp; &nbsp;10,27 \u20ac \/ hMuut kuin Hangossa kirjoilla olevat:&nbsp;1 kentt\u00e4 hallista&nbsp; &nbsp; &nbsp; 20,53 \u20ac [&hellip;]<\/p>\n","protected":false},"author":1,"featured_media":0,"parent":0,"menu_order":0,"comment_status":"closed","ping_status":"closed","template":"","meta":{"footnotes":""},"class_list":["post-6308","page","type-page","status-publish","hentry"],"yoast_head":"<!-- This site is optimized with the Yoast SEO plugin v27.2 - https:\/\/yoast.com\/product\/yoast-seo-wordpress\/ -->\n<title>Tennis -<\/title>\n<meta name=\"robots\" content=\"index, follow, max-snippet:-1, max-image-preview:large, max-video-preview:-1\" \/>\n<link rel=\"canonical\" href=\"https:\/\/lomahanko.info\/index.php\/tennis\/\" \/>\n<meta property=\"og:locale\" content=\"fi_FI\" \/>\n<meta property=\"og:type\" content=\"article\" \/>\n<meta property=\"og:title\" content=\"Tennis -\" \/>\n<meta property=\"og:description\" content=\"Tennis: Hangon Tenniskerho ry. Tennisstadion 10 massakentt\u00e4\u00e4\/massaplaner4 plexikkentt\u00e4\u00e4\/plexiplaner VARAA T\u00c4ST\u00c4 tai Tennistoimistosta p. 040 5026424 Appelgrenintie 12, 10900 Hanko Cuplishalli 4 kpl velour pinnoitteella olevaa kentt\u00e4\u00e4.Hallin omistaa Hangon kaupunki, joka vastaa sen k\u00e4yt\u00f6st\u00e4 Hinnat 1.9.2020 alkaenPaikalliset kuntalaiset:1 kentt\u00e4 hallista&nbsp; &nbsp; &nbsp; &nbsp;10,27 \u20ac \/ hMuut kuin Hangossa kirjoilla olevat:&nbsp;1 kentt\u00e4 hallista&nbsp; &nbsp; &nbsp; 20,53 \u20ac [&hellip;]\" \/>\n<meta property=\"og:url\" content=\"https:\/\/lomahanko.info\/index.php\/tennis\/\" \/>\n<meta property=\"article:publisher\" content=\"https:\/\/www.facebook.com\/groups\/214625491910322\" \/>\n<meta property=\"og:image\" content=\"https:\/\/lomahanko.info\/wp-content\/uploads\/2020\/11\/Tyhja_transparent1.png\" \/>\n<meta name=\"twitter:card\" content=\"summary_large_image\" \/>\n<script type=\"application\/ld+json\" class=\"yoast-schema-graph\">{\"@context\":\"https:\/\/schema.org\",\"@graph\":[{\"@type\":\"WebPage\",\"@id\":\"https:\/\/lomahanko.info\/index.php\/tennis\/\",\"url\":\"https:\/\/lomahanko.info\/index.php\/tennis\/\",\"name\":\"Tennis -\",\"isPartOf\":{\"@id\":\"https:\/\/lomahanko.info\/#website\"},\"primaryImageOfPage\":{\"@id\":\"https:\/\/lomahanko.info\/index.php\/tennis\/#primaryimage\"},\"image\":{\"@id\":\"https:\/\/lomahanko.info\/index.php\/tennis\/#primaryimage\"},\"thumbnailUrl\":\"https:\/\/lomahanko.info\/wp-content\/uploads\/2020\/11\/Tyhja_transparent1.png\",\"datePublished\":\"2020-11-11T12:05:53+00:00\",\"breadcrumb\":{\"@id\":\"https:\/\/lomahanko.info\/index.php\/tennis\/#breadcrumb\"},\"inLanguage\":\"fi\",\"potentialAction\":[{\"@type\":\"ReadAction\",\"target\":[\"https:\/\/lomahanko.info\/index.php\/tennis\/\"]}]},{\"@type\":\"ImageObject\",\"inLanguage\":\"fi\",\"@id\":\"https:\/\/lomahanko.info\/index.php\/tennis\/#primaryimage\",\"url\":\"https:\/\/lomahanko.info\/wp-content\/uploads\/2020\/11\/Tyhja_transparent1.png\",\"contentUrl\":\"https:\/\/lomahanko.info\/wp-content\/uploads\/2020\/11\/Tyhja_transparent1.png\",\"width\":687,\"height\":116},{\"@type\":\"BreadcrumbList\",\"@id\":\"https:\/\/lomahanko.info\/index.php\/tennis\/#breadcrumb\",\"itemListElement\":[{\"@type\":\"ListItem\",\"position\":1,\"name\":\"Etusivu\",\"item\":\"https:\/\/lomahanko.info\/\"},{\"@type\":\"ListItem\",\"position\":2,\"name\":\"Tennis\"}]},{\"@type\":\"WebSite\",\"@id\":\"https:\/\/lomahanko.info\/#website\",\"url\":\"https:\/\/lomahanko.info\/\",\"name\":\"\",\"description\":\"\",\"publisher\":{\"@id\":\"https:\/\/lomahanko.info\/#organization\"},\"potentialAction\":[{\"@type\":\"SearchAction\",\"target\":{\"@type\":\"EntryPoint\",\"urlTemplate\":\"https:\/\/lomahanko.info\/?s={search_term_string}\"},\"query-input\":{\"@type\":\"PropertyValueSpecification\",\"valueRequired\":true,\"valueName\":\"search_term_string\"}}],\"inLanguage\":\"fi\"},{\"@type\":\"Organization\",\"@id\":\"https:\/\/lomahanko.info\/#organization\",\"name\":\"Lomahanko\",\"url\":\"https:\/\/lomahanko.info\/\",\"logo\":{\"@type\":\"ImageObject\",\"inLanguage\":\"fi\",\"@id\":\"https:\/\/lomahanko.info\/#\/schema\/logo\/image\/\",\"url\":\"https:\/\/lomahanko.info\/wp-content\/uploads\/2020\/10\/cropped-LOMAHANKO_APP_LOGO.png\",\"contentUrl\":\"https:\/\/lomahanko.info\/wp-content\/uploads\/2020\/10\/cropped-LOMAHANKO_APP_LOGO.png\",\"width\":240,\"height\":44,\"caption\":\"Lomahanko\"},\"image\":{\"@id\":\"https:\/\/lomahanko.info\/#\/schema\/logo\/image\/\"},\"sameAs\":[\"https:\/\/www.facebook.com\/groups\/214625491910322\"]}]}<\/script>\n<!-- \/ Yoast SEO plugin. -->","yoast_head_json":{"title":"Tennis -","robots":{"index":"index","follow":"follow","max-snippet":"max-snippet:-1","max-image-preview":"max-image-preview:large","max-video-preview":"max-video-preview:-1"},"canonical":"https:\/\/lomahanko.info\/index.php\/tennis\/","og_locale":"fi_FI","og_type":"article","og_title":"Tennis -","og_description":"Tennis: Hangon Tenniskerho ry. Tennisstadion 10 massakentt\u00e4\u00e4\/massaplaner4 plexikkentt\u00e4\u00e4\/plexiplaner VARAA T\u00c4ST\u00c4 tai Tennistoimistosta p. 040 5026424 Appelgrenintie 12, 10900 Hanko Cuplishalli 4 kpl velour pinnoitteella olevaa kentt\u00e4\u00e4.Hallin omistaa Hangon kaupunki, joka vastaa sen k\u00e4yt\u00f6st\u00e4 Hinnat 1.9.2020 alkaenPaikalliset kuntalaiset:1 kentt\u00e4 hallista&nbsp; &nbsp; &nbsp; &nbsp;10,27 \u20ac \/ hMuut kuin Hangossa kirjoilla olevat:&nbsp;1 kentt\u00e4 hallista&nbsp; &nbsp; &nbsp; 20,53 \u20ac [&hellip;]","og_url":"https:\/\/lomahanko.info\/index.php\/tennis\/","article_publisher":"https:\/\/www.facebook.com\/groups\/214625491910322","og_image":[{"url":"https:\/\/lomahanko.info\/wp-content\/uploads\/2020\/11\/Tyhja_transparent1.png","type":"","width":"","height":""}],"twitter_card":"summary_large_image","schema":{"@context":"https:\/\/schema.org","@graph":[{"@type":"WebPage","@id":"https:\/\/lomahanko.info\/index.php\/tennis\/","url":"https:\/\/lomahanko.info\/index.php\/tennis\/","name":"Tennis -","isPartOf":{"@id":"https:\/\/lomahanko.info\/#website"},"primaryImageOfPage":{"@id":"https:\/\/lomahanko.info\/index.php\/tennis\/#primaryimage"},"image":{"@id":"https:\/\/lomahanko.info\/index.php\/tennis\/#primaryimage"},"thumbnailUrl":"https:\/\/lomahanko.info\/wp-content\/uploads\/2020\/11\/Tyhja_transparent1.png","datePublished":"2020-11-11T12:05:53+00:00","breadcrumb":{"@id":"https:\/\/lomahanko.info\/index.php\/tennis\/#breadcrumb"},"inLanguage":"fi","potentialAction":[{"@type":"ReadAction","target":["https:\/\/lomahanko.info\/index.php\/tennis\/"]}]},{"@type":"ImageObject","inLanguage":"fi","@id":"https:\/\/lomahanko.info\/index.php\/tennis\/#primaryimage","url":"https:\/\/lomahanko.info\/wp-content\/uploads\/2020\/11\/Tyhja_transparent1.png","contentUrl":"https:\/\/lomahanko.info\/wp-content\/uploads\/2020\/11\/Tyhja_transparent1.png","width":687,"height":116},{"@type":"BreadcrumbList","@id":"https:\/\/lomahanko.info\/index.php\/tennis\/#breadcrumb","itemListElement":[{"@type":"ListItem","position":1,"name":"Etusivu","item":"https:\/\/lomahanko.info\/"},{"@type":"ListItem","position":2,"name":"Tennis"}]},{"@type":"WebSite","@id":"https:\/\/lomahanko.info\/#website","url":"https:\/\/lomahanko.info\/","name":"","description":"","publisher":{"@id":"https:\/\/lomahanko.info\/#organization"},"potentialAction":[{"@type":"SearchAction","target":{"@type":"EntryPoint","urlTemplate":"https:\/\/lomahanko.info\/?s={search_term_string}"},"query-input":{"@type":"PropertyValueSpecification","valueRequired":true,"valueName":"search_term_string"}}],"inLanguage":"fi"},{"@type":"Organization","@id":"https:\/\/lomahanko.info\/#organization","name":"Lomahanko","url":"https:\/\/lomahanko.info\/","logo":{"@type":"ImageObject","inLanguage":"fi","@id":"https:\/\/lomahanko.info\/#\/schema\/logo\/image\/","url":"https:\/\/lomahanko.info\/wp-content\/uploads\/2020\/10\/cropped-LOMAHANKO_APP_LOGO.png","contentUrl":"https:\/\/lomahanko.info\/wp-content\/uploads\/2020\/10\/cropped-LOMAHANKO_APP_LOGO.png","width":240,"height":44,"caption":"Lomahanko"},"image":{"@id":"https:\/\/lomahanko.info\/#\/schema\/logo\/image\/"},"sameAs":["https:\/\/www.facebook.com\/groups\/214625491910322"]}]}},"_links":{"self":[{"href":"https:\/\/lomahanko.info\/index.php\/wp-json\/wp\/v2\/pages\/6308","targetHints":{"allow":["GET"]}}],"collection":[{"href":"https:\/\/lomahanko.info\/index.php\/wp-json\/wp\/v2\/pages"}],"about":[{"href":"https:\/\/lomahanko.info\/index.php\/wp-json\/wp\/v2\/types\/page"}],"author":[{"embeddable":true,"href":"https:\/\/lomahanko.info\/index.php\/wp-json\/wp\/v2\/users\/1"}],"replies":[{"embeddable":true,"href":"https:\/\/lomahanko.info\/index.php\/wp-json\/wp\/v2\/comments?post=6308"}],"version-history":[{"count":0,"href":"https:\/\/lomahanko.info\/index.php\/wp-json\/wp\/v2\/pages\/6308\/revisions"}],"wp:attachment":[{"href":"https:\/\/lomahanko.info\/index.php\/wp-json\/wp\/v2\/media?parent=6308"}],"curies":[{"name":"wp","href":"https:\/\/api.w.org\/{rel}","templated":true}]}}