{"id":6324,"date":"2020-11-11T14:29:59","date_gmt":"2020-11-11T12:29:59","guid":{"rendered":"http:\/\/norpol-event.com\/?page_id=6324"},"modified":"2022-05-18T12:44:44","modified_gmt":"2022-05-18T09:44:44","slug":"lahiliikuntapuisto-feffe-park","status":"publish","type":"page","link":"https:\/\/lomahanko.info\/index.php\/lahiliikuntapuisto-feffe-park\/","title":{"rendered":"L\u00e4hiliikuntapuisto Feffe Park"},"content":{"rendered":"\n<figure class=\"wp-block-image size-large\"><img loading=\"lazy\" decoding=\"async\" width=\"687\" height=\"116\" src=\"https:\/\/lomahanko.info\/wp-content\/uploads\/2020\/11\/Tyhja_transparent1.png\" alt=\"\" class=\"wp-image-6062\" srcset=\"https:\/\/lomahanko.info\/wp-content\/uploads\/2020\/11\/Tyhja_transparent1.png 687w, https:\/\/lomahanko.info\/wp-content\/uploads\/2020\/11\/Tyhja_transparent1-300x51.png 300w\" sizes=\"auto, (max-width: 687px) 100vw, 687px\" \/><\/figure>\n\n\n\n<hr class=\"wp-block-separator\"\/>\n\n\n\n<p>Keskustassa sijaitseva l\u00e4hiliikuntapuisto Feffe Park on nuorten suosiossa oleva monipuolinen liikuntapaikka, jossa my\u00f6s varttuneemmat voivat pelata petanquea. Seurat voivat hy\u00f6dynt\u00e4\u00e4 tekonurmikentt\u00e4\u00e4 harjoituksissaan. Skeittipuisto on kelien salliessa ahkerassa k\u00e4yt\u00f6ss\u00e4 ja on avoinna kaikille. My\u00f6s ulkokuntoilualuetta ja muita kentti\u00e4 jotka p\u00e4iv\u00e4saikaan ovat koulujen k\u00e4yt\u00f6ss\u00e4 saa vapaasti k\u00e4ytt\u00e4\u00e4.<\/p>\n\n\n\n<ul class=\"wp-block-list\"><li>Tekonurmikentt\u00e4, pes\u00e4pallo, jalkapallo.<\/li><li>J\u00e4\u00e4kiekkokaukalo<\/li><li>Betoniskeittialue ja Bmx-rata.<\/li><li>Koripalloareena<\/li><li>Pelih\u00e4kki<\/li><li>Ulkokuntolaitteet 9 kpl<\/li><li>Minifrisbeegolfrata 9 rataa&nbsp;(Keskuskoulun ja urheilutalon takana oleva kallioalue)<\/li><li>Petanque-kentt\u00e4<\/li><\/ul>\n\n\n\n<p><strong><a href=\"https:\/\/www.google.fi\/maps\/place\/Feffe+park\/@59.829369,22.966585,17z\/data=!3m1!4b1!4m12!1m6!3m5!1s0x468ce2f53ee0fc13:0xcc35074bf804fc46!2sFeffe+park!8m2!3d59.829369!4d22.9687737!3m4!1s0x468ce2f53ee0fc13:0xcc35074bf804fc46!8m2!3d59.829369!4d22.9687737\" target=\"_blank\" rel=\"noreferrer noopener\">Katso sijainti t\u00e4st\u00e4<\/a><\/strong><\/p>\n\n\n\n<figure class=\"wp-block-image size-large\"><img loading=\"lazy\" decoding=\"async\" width=\"589\" height=\"190\" src=\"https:\/\/lomahanko.info\/wp-content\/uploads\/2020\/11\/Transparent-silhuetti2.png\" alt=\"\" class=\"wp-image-6116\" srcset=\"https:\/\/lomahanko.info\/wp-content\/uploads\/2020\/11\/Transparent-silhuetti2.png 589w, https:\/\/lomahanko.info\/wp-content\/uploads\/2020\/11\/Transparent-silhuetti2-300x97.png 300w\" sizes=\"auto, (max-width: 589px) 100vw, 589px\" \/><\/figure>\n","protected":false},"excerpt":{"rendered":"<p>Keskustassa sijaitseva l\u00e4hiliikuntapuisto Feffe Park on nuorten suosiossa oleva monipuolinen liikuntapaikka, jossa my\u00f6s varttuneemmat voivat pelata petanquea. Seurat voivat hy\u00f6dynt\u00e4\u00e4 tekonurmikentt\u00e4\u00e4 harjoituksissaan. Skeittipuisto on kelien salliessa ahkerassa k\u00e4yt\u00f6ss\u00e4 ja on avoinna kaikille. My\u00f6s ulkokuntoilualuetta ja muita kentti\u00e4 jotka p\u00e4iv\u00e4saikaan ovat koulujen k\u00e4yt\u00f6ss\u00e4 saa vapaasti k\u00e4ytt\u00e4\u00e4. Tekonurmikentt\u00e4, pes\u00e4pallo, jalkapallo. J\u00e4\u00e4kiekkokaukalo Betoniskeittialue ja Bmx-rata. Koripalloareena Pelih\u00e4kki Ulkokuntolaitteet [&hellip;]<\/p>\n","protected":false},"author":1,"featured_media":0,"parent":0,"menu_order":0,"comment_status":"closed","ping_status":"closed","template":"","meta":{"footnotes":""},"class_list":["post-6324","page","type-page","status-publish","hentry"],"yoast_head":"<!-- This site is optimized with the Yoast SEO plugin v27.2 - https:\/\/yoast.com\/product\/yoast-seo-wordpress\/ -->\n<title>L\u00e4hiliikuntapuisto Feffe Park -<\/title>\n<meta name=\"robots\" content=\"index, follow, max-snippet:-1, max-image-preview:large, max-video-preview:-1\" \/>\n<link rel=\"canonical\" href=\"https:\/\/lomahanko.info\/index.php\/lahiliikuntapuisto-feffe-park\/\" \/>\n<meta property=\"og:locale\" content=\"fi_FI\" \/>\n<meta property=\"og:type\" content=\"article\" \/>\n<meta property=\"og:title\" content=\"L\u00e4hiliikuntapuisto Feffe Park -\" \/>\n<meta property=\"og:description\" content=\"Keskustassa sijaitseva l\u00e4hiliikuntapuisto Feffe Park on nuorten suosiossa oleva monipuolinen liikuntapaikka, jossa my\u00f6s varttuneemmat voivat pelata petanquea. Seurat voivat hy\u00f6dynt\u00e4\u00e4 tekonurmikentt\u00e4\u00e4 harjoituksissaan. Skeittipuisto on kelien salliessa ahkerassa k\u00e4yt\u00f6ss\u00e4 ja on avoinna kaikille. My\u00f6s ulkokuntoilualuetta ja muita kentti\u00e4 jotka p\u00e4iv\u00e4saikaan ovat koulujen k\u00e4yt\u00f6ss\u00e4 saa vapaasti k\u00e4ytt\u00e4\u00e4. Tekonurmikentt\u00e4, pes\u00e4pallo, jalkapallo. J\u00e4\u00e4kiekkokaukalo Betoniskeittialue ja Bmx-rata. Koripalloareena Pelih\u00e4kki Ulkokuntolaitteet [&hellip;]\" \/>\n<meta property=\"og:url\" content=\"https:\/\/lomahanko.info\/index.php\/lahiliikuntapuisto-feffe-park\/\" \/>\n<meta property=\"article:publisher\" content=\"https:\/\/www.facebook.com\/groups\/214625491910322\" \/>\n<meta property=\"article:modified_time\" content=\"2022-05-18T09:44:44+00:00\" \/>\n<meta property=\"og:image\" content=\"https:\/\/lomahanko.info\/wp-content\/uploads\/2020\/11\/Tyhja_transparent1.png\" \/>\n<meta name=\"twitter:card\" content=\"summary_large_image\" \/>\n<meta name=\"twitter:label1\" content=\"Arvioitu lukuaika\" \/>\n\t<meta name=\"twitter:data1\" content=\"1 minuutti\" \/>\n<script type=\"application\/ld+json\" class=\"yoast-schema-graph\">{\"@context\":\"https:\/\/schema.org\",\"@graph\":[{\"@type\":\"WebPage\",\"@id\":\"https:\/\/lomahanko.info\/index.php\/lahiliikuntapuisto-feffe-park\/\",\"url\":\"https:\/\/lomahanko.info\/index.php\/lahiliikuntapuisto-feffe-park\/\",\"name\":\"L\u00e4hiliikuntapuisto Feffe Park -\",\"isPartOf\":{\"@id\":\"https:\/\/lomahanko.info\/#website\"},\"primaryImageOfPage\":{\"@id\":\"https:\/\/lomahanko.info\/index.php\/lahiliikuntapuisto-feffe-park\/#primaryimage\"},\"image\":{\"@id\":\"https:\/\/lomahanko.info\/index.php\/lahiliikuntapuisto-feffe-park\/#primaryimage\"},\"thumbnailUrl\":\"https:\/\/lomahanko.info\/wp-content\/uploads\/2020\/11\/Tyhja_transparent1.png\",\"datePublished\":\"2020-11-11T12:29:59+00:00\",\"dateModified\":\"2022-05-18T09:44:44+00:00\",\"breadcrumb\":{\"@id\":\"https:\/\/lomahanko.info\/index.php\/lahiliikuntapuisto-feffe-park\/#breadcrumb\"},\"inLanguage\":\"fi\",\"potentialAction\":[{\"@type\":\"ReadAction\",\"target\":[\"https:\/\/lomahanko.info\/index.php\/lahiliikuntapuisto-feffe-park\/\"]}]},{\"@type\":\"ImageObject\",\"inLanguage\":\"fi\",\"@id\":\"https:\/\/lomahanko.info\/index.php\/lahiliikuntapuisto-feffe-park\/#primaryimage\",\"url\":\"https:\/\/lomahanko.info\/wp-content\/uploads\/2020\/11\/Tyhja_transparent1.png\",\"contentUrl\":\"https:\/\/lomahanko.info\/wp-content\/uploads\/2020\/11\/Tyhja_transparent1.png\",\"width\":687,\"height\":116},{\"@type\":\"BreadcrumbList\",\"@id\":\"https:\/\/lomahanko.info\/index.php\/lahiliikuntapuisto-feffe-park\/#breadcrumb\",\"itemListElement\":[{\"@type\":\"ListItem\",\"position\":1,\"name\":\"Etusivu\",\"item\":\"https:\/\/lomahanko.info\/\"},{\"@type\":\"ListItem\",\"position\":2,\"name\":\"L\u00e4hiliikuntapuisto Feffe Park\"}]},{\"@type\":\"WebSite\",\"@id\":\"https:\/\/lomahanko.info\/#website\",\"url\":\"https:\/\/lomahanko.info\/\",\"name\":\"\",\"description\":\"\",\"publisher\":{\"@id\":\"https:\/\/lomahanko.info\/#organization\"},\"potentialAction\":[{\"@type\":\"SearchAction\",\"target\":{\"@type\":\"EntryPoint\",\"urlTemplate\":\"https:\/\/lomahanko.info\/?s={search_term_string}\"},\"query-input\":{\"@type\":\"PropertyValueSpecification\",\"valueRequired\":true,\"valueName\":\"search_term_string\"}}],\"inLanguage\":\"fi\"},{\"@type\":\"Organization\",\"@id\":\"https:\/\/lomahanko.info\/#organization\",\"name\":\"Lomahanko\",\"url\":\"https:\/\/lomahanko.info\/\",\"logo\":{\"@type\":\"ImageObject\",\"inLanguage\":\"fi\",\"@id\":\"https:\/\/lomahanko.info\/#\/schema\/logo\/image\/\",\"url\":\"https:\/\/lomahanko.info\/wp-content\/uploads\/2020\/10\/cropped-LOMAHANKO_APP_LOGO.png\",\"contentUrl\":\"https:\/\/lomahanko.info\/wp-content\/uploads\/2020\/10\/cropped-LOMAHANKO_APP_LOGO.png\",\"width\":240,\"height\":44,\"caption\":\"Lomahanko\"},\"image\":{\"@id\":\"https:\/\/lomahanko.info\/#\/schema\/logo\/image\/\"},\"sameAs\":[\"https:\/\/www.facebook.com\/groups\/214625491910322\"]}]}<\/script>\n<!-- \/ Yoast SEO plugin. -->","yoast_head_json":{"title":"L\u00e4hiliikuntapuisto Feffe Park -","robots":{"index":"index","follow":"follow","max-snippet":"max-snippet:-1","max-image-preview":"max-image-preview:large","max-video-preview":"max-video-preview:-1"},"canonical":"https:\/\/lomahanko.info\/index.php\/lahiliikuntapuisto-feffe-park\/","og_locale":"fi_FI","og_type":"article","og_title":"L\u00e4hiliikuntapuisto Feffe Park -","og_description":"Keskustassa sijaitseva l\u00e4hiliikuntapuisto Feffe Park on nuorten suosiossa oleva monipuolinen liikuntapaikka, jossa my\u00f6s varttuneemmat voivat pelata petanquea. Seurat voivat hy\u00f6dynt\u00e4\u00e4 tekonurmikentt\u00e4\u00e4 harjoituksissaan. Skeittipuisto on kelien salliessa ahkerassa k\u00e4yt\u00f6ss\u00e4 ja on avoinna kaikille. My\u00f6s ulkokuntoilualuetta ja muita kentti\u00e4 jotka p\u00e4iv\u00e4saikaan ovat koulujen k\u00e4yt\u00f6ss\u00e4 saa vapaasti k\u00e4ytt\u00e4\u00e4. Tekonurmikentt\u00e4, pes\u00e4pallo, jalkapallo. J\u00e4\u00e4kiekkokaukalo Betoniskeittialue ja Bmx-rata. Koripalloareena Pelih\u00e4kki Ulkokuntolaitteet [&hellip;]","og_url":"https:\/\/lomahanko.info\/index.php\/lahiliikuntapuisto-feffe-park\/","article_publisher":"https:\/\/www.facebook.com\/groups\/214625491910322","article_modified_time":"2022-05-18T09:44:44+00:00","og_image":[{"url":"https:\/\/lomahanko.info\/wp-content\/uploads\/2020\/11\/Tyhja_transparent1.png","type":"","width":"","height":""}],"twitter_card":"summary_large_image","twitter_misc":{"Arvioitu lukuaika":"1 minuutti"},"schema":{"@context":"https:\/\/schema.org","@graph":[{"@type":"WebPage","@id":"https:\/\/lomahanko.info\/index.php\/lahiliikuntapuisto-feffe-park\/","url":"https:\/\/lomahanko.info\/index.php\/lahiliikuntapuisto-feffe-park\/","name":"L\u00e4hiliikuntapuisto Feffe Park -","isPartOf":{"@id":"https:\/\/lomahanko.info\/#website"},"primaryImageOfPage":{"@id":"https:\/\/lomahanko.info\/index.php\/lahiliikuntapuisto-feffe-park\/#primaryimage"},"image":{"@id":"https:\/\/lomahanko.info\/index.php\/lahiliikuntapuisto-feffe-park\/#primaryimage"},"thumbnailUrl":"https:\/\/lomahanko.info\/wp-content\/uploads\/2020\/11\/Tyhja_transparent1.png","datePublished":"2020-11-11T12:29:59+00:00","dateModified":"2022-05-18T09:44:44+00:00","breadcrumb":{"@id":"https:\/\/lomahanko.info\/index.php\/lahiliikuntapuisto-feffe-park\/#breadcrumb"},"inLanguage":"fi","potentialAction":[{"@type":"ReadAction","target":["https:\/\/lomahanko.info\/index.php\/lahiliikuntapuisto-feffe-park\/"]}]},{"@type":"ImageObject","inLanguage":"fi","@id":"https:\/\/lomahanko.info\/index.php\/lahiliikuntapuisto-feffe-park\/#primaryimage","url":"https:\/\/lomahanko.info\/wp-content\/uploads\/2020\/11\/Tyhja_transparent1.png","contentUrl":"https:\/\/lomahanko.info\/wp-content\/uploads\/2020\/11\/Tyhja_transparent1.png","width":687,"height":116},{"@type":"BreadcrumbList","@id":"https:\/\/lomahanko.info\/index.php\/lahiliikuntapuisto-feffe-park\/#breadcrumb","itemListElement":[{"@type":"ListItem","position":1,"name":"Etusivu","item":"https:\/\/lomahanko.info\/"},{"@type":"ListItem","position":2,"name":"L\u00e4hiliikuntapuisto Feffe Park"}]},{"@type":"WebSite","@id":"https:\/\/lomahanko.info\/#website","url":"https:\/\/lomahanko.info\/","name":"","description":"","publisher":{"@id":"https:\/\/lomahanko.info\/#organization"},"potentialAction":[{"@type":"SearchAction","target":{"@type":"EntryPoint","urlTemplate":"https:\/\/lomahanko.info\/?s={search_term_string}"},"query-input":{"@type":"PropertyValueSpecification","valueRequired":true,"valueName":"search_term_string"}}],"inLanguage":"fi"},{"@type":"Organization","@id":"https:\/\/lomahanko.info\/#organization","name":"Lomahanko","url":"https:\/\/lomahanko.info\/","logo":{"@type":"ImageObject","inLanguage":"fi","@id":"https:\/\/lomahanko.info\/#\/schema\/logo\/image\/","url":"https:\/\/lomahanko.info\/wp-content\/uploads\/2020\/10\/cropped-LOMAHANKO_APP_LOGO.png","contentUrl":"https:\/\/lomahanko.info\/wp-content\/uploads\/2020\/10\/cropped-LOMAHANKO_APP_LOGO.png","width":240,"height":44,"caption":"Lomahanko"},"image":{"@id":"https:\/\/lomahanko.info\/#\/schema\/logo\/image\/"},"sameAs":["https:\/\/www.facebook.com\/groups\/214625491910322"]}]}},"_links":{"self":[{"href":"https:\/\/lomahanko.info\/index.php\/wp-json\/wp\/v2\/pages\/6324","targetHints":{"allow":["GET"]}}],"collection":[{"href":"https:\/\/lomahanko.info\/index.php\/wp-json\/wp\/v2\/pages"}],"about":[{"href":"https:\/\/lomahanko.info\/index.php\/wp-json\/wp\/v2\/types\/page"}],"author":[{"embeddable":true,"href":"https:\/\/lomahanko.info\/index.php\/wp-json\/wp\/v2\/users\/1"}],"replies":[{"embeddable":true,"href":"https:\/\/lomahanko.info\/index.php\/wp-json\/wp\/v2\/comments?post=6324"}],"version-history":[{"count":1,"href":"https:\/\/lomahanko.info\/index.php\/wp-json\/wp\/v2\/pages\/6324\/revisions"}],"predecessor-version":[{"id":7439,"href":"https:\/\/lomahanko.info\/index.php\/wp-json\/wp\/v2\/pages\/6324\/revisions\/7439"}],"wp:attachment":[{"href":"https:\/\/lomahanko.info\/index.php\/wp-json\/wp\/v2\/media?parent=6324"}],"curies":[{"name":"wp","href":"https:\/\/api.w.org\/{rel}","templated":true}]}}