{"id":6334,"date":"2020-11-11T14:52:52","date_gmt":"2020-11-11T12:52:52","guid":{"rendered":"http:\/\/norpol-event.com\/?page_id=6334"},"modified":"2022-05-20T08:15:10","modified_gmt":"2022-05-20T05:15:10","slug":"muut-hangon-kaupungin-yllapitamat-pelikentat","status":"publish","type":"page","link":"https:\/\/lomahanko.info\/index.php\/muut-hangon-kaupungin-yllapitamat-pelikentat\/","title":{"rendered":"Muut Hangon-kaupungin yll\u00e4pit\u00e4m\u00e4t pelikent\u00e4t"},"content":{"rendered":"\n<figure class=\"wp-block-image size-large\"><img loading=\"lazy\" decoding=\"async\" width=\"687\" height=\"116\" src=\"https:\/\/lomahanko.info\/wp-content\/uploads\/2020\/11\/Tyhja_transparent1.png\" alt=\"\" class=\"wp-image-6062\" srcset=\"https:\/\/lomahanko.info\/wp-content\/uploads\/2020\/11\/Tyhja_transparent1.png 687w, https:\/\/lomahanko.info\/wp-content\/uploads\/2020\/11\/Tyhja_transparent1-300x51.png 300w\" sizes=\"auto, (max-width: 687px) 100vw, 687px\" \/><\/figure>\n\n\n\n<hr class=\"wp-block-separator\"\/>\n\n\n\n<figure class=\"wp-block-table\"><table><tbody><tr><td><strong>T\u00e4ktomin kentt\u00e4, T\u00e4ktomintie<\/strong><\/td><\/tr><tr><td>jalkapallokentt\u00e4 90 x 45 m, pelialusta ruoho.<br>liikuntalajit: jalkapallo.<\/td><\/tr><tr><td><a href=\"https:\/\/www.google.fi\/maps\/search\/t%C3%A4ktomin+kentt%C3%A4\/@59.8395946,23.0504442,2110m\/data=!3m1!1e3\" target=\"_blank\" rel=\"noreferrer noopener\">Katso sijainti t\u00e4st\u00e4<\/a><\/td><\/tr><\/tbody><\/table><\/figure>\n\n\n\n<hr class=\"wp-block-separator\"\/>\n\n\n\n<figure class=\"wp-block-table\"><table><tbody><tr><td><strong>Vanha Urheilukentt\u00e4, Koulukatu<\/strong><\/td><\/tr><tr><td>Jalkapallo ja pes\u00e4pallo<br>Noin 100m x 60m hiekkakentt\u00e4<\/td><\/tr><tr><td><a href=\"https:\/\/www.google.fi\/maps\/place\/Koulukadun+kentt%C3%A4\/@61.4924901,23.7454582,17z\/data=!4m12!1m6!3m5!1s0x468ed8b0fff11e31:0xff87a7767228e4ab!2sKoulukadun+kentt%C3%A4!8m2!3d61.4924901!4d23.7476469!3m4!1s0x468ed8b0fff11e31:0xff87a7767228e4ab!8m2!3d61.4924901!4d23.7476469\" target=\"_blank\" rel=\"noreferrer noopener\">Katso sijainti t\u00e4st\u00e4<\/a><\/td><\/tr><\/tbody><\/table><\/figure>\n\n\n\n<hr class=\"wp-block-separator\"\/>\n\n\n\n<figure class=\"wp-block-table\"><table><tbody><tr><td><strong>Lappohjan kentt\u00e4<\/strong><\/td><\/tr><tr><td>pallokentt\u00e4 80 x 60 m, alustana hiekka, valaistus, talviaikoina luistelukentt\u00e4 ja tenniskentt\u00e4 alustana asfaltti.<br>liikuntalajit: pallopelit, luistelu ja tennis.<\/td><\/tr><tr><td><a href=\"https:\/\/www.google.fi\/maps\/place\/Lappohjan+urheilukentt%C3%A4\/@59.9008398,23.2525291,15z\/data=!4m8!1m2!2m1!1sLappohjan+kentt%C3%A4!3m4!1s0x468d03f2057b1823:0x750d7613e8603374!8m2!3d59.9031865!4d23.2486099\" target=\"_blank\" rel=\"noreferrer noopener\">Katso sijainti t\u00e4st\u00e4<\/a><\/td><\/tr><\/tbody><\/table><\/figure>\n\n\n\n<hr class=\"wp-block-separator\"\/>\n","protected":false},"excerpt":{"rendered":"<p>T\u00e4ktomin kentt\u00e4, T\u00e4ktomintie jalkapallokentt\u00e4 90 x 45 m, pelialusta ruoho.liikuntalajit: jalkapallo. Katso sijainti t\u00e4st\u00e4 Vanha Urheilukentt\u00e4, Koulukatu Jalkapallo ja pes\u00e4palloNoin 100m x 60m hiekkakentt\u00e4 Katso sijainti t\u00e4st\u00e4 Lappohjan kentt\u00e4 pallokentt\u00e4 80 x 60 m, alustana hiekka, valaistus, talviaikoina luistelukentt\u00e4 ja tenniskentt\u00e4 alustana asfaltti.liikuntalajit: pallopelit, luistelu ja tennis. Katso sijainti t\u00e4st\u00e4<\/p>\n","protected":false},"author":1,"featured_media":0,"parent":0,"menu_order":0,"comment_status":"closed","ping_status":"closed","template":"","meta":{"footnotes":""},"class_list":["post-6334","page","type-page","status-publish","hentry"],"yoast_head":"<!-- This site is optimized with the Yoast SEO plugin v27.2 - https:\/\/yoast.com\/product\/yoast-seo-wordpress\/ -->\n<title>Muut Hangon-kaupungin yll\u00e4pit\u00e4m\u00e4t pelikent\u00e4t -<\/title>\n<meta name=\"robots\" content=\"index, follow, max-snippet:-1, max-image-preview:large, max-video-preview:-1\" \/>\n<link rel=\"canonical\" href=\"https:\/\/lomahanko.info\/index.php\/muut-hangon-kaupungin-yllapitamat-pelikentat\/\" \/>\n<meta property=\"og:locale\" content=\"fi_FI\" \/>\n<meta property=\"og:type\" content=\"article\" \/>\n<meta property=\"og:title\" content=\"Muut Hangon-kaupungin yll\u00e4pit\u00e4m\u00e4t pelikent\u00e4t -\" \/>\n<meta property=\"og:description\" content=\"T\u00e4ktomin kentt\u00e4, T\u00e4ktomintie jalkapallokentt\u00e4 90 x 45 m, pelialusta ruoho.liikuntalajit: jalkapallo. Katso sijainti t\u00e4st\u00e4 Vanha Urheilukentt\u00e4, Koulukatu Jalkapallo ja pes\u00e4palloNoin 100m x 60m hiekkakentt\u00e4 Katso sijainti t\u00e4st\u00e4 Lappohjan kentt\u00e4 pallokentt\u00e4 80 x 60 m, alustana hiekka, valaistus, talviaikoina luistelukentt\u00e4 ja tenniskentt\u00e4 alustana asfaltti.liikuntalajit: pallopelit, luistelu ja tennis. Katso sijainti t\u00e4st\u00e4\" \/>\n<meta property=\"og:url\" content=\"https:\/\/lomahanko.info\/index.php\/muut-hangon-kaupungin-yllapitamat-pelikentat\/\" \/>\n<meta property=\"article:publisher\" content=\"https:\/\/www.facebook.com\/groups\/214625491910322\" \/>\n<meta property=\"article:modified_time\" content=\"2022-05-20T05:15:10+00:00\" \/>\n<meta property=\"og:image\" content=\"https:\/\/lomahanko.info\/wp-content\/uploads\/2020\/11\/Tyhja_transparent1.png\" \/>\n<meta name=\"twitter:card\" content=\"summary_large_image\" \/>\n<meta name=\"twitter:label1\" content=\"Arvioitu lukuaika\" \/>\n\t<meta name=\"twitter:data1\" content=\"1 minuutti\" \/>\n<script type=\"application\/ld+json\" class=\"yoast-schema-graph\">{\"@context\":\"https:\/\/schema.org\",\"@graph\":[{\"@type\":\"WebPage\",\"@id\":\"https:\/\/lomahanko.info\/index.php\/muut-hangon-kaupungin-yllapitamat-pelikentat\/\",\"url\":\"https:\/\/lomahanko.info\/index.php\/muut-hangon-kaupungin-yllapitamat-pelikentat\/\",\"name\":\"Muut Hangon-kaupungin yll\u00e4pit\u00e4m\u00e4t pelikent\u00e4t -\",\"isPartOf\":{\"@id\":\"https:\/\/lomahanko.info\/#website\"},\"primaryImageOfPage\":{\"@id\":\"https:\/\/lomahanko.info\/index.php\/muut-hangon-kaupungin-yllapitamat-pelikentat\/#primaryimage\"},\"image\":{\"@id\":\"https:\/\/lomahanko.info\/index.php\/muut-hangon-kaupungin-yllapitamat-pelikentat\/#primaryimage\"},\"thumbnailUrl\":\"https:\/\/lomahanko.info\/wp-content\/uploads\/2020\/11\/Tyhja_transparent1.png\",\"datePublished\":\"2020-11-11T12:52:52+00:00\",\"dateModified\":\"2022-05-20T05:15:10+00:00\",\"breadcrumb\":{\"@id\":\"https:\/\/lomahanko.info\/index.php\/muut-hangon-kaupungin-yllapitamat-pelikentat\/#breadcrumb\"},\"inLanguage\":\"fi\",\"potentialAction\":[{\"@type\":\"ReadAction\",\"target\":[\"https:\/\/lomahanko.info\/index.php\/muut-hangon-kaupungin-yllapitamat-pelikentat\/\"]}]},{\"@type\":\"ImageObject\",\"inLanguage\":\"fi\",\"@id\":\"https:\/\/lomahanko.info\/index.php\/muut-hangon-kaupungin-yllapitamat-pelikentat\/#primaryimage\",\"url\":\"https:\/\/lomahanko.info\/wp-content\/uploads\/2020\/11\/Tyhja_transparent1.png\",\"contentUrl\":\"https:\/\/lomahanko.info\/wp-content\/uploads\/2020\/11\/Tyhja_transparent1.png\",\"width\":687,\"height\":116},{\"@type\":\"BreadcrumbList\",\"@id\":\"https:\/\/lomahanko.info\/index.php\/muut-hangon-kaupungin-yllapitamat-pelikentat\/#breadcrumb\",\"itemListElement\":[{\"@type\":\"ListItem\",\"position\":1,\"name\":\"Etusivu\",\"item\":\"https:\/\/lomahanko.info\/\"},{\"@type\":\"ListItem\",\"position\":2,\"name\":\"Muut Hangon-kaupungin yll\u00e4pit\u00e4m\u00e4t pelikent\u00e4t\"}]},{\"@type\":\"WebSite\",\"@id\":\"https:\/\/lomahanko.info\/#website\",\"url\":\"https:\/\/lomahanko.info\/\",\"name\":\"\",\"description\":\"\",\"publisher\":{\"@id\":\"https:\/\/lomahanko.info\/#organization\"},\"potentialAction\":[{\"@type\":\"SearchAction\",\"target\":{\"@type\":\"EntryPoint\",\"urlTemplate\":\"https:\/\/lomahanko.info\/?s={search_term_string}\"},\"query-input\":{\"@type\":\"PropertyValueSpecification\",\"valueRequired\":true,\"valueName\":\"search_term_string\"}}],\"inLanguage\":\"fi\"},{\"@type\":\"Organization\",\"@id\":\"https:\/\/lomahanko.info\/#organization\",\"name\":\"Lomahanko\",\"url\":\"https:\/\/lomahanko.info\/\",\"logo\":{\"@type\":\"ImageObject\",\"inLanguage\":\"fi\",\"@id\":\"https:\/\/lomahanko.info\/#\/schema\/logo\/image\/\",\"url\":\"https:\/\/lomahanko.info\/wp-content\/uploads\/2020\/10\/cropped-LOMAHANKO_APP_LOGO.png\",\"contentUrl\":\"https:\/\/lomahanko.info\/wp-content\/uploads\/2020\/10\/cropped-LOMAHANKO_APP_LOGO.png\",\"width\":240,\"height\":44,\"caption\":\"Lomahanko\"},\"image\":{\"@id\":\"https:\/\/lomahanko.info\/#\/schema\/logo\/image\/\"},\"sameAs\":[\"https:\/\/www.facebook.com\/groups\/214625491910322\"]}]}<\/script>\n<!-- \/ Yoast SEO plugin. -->","yoast_head_json":{"title":"Muut Hangon-kaupungin yll\u00e4pit\u00e4m\u00e4t pelikent\u00e4t -","robots":{"index":"index","follow":"follow","max-snippet":"max-snippet:-1","max-image-preview":"max-image-preview:large","max-video-preview":"max-video-preview:-1"},"canonical":"https:\/\/lomahanko.info\/index.php\/muut-hangon-kaupungin-yllapitamat-pelikentat\/","og_locale":"fi_FI","og_type":"article","og_title":"Muut Hangon-kaupungin yll\u00e4pit\u00e4m\u00e4t pelikent\u00e4t -","og_description":"T\u00e4ktomin kentt\u00e4, T\u00e4ktomintie jalkapallokentt\u00e4 90 x 45 m, pelialusta ruoho.liikuntalajit: jalkapallo. Katso sijainti t\u00e4st\u00e4 Vanha Urheilukentt\u00e4, Koulukatu Jalkapallo ja pes\u00e4palloNoin 100m x 60m hiekkakentt\u00e4 Katso sijainti t\u00e4st\u00e4 Lappohjan kentt\u00e4 pallokentt\u00e4 80 x 60 m, alustana hiekka, valaistus, talviaikoina luistelukentt\u00e4 ja tenniskentt\u00e4 alustana asfaltti.liikuntalajit: pallopelit, luistelu ja tennis. Katso sijainti t\u00e4st\u00e4","og_url":"https:\/\/lomahanko.info\/index.php\/muut-hangon-kaupungin-yllapitamat-pelikentat\/","article_publisher":"https:\/\/www.facebook.com\/groups\/214625491910322","article_modified_time":"2022-05-20T05:15:10+00:00","og_image":[{"url":"https:\/\/lomahanko.info\/wp-content\/uploads\/2020\/11\/Tyhja_transparent1.png","type":"","width":"","height":""}],"twitter_card":"summary_large_image","twitter_misc":{"Arvioitu lukuaika":"1 minuutti"},"schema":{"@context":"https:\/\/schema.org","@graph":[{"@type":"WebPage","@id":"https:\/\/lomahanko.info\/index.php\/muut-hangon-kaupungin-yllapitamat-pelikentat\/","url":"https:\/\/lomahanko.info\/index.php\/muut-hangon-kaupungin-yllapitamat-pelikentat\/","name":"Muut Hangon-kaupungin yll\u00e4pit\u00e4m\u00e4t pelikent\u00e4t -","isPartOf":{"@id":"https:\/\/lomahanko.info\/#website"},"primaryImageOfPage":{"@id":"https:\/\/lomahanko.info\/index.php\/muut-hangon-kaupungin-yllapitamat-pelikentat\/#primaryimage"},"image":{"@id":"https:\/\/lomahanko.info\/index.php\/muut-hangon-kaupungin-yllapitamat-pelikentat\/#primaryimage"},"thumbnailUrl":"https:\/\/lomahanko.info\/wp-content\/uploads\/2020\/11\/Tyhja_transparent1.png","datePublished":"2020-11-11T12:52:52+00:00","dateModified":"2022-05-20T05:15:10+00:00","breadcrumb":{"@id":"https:\/\/lomahanko.info\/index.php\/muut-hangon-kaupungin-yllapitamat-pelikentat\/#breadcrumb"},"inLanguage":"fi","potentialAction":[{"@type":"ReadAction","target":["https:\/\/lomahanko.info\/index.php\/muut-hangon-kaupungin-yllapitamat-pelikentat\/"]}]},{"@type":"ImageObject","inLanguage":"fi","@id":"https:\/\/lomahanko.info\/index.php\/muut-hangon-kaupungin-yllapitamat-pelikentat\/#primaryimage","url":"https:\/\/lomahanko.info\/wp-content\/uploads\/2020\/11\/Tyhja_transparent1.png","contentUrl":"https:\/\/lomahanko.info\/wp-content\/uploads\/2020\/11\/Tyhja_transparent1.png","width":687,"height":116},{"@type":"BreadcrumbList","@id":"https:\/\/lomahanko.info\/index.php\/muut-hangon-kaupungin-yllapitamat-pelikentat\/#breadcrumb","itemListElement":[{"@type":"ListItem","position":1,"name":"Etusivu","item":"https:\/\/lomahanko.info\/"},{"@type":"ListItem","position":2,"name":"Muut Hangon-kaupungin yll\u00e4pit\u00e4m\u00e4t pelikent\u00e4t"}]},{"@type":"WebSite","@id":"https:\/\/lomahanko.info\/#website","url":"https:\/\/lomahanko.info\/","name":"","description":"","publisher":{"@id":"https:\/\/lomahanko.info\/#organization"},"potentialAction":[{"@type":"SearchAction","target":{"@type":"EntryPoint","urlTemplate":"https:\/\/lomahanko.info\/?s={search_term_string}"},"query-input":{"@type":"PropertyValueSpecification","valueRequired":true,"valueName":"search_term_string"}}],"inLanguage":"fi"},{"@type":"Organization","@id":"https:\/\/lomahanko.info\/#organization","name":"Lomahanko","url":"https:\/\/lomahanko.info\/","logo":{"@type":"ImageObject","inLanguage":"fi","@id":"https:\/\/lomahanko.info\/#\/schema\/logo\/image\/","url":"https:\/\/lomahanko.info\/wp-content\/uploads\/2020\/10\/cropped-LOMAHANKO_APP_LOGO.png","contentUrl":"https:\/\/lomahanko.info\/wp-content\/uploads\/2020\/10\/cropped-LOMAHANKO_APP_LOGO.png","width":240,"height":44,"caption":"Lomahanko"},"image":{"@id":"https:\/\/lomahanko.info\/#\/schema\/logo\/image\/"},"sameAs":["https:\/\/www.facebook.com\/groups\/214625491910322"]}]}},"_links":{"self":[{"href":"https:\/\/lomahanko.info\/index.php\/wp-json\/wp\/v2\/pages\/6334","targetHints":{"allow":["GET"]}}],"collection":[{"href":"https:\/\/lomahanko.info\/index.php\/wp-json\/wp\/v2\/pages"}],"about":[{"href":"https:\/\/lomahanko.info\/index.php\/wp-json\/wp\/v2\/types\/page"}],"author":[{"embeddable":true,"href":"https:\/\/lomahanko.info\/index.php\/wp-json\/wp\/v2\/users\/1"}],"replies":[{"embeddable":true,"href":"https:\/\/lomahanko.info\/index.php\/wp-json\/wp\/v2\/comments?post=6334"}],"version-history":[{"count":1,"href":"https:\/\/lomahanko.info\/index.php\/wp-json\/wp\/v2\/pages\/6334\/revisions"}],"predecessor-version":[{"id":7441,"href":"https:\/\/lomahanko.info\/index.php\/wp-json\/wp\/v2\/pages\/6334\/revisions\/7441"}],"wp:attachment":[{"href":"https:\/\/lomahanko.info\/index.php\/wp-json\/wp\/v2\/media?parent=6334"}],"curies":[{"name":"wp","href":"https:\/\/api.w.org\/{rel}","templated":true}]}}