{"id":6340,"date":"2020-11-11T19:01:57","date_gmt":"2020-11-11T17:01:57","guid":{"rendered":"http:\/\/norpol-event.com\/?page_id=6340"},"modified":"2022-05-18T12:37:34","modified_gmt":"2022-05-18T09:37:34","slug":"leikkipuistot","status":"publish","type":"page","link":"https:\/\/lomahanko.info\/index.php\/leikkipuistot\/","title":{"rendered":"Leikkipuistot"},"content":{"rendered":"\n<figure class=\"wp-block-image size-large\"><img loading=\"lazy\" decoding=\"async\" width=\"687\" height=\"116\" src=\"https:\/\/lomahanko.info\/wp-content\/uploads\/2020\/11\/Tyhja_transparent1.png\" alt=\"\" class=\"wp-image-6062\" srcset=\"https:\/\/lomahanko.info\/wp-content\/uploads\/2020\/11\/Tyhja_transparent1.png 687w, https:\/\/lomahanko.info\/wp-content\/uploads\/2020\/11\/Tyhja_transparent1-300x51.png 300w\" sizes=\"auto, (max-width: 687px) 100vw, 687px\" \/><\/figure>\n\n\n\n<hr class=\"wp-block-separator\"\/>\n\n\n\n<hr class=\"wp-block-separator\"\/>\n\n\n\n<hr class=\"wp-block-separator\"\/>\n\n\n\n<p><strong>Klikkaa leikkipuiston nime\u00e4, niin kartta aukeaa!<\/strong><\/p>\n\n\n\n<p> <a rel=\"noreferrer noopener\" href=\"https:\/\/www.google.fi\/maps\/place\/Hangonkyl%C3%A4n+satama\/@59.8428843,22.9476392,17z\/data=!3m1!4b1!4m5!3m4!1s0x468ce2e358e56429:0x30e8e275f15fa782!8m2!3d59.8428843!4d22.9498279\" target=\"_blank\">Hangonkyl\u00e4n sataman leikkialue<\/a><br> <a rel=\"noreferrer noopener\" href=\"https:\/\/www.google.fi\/maps\/place\/Junapuisto\/@59.8305423,22.9415043,17z\/data=!4m12!1m6!3m5!1s0x468ce3aed5fb8ce7:0x27b446c150ecc1f2!2sB%C3%B6rr%C3%A9ns+leikkipuisto!8m2!3d59.8259967!4d22.9721888!3m4!1s0x468ce255e7d96141:0xc222ca4694aab28c!8m2!3d59.8320216!4d22.9384607\" target=\"_blank\">Sammalvuoren leikkipuisto<\/a><br> <a rel=\"noreferrer noopener\" href=\"https:\/\/www.google.fi\/maps\/place\/Haagapuiston+leikkipuisto\/@59.829238,22.9567556,17z\/data=!4m12!1m6!3m5!1s0x468ce258a97e5d47:0x13eae3ef852be902!2sHaagapuisto!8m2!3d59.829238!4d22.9589443!3m4!1s0x468ce340837aab4f:0xd4577b103dc206e9!8m2!3d59.8288771!4d22.9595623\" target=\"_blank\">Haagapuiston leikkipuisto<\/a><br><a rel=\"noreferrer noopener\" href=\"https:\/\/www.google.fi\/maps\/place\/Tiilitehtaanpuisto\/@59.834039,22.9588871,17z\/data=!4m12!1m6!3m5!1s0x468ce2f6c779a7fb:0x3e08de3bca5abbc4!2sTiilitehtaanpuisto!8m2!3d59.834039!4d22.9610758!3m4!1s0x468ce2f6c779a7fb:0x3e08de3bca5abbc4!8m2!3d59.834039!4d22.9610758\" target=\"_blank\">Tiilitehtaanpuisto<\/a><br><a rel=\"noreferrer noopener\" href=\"https:\/\/www.google.fi\/maps\/place\/B%C3%B6rr%C3%A9ns+leikkipuisto\/@59.8271503,22.9693566,16.75z\/data=!4m12!1m6!3m5!1s0x468ce3aed5fb8ce7:0x27b446c150ecc1f2!2sB%C3%B6rr%C3%A9ns+leikkipuisto!8m2!3d59.8259967!4d22.9721888!3m4!1s0x468ce3aed5fb8ce7:0x27b446c150ecc1f2!8m2!3d59.8259967!4d22.9721888\" target=\"_blank\">B\u00f6rr\u00e9ns<\/a><br><a rel=\"noreferrer noopener\" href=\"https:\/\/www.google.fi\/maps\/place\/Lions+puisto+Hanko\/@59.8229881,22.9694268,17.75z\/data=!4m5!3m4!1s0x468ce3eb5ba5b0d7:0x13565b7bd78336f!8m2!3d59.8230069!4d22.9712863\" target=\"_blank\">Kirkkopuisto (Leijonapuisto)<\/a><br><a rel=\"noreferrer noopener\" href=\"https:\/\/www.google.fi\/maps\/place\/Rantapuisto\/@59.8210876,22.9680839,18.25z\/data=!4m5!3m4!1s0x468ce2672b62774d:0x17741d6444a3c6c4!8m2!3d59.8214796!4d22.9683352\" target=\"_blank\">It\u00e4sataman leikkipuisto<\/a><br><a rel=\"noreferrer noopener\" href=\"https:\/\/www.google.fi\/maps\/place\/Vanhan+aseman+leikkipuisto\/@59.8233551,22.9632167,18.25z\/data=!4m5!3m4!1s0x468ce301a1be9683:0xcd25a664d27a67c6!8m2!3d59.8237272!4d22.962376\" target=\"_blank\">Vanha asemapuisto<\/a> <br><a rel=\"noreferrer noopener\" href=\"https:\/\/www.google.fi\/maps\/place\/K%C3%A4velykuja+4,+10820+Hanko\/@59.9019499,23.2360804,18z\/data=!3m1!4b1!4m5!3m4!1s0x468d03ec95d4f839:0xfdb2112f2c0ca93c!8m2!3d59.9019499!4d23.2371747\" target=\"_blank\">Lappohjan leikkipuisto<\/a><br><a rel=\"noreferrer noopener\" href=\"https:\/\/www.google.fi\/maps\/place\/Lappohjan+Koulu\/@59.90222,23.2490064,17z\/data=!3m1!4b1!4m5!3m4!1s0x468d03ea4ee5bc5b:0xb8f4bfa68688611b!8m2!3d59.90222!4d23.2511951\" target=\"_blank\">Lappohjan koulun leikkialue<\/a><br><a rel=\"noreferrer noopener\" href=\"https:\/\/www.google.fi\/maps\/place\/T%C3%A4ktomin+leikkipuisto\/@59.8325422,22.9886844,13z\/data=!4m8!1m2!2m1!1sT%C3%A4ktomin+leikkipuisto!3m4!1s0x0:0xdc4e3f46a929da82!8m2!3d59.8370799!4d23.0512691\" target=\"_blank\">T\u00e4ktomin leikkipuisto<\/a><br><\/p>\n\n\n\n<figure class=\"wp-block-image size-large\"><img loading=\"lazy\" decoding=\"async\" width=\"589\" height=\"190\" src=\"https:\/\/lomahanko.info\/wp-content\/uploads\/2020\/11\/Transparent-silhuetti2.png\" alt=\"\" class=\"wp-image-6116\" srcset=\"https:\/\/lomahanko.info\/wp-content\/uploads\/2020\/11\/Transparent-silhuetti2.png 589w, https:\/\/lomahanko.info\/wp-content\/uploads\/2020\/11\/Transparent-silhuetti2-300x97.png 300w\" sizes=\"auto, (max-width: 589px) 100vw, 589px\" \/><\/figure>\n","protected":false},"excerpt":{"rendered":"<p>Klikkaa leikkipuiston nime\u00e4, niin kartta aukeaa! Hangonkyl\u00e4n sataman leikkialue Sammalvuoren leikkipuisto Haagapuiston leikkipuistoTiilitehtaanpuistoB\u00f6rr\u00e9nsKirkkopuisto (Leijonapuisto)It\u00e4sataman leikkipuistoVanha asemapuisto Lappohjan leikkipuistoLappohjan koulun leikkialueT\u00e4ktomin leikkipuisto<\/p>\n","protected":false},"author":1,"featured_media":0,"parent":0,"menu_order":0,"comment_status":"closed","ping_status":"closed","template":"","meta":{"footnotes":""},"class_list":["post-6340","page","type-page","status-publish","hentry"],"yoast_head":"<!-- This site is optimized with the Yoast SEO plugin v27.2 - https:\/\/yoast.com\/product\/yoast-seo-wordpress\/ -->\n<title>Leikkipuistot -<\/title>\n<meta name=\"robots\" content=\"index, follow, max-snippet:-1, max-image-preview:large, max-video-preview:-1\" \/>\n<link rel=\"canonical\" href=\"https:\/\/lomahanko.info\/index.php\/leikkipuistot\/\" \/>\n<meta property=\"og:locale\" content=\"fi_FI\" \/>\n<meta property=\"og:type\" content=\"article\" \/>\n<meta property=\"og:title\" content=\"Leikkipuistot -\" \/>\n<meta property=\"og:description\" content=\"Klikkaa leikkipuiston nime\u00e4, niin kartta aukeaa! Hangonkyl\u00e4n sataman leikkialue Sammalvuoren leikkipuisto Haagapuiston leikkipuistoTiilitehtaanpuistoB\u00f6rr\u00e9nsKirkkopuisto (Leijonapuisto)It\u00e4sataman leikkipuistoVanha asemapuisto Lappohjan leikkipuistoLappohjan koulun leikkialueT\u00e4ktomin leikkipuisto\" \/>\n<meta property=\"og:url\" content=\"https:\/\/lomahanko.info\/index.php\/leikkipuistot\/\" \/>\n<meta property=\"article:publisher\" content=\"https:\/\/www.facebook.com\/groups\/214625491910322\" \/>\n<meta property=\"article:modified_time\" content=\"2022-05-18T09:37:34+00:00\" \/>\n<meta property=\"og:image\" content=\"https:\/\/lomahanko.info\/wp-content\/uploads\/2020\/11\/Tyhja_transparent1.png\" \/>\n<meta name=\"twitter:card\" content=\"summary_large_image\" \/>\n<meta name=\"twitter:label1\" content=\"Arvioitu lukuaika\" \/>\n\t<meta name=\"twitter:data1\" content=\"1 minuutti\" \/>\n<script type=\"application\/ld+json\" class=\"yoast-schema-graph\">{\"@context\":\"https:\/\/schema.org\",\"@graph\":[{\"@type\":\"WebPage\",\"@id\":\"https:\/\/lomahanko.info\/index.php\/leikkipuistot\/\",\"url\":\"https:\/\/lomahanko.info\/index.php\/leikkipuistot\/\",\"name\":\"Leikkipuistot -\",\"isPartOf\":{\"@id\":\"https:\/\/lomahanko.info\/#website\"},\"primaryImageOfPage\":{\"@id\":\"https:\/\/lomahanko.info\/index.php\/leikkipuistot\/#primaryimage\"},\"image\":{\"@id\":\"https:\/\/lomahanko.info\/index.php\/leikkipuistot\/#primaryimage\"},\"thumbnailUrl\":\"https:\/\/lomahanko.info\/wp-content\/uploads\/2020\/11\/Tyhja_transparent1.png\",\"datePublished\":\"2020-11-11T17:01:57+00:00\",\"dateModified\":\"2022-05-18T09:37:34+00:00\",\"breadcrumb\":{\"@id\":\"https:\/\/lomahanko.info\/index.php\/leikkipuistot\/#breadcrumb\"},\"inLanguage\":\"fi\",\"potentialAction\":[{\"@type\":\"ReadAction\",\"target\":[\"https:\/\/lomahanko.info\/index.php\/leikkipuistot\/\"]}]},{\"@type\":\"ImageObject\",\"inLanguage\":\"fi\",\"@id\":\"https:\/\/lomahanko.info\/index.php\/leikkipuistot\/#primaryimage\",\"url\":\"https:\/\/lomahanko.info\/wp-content\/uploads\/2020\/11\/Tyhja_transparent1.png\",\"contentUrl\":\"https:\/\/lomahanko.info\/wp-content\/uploads\/2020\/11\/Tyhja_transparent1.png\",\"width\":687,\"height\":116},{\"@type\":\"BreadcrumbList\",\"@id\":\"https:\/\/lomahanko.info\/index.php\/leikkipuistot\/#breadcrumb\",\"itemListElement\":[{\"@type\":\"ListItem\",\"position\":1,\"name\":\"Etusivu\",\"item\":\"https:\/\/lomahanko.info\/\"},{\"@type\":\"ListItem\",\"position\":2,\"name\":\"Leikkipuistot\"}]},{\"@type\":\"WebSite\",\"@id\":\"https:\/\/lomahanko.info\/#website\",\"url\":\"https:\/\/lomahanko.info\/\",\"name\":\"\",\"description\":\"\",\"publisher\":{\"@id\":\"https:\/\/lomahanko.info\/#organization\"},\"potentialAction\":[{\"@type\":\"SearchAction\",\"target\":{\"@type\":\"EntryPoint\",\"urlTemplate\":\"https:\/\/lomahanko.info\/?s={search_term_string}\"},\"query-input\":{\"@type\":\"PropertyValueSpecification\",\"valueRequired\":true,\"valueName\":\"search_term_string\"}}],\"inLanguage\":\"fi\"},{\"@type\":\"Organization\",\"@id\":\"https:\/\/lomahanko.info\/#organization\",\"name\":\"Lomahanko\",\"url\":\"https:\/\/lomahanko.info\/\",\"logo\":{\"@type\":\"ImageObject\",\"inLanguage\":\"fi\",\"@id\":\"https:\/\/lomahanko.info\/#\/schema\/logo\/image\/\",\"url\":\"https:\/\/lomahanko.info\/wp-content\/uploads\/2020\/10\/cropped-LOMAHANKO_APP_LOGO.png\",\"contentUrl\":\"https:\/\/lomahanko.info\/wp-content\/uploads\/2020\/10\/cropped-LOMAHANKO_APP_LOGO.png\",\"width\":240,\"height\":44,\"caption\":\"Lomahanko\"},\"image\":{\"@id\":\"https:\/\/lomahanko.info\/#\/schema\/logo\/image\/\"},\"sameAs\":[\"https:\/\/www.facebook.com\/groups\/214625491910322\"]}]}<\/script>\n<!-- \/ Yoast SEO plugin. -->","yoast_head_json":{"title":"Leikkipuistot -","robots":{"index":"index","follow":"follow","max-snippet":"max-snippet:-1","max-image-preview":"max-image-preview:large","max-video-preview":"max-video-preview:-1"},"canonical":"https:\/\/lomahanko.info\/index.php\/leikkipuistot\/","og_locale":"fi_FI","og_type":"article","og_title":"Leikkipuistot -","og_description":"Klikkaa leikkipuiston nime\u00e4, niin kartta aukeaa! Hangonkyl\u00e4n sataman leikkialue Sammalvuoren leikkipuisto Haagapuiston leikkipuistoTiilitehtaanpuistoB\u00f6rr\u00e9nsKirkkopuisto (Leijonapuisto)It\u00e4sataman leikkipuistoVanha asemapuisto Lappohjan leikkipuistoLappohjan koulun leikkialueT\u00e4ktomin leikkipuisto","og_url":"https:\/\/lomahanko.info\/index.php\/leikkipuistot\/","article_publisher":"https:\/\/www.facebook.com\/groups\/214625491910322","article_modified_time":"2022-05-18T09:37:34+00:00","og_image":[{"url":"https:\/\/lomahanko.info\/wp-content\/uploads\/2020\/11\/Tyhja_transparent1.png","type":"","width":"","height":""}],"twitter_card":"summary_large_image","twitter_misc":{"Arvioitu lukuaika":"1 minuutti"},"schema":{"@context":"https:\/\/schema.org","@graph":[{"@type":"WebPage","@id":"https:\/\/lomahanko.info\/index.php\/leikkipuistot\/","url":"https:\/\/lomahanko.info\/index.php\/leikkipuistot\/","name":"Leikkipuistot -","isPartOf":{"@id":"https:\/\/lomahanko.info\/#website"},"primaryImageOfPage":{"@id":"https:\/\/lomahanko.info\/index.php\/leikkipuistot\/#primaryimage"},"image":{"@id":"https:\/\/lomahanko.info\/index.php\/leikkipuistot\/#primaryimage"},"thumbnailUrl":"https:\/\/lomahanko.info\/wp-content\/uploads\/2020\/11\/Tyhja_transparent1.png","datePublished":"2020-11-11T17:01:57+00:00","dateModified":"2022-05-18T09:37:34+00:00","breadcrumb":{"@id":"https:\/\/lomahanko.info\/index.php\/leikkipuistot\/#breadcrumb"},"inLanguage":"fi","potentialAction":[{"@type":"ReadAction","target":["https:\/\/lomahanko.info\/index.php\/leikkipuistot\/"]}]},{"@type":"ImageObject","inLanguage":"fi","@id":"https:\/\/lomahanko.info\/index.php\/leikkipuistot\/#primaryimage","url":"https:\/\/lomahanko.info\/wp-content\/uploads\/2020\/11\/Tyhja_transparent1.png","contentUrl":"https:\/\/lomahanko.info\/wp-content\/uploads\/2020\/11\/Tyhja_transparent1.png","width":687,"height":116},{"@type":"BreadcrumbList","@id":"https:\/\/lomahanko.info\/index.php\/leikkipuistot\/#breadcrumb","itemListElement":[{"@type":"ListItem","position":1,"name":"Etusivu","item":"https:\/\/lomahanko.info\/"},{"@type":"ListItem","position":2,"name":"Leikkipuistot"}]},{"@type":"WebSite","@id":"https:\/\/lomahanko.info\/#website","url":"https:\/\/lomahanko.info\/","name":"","description":"","publisher":{"@id":"https:\/\/lomahanko.info\/#organization"},"potentialAction":[{"@type":"SearchAction","target":{"@type":"EntryPoint","urlTemplate":"https:\/\/lomahanko.info\/?s={search_term_string}"},"query-input":{"@type":"PropertyValueSpecification","valueRequired":true,"valueName":"search_term_string"}}],"inLanguage":"fi"},{"@type":"Organization","@id":"https:\/\/lomahanko.info\/#organization","name":"Lomahanko","url":"https:\/\/lomahanko.info\/","logo":{"@type":"ImageObject","inLanguage":"fi","@id":"https:\/\/lomahanko.info\/#\/schema\/logo\/image\/","url":"https:\/\/lomahanko.info\/wp-content\/uploads\/2020\/10\/cropped-LOMAHANKO_APP_LOGO.png","contentUrl":"https:\/\/lomahanko.info\/wp-content\/uploads\/2020\/10\/cropped-LOMAHANKO_APP_LOGO.png","width":240,"height":44,"caption":"Lomahanko"},"image":{"@id":"https:\/\/lomahanko.info\/#\/schema\/logo\/image\/"},"sameAs":["https:\/\/www.facebook.com\/groups\/214625491910322"]}]}},"_links":{"self":[{"href":"https:\/\/lomahanko.info\/index.php\/wp-json\/wp\/v2\/pages\/6340","targetHints":{"allow":["GET"]}}],"collection":[{"href":"https:\/\/lomahanko.info\/index.php\/wp-json\/wp\/v2\/pages"}],"about":[{"href":"https:\/\/lomahanko.info\/index.php\/wp-json\/wp\/v2\/types\/page"}],"author":[{"embeddable":true,"href":"https:\/\/lomahanko.info\/index.php\/wp-json\/wp\/v2\/users\/1"}],"replies":[{"embeddable":true,"href":"https:\/\/lomahanko.info\/index.php\/wp-json\/wp\/v2\/comments?post=6340"}],"version-history":[{"count":1,"href":"https:\/\/lomahanko.info\/index.php\/wp-json\/wp\/v2\/pages\/6340\/revisions"}],"predecessor-version":[{"id":7432,"href":"https:\/\/lomahanko.info\/index.php\/wp-json\/wp\/v2\/pages\/6340\/revisions\/7432"}],"wp:attachment":[{"href":"https:\/\/lomahanko.info\/index.php\/wp-json\/wp\/v2\/media?parent=6340"}],"curies":[{"name":"wp","href":"https:\/\/api.w.org\/{rel}","templated":true}]}}