{"id":6386,"date":"2020-11-12T10:30:41","date_gmt":"2020-11-12T08:30:41","guid":{"rendered":"http:\/\/norpol-event.com\/?page_id=6386"},"modified":"2023-11-30T15:03:59","modified_gmt":"2023-11-30T13:03:59","slug":"ostoksille","status":"publish","type":"page","link":"https:\/\/lomahanko.info\/index.php\/ostoksille\/","title":{"rendered":"Ostoksille K\u00e4velykadulle"},"content":{"rendered":"\n<figure class=\"wp-block-image size-large\"><img loading=\"lazy\" decoding=\"async\" width=\"687\" height=\"116\" src=\"https:\/\/lomahanko.info\/wp-content\/uploads\/2020\/11\/Tyhja_transparent1.png\" alt=\"\" class=\"wp-image-6062\" srcset=\"https:\/\/lomahanko.info\/wp-content\/uploads\/2020\/11\/Tyhja_transparent1.png 687w, https:\/\/lomahanko.info\/wp-content\/uploads\/2020\/11\/Tyhja_transparent1-300x51.png 300w\" sizes=\"auto, (max-width: 687px) 100vw, 687px\" \/><\/figure>\n\n\n\n<div class=\"wp-block-columns is-layout-flex wp-container-core-columns-is-layout-9d6595d7 wp-block-columns-is-layout-flex\">\n<div class=\"wp-block-column is-layout-flow wp-block-column-is-layout-flow\" style=\"flex-basis:33.33%\"><div class=\"wp-block-image is-resized\">\n<figure class=\"aligncenter size-large\"><a href=\"https:\/\/www.google.fi\/maps\/place\/Vuorikatu,+10900+Hanko\/@59.8249146,22.9648374,16.75z\/data=!4m5!3m4!1s0x468ce2608877aacd:0x8dae3dd83f32bde0!8m2!3d59.8248634!4d22.9678194\" target=\"_blank\" rel=\"noopener noreferrer\"><img loading=\"lazy\" decoding=\"async\" width=\"400\" height=\"405\" src=\"https:\/\/lomahanko.info\/wp-content\/uploads\/2020\/11\/Hanko_shopping.png\" alt=\"\" class=\"wp-image-6387\" style=\"width:157px;height:auto\" srcset=\"https:\/\/lomahanko.info\/wp-content\/uploads\/2020\/11\/Hanko_shopping.png 400w, https:\/\/lomahanko.info\/wp-content\/uploads\/2020\/11\/Hanko_shopping-296x300.png 296w\" sizes=\"auto, (max-width: 400px) 100vw, 400px\" \/><\/a><\/figure>\n<\/div><\/div>\n\n\n\n<div class=\"wp-block-column is-layout-flow wp-block-column-is-layout-flow\" style=\"flex-basis:66.66%\">\n<p><strong><a href=\"https:\/\/www.google.fi\/maps\/place\/Vuorikatu,+10900+Hanko\/@59.8248634,22.9656307,17z\/data=!3m1!4b1!4m5!3m4!1s0x468ce2608877aacd:0x8dae3dd83f32bde0!8m2!3d59.8248634!4d22.9678194\" target=\"_blank\" rel=\"noreferrer noopener\">Hangon k\u00e4velykadulla, vuorikadulla<\/a> voit pist\u00e4yty\u00e4 ihanissa myym\u00e4l\u00f6iss\u00e4 ostoksilla tai muuten vain katselemassa valikoimaa.<\/strong><br>Kun astut Hankolaiseen kivijalkakauppaan, varmistat palvelun pysyvyyden my\u00f6s tuleville sukupolville, valikoiman monipuolisuuden sek\u00e4 hintojen kilpailukykyisyyden. Kauppiaat palvelevat mielell\u00e4\u00e4n juuri sinua.<span class=\"has-inline-color has-white-color\"><br>V\u00e4lkommen till Hang\u00f6s g\u00e5gata och shoppa i sm\u00e5 mysiga butiker. I butikerna f\u00e5r du personlig betj\u00e4ning om du vill eller s\u00e5 kan du bara str\u00f6va omkring och bekanta dej med det rika utbudet av varor.&nbsp;<\/span><\/p>\n<\/div>\n<\/div>\n\n\n\n<hr class=\"wp-block-separator has-alpha-channel-opacity\"\/>\n\n\n\n<div class=\"wp-block-columns is-layout-flex wp-container-core-columns-is-layout-9d6595d7 wp-block-columns-is-layout-flex\">\n<div class=\"wp-block-column is-layout-flow wp-block-column-is-layout-flow\" style=\"flex-basis:33.33%\"><div class=\"wp-block-image\">\n<figure class=\"aligncenter size-full is-resized\"><img loading=\"lazy\" decoding=\"async\" width=\"225\" height=\"225\" src=\"https:\/\/lomahanko.info\/wp-content\/uploads\/2020\/11\/Vonnes_interior.jpg\" alt=\"\" class=\"wp-image-6399\" style=\"width:190px;height:auto\" srcset=\"https:\/\/lomahanko.info\/wp-content\/uploads\/2020\/11\/Vonnes_interior.jpg 225w, https:\/\/lomahanko.info\/wp-content\/uploads\/2020\/11\/Vonnes_interior-150x150.jpg 150w\" sizes=\"auto, (max-width: 225px) 100vw, 225px\" \/><\/figure>\n<\/div><\/div>\n\n\n\n<div class=\"wp-block-column is-layout-flow wp-block-column-is-layout-flow\" style=\"flex-basis:66.66%\">\n<figure class=\"wp-block-table\"><table><tbody><tr><td><mark style=\"background-color:rgba(0, 0, 0, 0)\" class=\"has-inline-color has-white-color\">Vonnes Interior<\/mark><\/td><\/tr><tr><td><mark style=\"background-color:rgba(0, 0, 0, 0)\" class=\"has-inline-color has-white-color\">Vonnes Interior on sisustusliike, jonka painopiste on tekstiileiss\u00e4. Palvelupaketimme k\u00e4sitt\u00e4\u00e4 kaiken suunnittelusta verhojen ompeluun ja verhotankojen asentamiseen. Laajan valikoimamme ansiosta voimme auttaa asiakkaitamme sisustamaan suuriakin kokonaisuuksia, joissa kaikki sopii kesken\u00e4\u00e4n yhteen ja kaikki on r\u00e4\u00e4t\u00e4l\u00f6yty asiakkaiden toiveiden mukaisesti. Vonnes Interior en inredningsaff\u00e4r med tyngdpunkt p\u00e5 textilier. Servicepaketet vi erbjuder v\u00e5ra kunder inneh\u00e5ller allt fr\u00e5n planering och s\u00f6mnad till montering av st\u00e4nger och gardiner. Tack vare ett brett sortiment kan vi erbjuda v\u00e5ra kunder skr\u00e4ddarsydda hemmilj\u00f6er d\u00e4r allting matchar<\/mark><\/td><\/tr><tr><td><a href=\"https:\/\/maps.app.goo.gl\/AM3RKCvJWNpukPgEA\"><mark style=\"background-color:rgba(0, 0, 0, 0)\" class=\"has-inline-color has-white-color\">Vuorikatu 7, 10900 Hanko<\/mark><\/a><\/td><\/tr><tr><td><mark style=\"background-color:rgba(0, 0, 0, 0)\" class=\"has-inline-color has-white-color\">p. <a href=\"tel:044 9677326\">040 6106124<\/a><\/mark><\/td><\/tr><\/tbody><\/table><\/figure>\n<\/div>\n<\/div>\n\n\n\n<hr class=\"wp-block-separator has-alpha-channel-opacity\"\/>\n\n\n\n<div class=\"wp-block-columns is-layout-flex wp-container-core-columns-is-layout-9d6595d7 wp-block-columns-is-layout-flex\">\n<div class=\"wp-block-column is-layout-flow wp-block-column-is-layout-flow\" style=\"flex-basis:33.33%\"><div class=\"wp-block-image\">\n<figure class=\"aligncenter size-full is-resized\"><img loading=\"lazy\" decoding=\"async\" width=\"384\" height=\"399\" src=\"https:\/\/lomahanko.info\/wp-content\/uploads\/2023\/11\/306126056_570235248232586_4692754846442340409_n.jpg\" alt=\"\" class=\"wp-image-7571\" style=\"width:179px;height:auto\" srcset=\"https:\/\/lomahanko.info\/wp-content\/uploads\/2023\/11\/306126056_570235248232586_4692754846442340409_n.jpg 384w, https:\/\/lomahanko.info\/wp-content\/uploads\/2023\/11\/306126056_570235248232586_4692754846442340409_n-289x300.jpg 289w\" sizes=\"auto, (max-width: 384px) 100vw, 384px\" \/><\/figure>\n<\/div><\/div>\n\n\n\n<div class=\"wp-block-column is-layout-flow wp-block-column-is-layout-flow\" style=\"flex-basis:66.66%\">\n<figure class=\"wp-block-table\"><table><tbody><tr><td><mark style=\"background-color:rgba(0, 0, 0, 0)\" class=\"has-inline-color has-white-color\">Ceia, Naisten vaatekauppa<\/mark><\/td><\/tr><tr><td><mark style=\"background-color:rgba(0, 0, 0, 0)\" class=\"has-inline-color has-white-color\">Muotia kaiken kokoisille naisille<\/mark><\/td><\/tr><tr><td><a href=\"https:\/\/maps.app.goo.gl\/5xaC1dM1Vf13U8Ss6\"><mark style=\"background-color:rgba(0, 0, 0, 0)\" class=\"has-inline-color has-white-color\">Vuorikatu 15-17, 10900 Hanko<\/mark><\/a><\/td><\/tr><tr><td><mark style=\"background-color:rgba(0, 0, 0, 0)\" class=\"has-inline-color has-white-color\">p.<\/mark> <mark style=\"background-color:rgba(0, 0, 0, 0)\" class=\"has-inline-color has-white-color\"><a href=\"tel:044 9677326\">044 9677326<\/a><\/mark><\/td><\/tr><\/tbody><\/table><\/figure>\n<\/div>\n<\/div>\n\n\n\n<hr class=\"wp-block-separator has-alpha-channel-opacity\"\/>\n\n\n\n<div class=\"wp-block-columns is-layout-flex wp-container-core-columns-is-layout-9d6595d7 wp-block-columns-is-layout-flex\">\n<div class=\"wp-block-column is-layout-flow wp-block-column-is-layout-flow\" style=\"flex-basis:33.33%\"><div class=\"wp-block-image\">\n<figure class=\"aligncenter size-full is-resized\"><img loading=\"lazy\" decoding=\"async\" width=\"300\" height=\"300\" src=\"https:\/\/lomahanko.info\/wp-content\/uploads\/2023\/11\/307022870_572457381345361_1147173527602100451_n.jpg\" alt=\"\" class=\"wp-image-7577\" style=\"width:186px;height:auto\" srcset=\"https:\/\/lomahanko.info\/wp-content\/uploads\/2023\/11\/307022870_572457381345361_1147173527602100451_n.jpg 300w, https:\/\/lomahanko.info\/wp-content\/uploads\/2023\/11\/307022870_572457381345361_1147173527602100451_n-150x150.jpg 150w\" sizes=\"auto, (max-width: 300px) 100vw, 300px\" \/><\/figure>\n<\/div><\/div>\n\n\n\n<div class=\"wp-block-column is-layout-flow wp-block-column-is-layout-flow\" style=\"flex-basis:66.66%\">\n<figure class=\"wp-block-table\"><table><tbody><tr><td><mark style=\"background-color:rgba(0, 0, 0, 0)\" class=\"has-inline-color has-white-color\">ULLA-DRESS <\/mark><\/td><\/tr><tr><td><mark style=\"background-color:rgba(0, 0, 0, 0)\" class=\"has-inline-color has-white-color\">Since 1954. Clothes and shoes for men, women and children.<\/mark><\/td><\/tr><tr><td><a href=\"https:\/\/maps.app.goo.gl\/WwoMSFFy84MGoARm6\"><mark style=\"background-color:rgba(0, 0, 0, 0)\" class=\"has-inline-color has-white-color\">Vuorikatu 9, 10900 Hanko<\/mark><\/a><\/td><\/tr><tr><td><mark style=\"background-color:rgba(0, 0, 0, 0)\" class=\"has-inline-color has-white-color\">p. <a href=\"tel:050 3273437\">050 3273437<\/a><\/mark><\/td><\/tr><\/tbody><\/table><\/figure>\n<\/div>\n<\/div>\n\n\n\n<hr class=\"wp-block-separator has-alpha-channel-opacity\"\/>\n\n\n\n<div class=\"wp-block-columns is-layout-flex wp-container-core-columns-is-layout-9d6595d7 wp-block-columns-is-layout-flex\">\n<div class=\"wp-block-column is-layout-flow wp-block-column-is-layout-flow\" style=\"flex-basis:33.33%\"><div class=\"wp-block-image\">\n<figure class=\"aligncenter size-large is-resized\"><img loading=\"lazy\" decoding=\"async\" width=\"1020\" height=\"1024\" src=\"https:\/\/lomahanko.info\/wp-content\/uploads\/2023\/11\/272610382_455060396322908_8434597726221536678_n-1020x1024.jpg\" alt=\"\" class=\"wp-image-7582\" style=\"width:183px;height:auto\" srcset=\"https:\/\/lomahanko.info\/wp-content\/uploads\/2023\/11\/272610382_455060396322908_8434597726221536678_n-1020x1024.jpg 1020w, https:\/\/lomahanko.info\/wp-content\/uploads\/2023\/11\/272610382_455060396322908_8434597726221536678_n-300x300.jpg 300w, https:\/\/lomahanko.info\/wp-content\/uploads\/2023\/11\/272610382_455060396322908_8434597726221536678_n-150x150.jpg 150w, https:\/\/lomahanko.info\/wp-content\/uploads\/2023\/11\/272610382_455060396322908_8434597726221536678_n-768x771.jpg 768w, https:\/\/lomahanko.info\/wp-content\/uploads\/2023\/11\/272610382_455060396322908_8434597726221536678_n-1531x1536.jpg 1531w, https:\/\/lomahanko.info\/wp-content\/uploads\/2023\/11\/272610382_455060396322908_8434597726221536678_n.jpg 2008w\" sizes=\"auto, (max-width: 1020px) 100vw, 1020px\" \/><\/figure>\n<\/div><\/div>\n\n\n\n<div class=\"wp-block-column is-layout-flow wp-block-column-is-layout-flow\" style=\"flex-basis:66.66%\">\n<figure class=\"wp-block-table\"><table><tbody><tr><td><mark style=\"background-color:rgba(0, 0, 0, 0)\" class=\"has-inline-color has-white-color\">Kultasepp\u00e4 S. Laageroos<\/mark><\/td><\/tr><tr><td><mark style=\"background-color:rgba(0, 0, 0, 0)\" class=\"has-inline-color has-white-color\">Kultasep\u00e4n liike, korut, jalokivet, kellot, yms.<\/mark><\/td><\/tr><tr><td><a href=\"https:\/\/maps.app.goo.gl\/dRwe48XinxPTWG537\"><mark style=\"background-color:rgba(0, 0, 0, 0)\" class=\"has-inline-color has-white-color\">Vuorikatu 15, 10900 Hanko<\/mark><\/a><\/td><\/tr><tr><td><mark style=\"background-color:rgba(0, 0, 0, 0)\" class=\"has-inline-color has-white-color\">p. <a href=\"tel:019 2484433\">019 2484433<\/a><\/mark><\/td><\/tr><\/tbody><\/table><\/figure>\n<\/div>\n<\/div>\n\n\n\n<hr class=\"wp-block-separator has-alpha-channel-opacity\"\/>\n\n\n\n<div class=\"wp-block-columns is-layout-flex wp-container-core-columns-is-layout-9d6595d7 wp-block-columns-is-layout-flex\">\n<div class=\"wp-block-column is-layout-flow wp-block-column-is-layout-flow\" style=\"flex-basis:33.33%\"><div class=\"wp-block-image\">\n<figure class=\"aligncenter size-full is-resized\"><img loading=\"lazy\" decoding=\"async\" width=\"800\" height=\"758\" src=\"https:\/\/lomahanko.info\/wp-content\/uploads\/2023\/11\/327214598_3249315838618420_7248022653372363208_n.jpg\" alt=\"\" class=\"wp-image-7592\" style=\"width:169px;height:auto\" srcset=\"https:\/\/lomahanko.info\/wp-content\/uploads\/2023\/11\/327214598_3249315838618420_7248022653372363208_n.jpg 800w, https:\/\/lomahanko.info\/wp-content\/uploads\/2023\/11\/327214598_3249315838618420_7248022653372363208_n-300x284.jpg 300w, https:\/\/lomahanko.info\/wp-content\/uploads\/2023\/11\/327214598_3249315838618420_7248022653372363208_n-768x728.jpg 768w\" sizes=\"auto, (max-width: 800px) 100vw, 800px\" \/><\/figure>\n<\/div><\/div>\n\n\n\n<div class=\"wp-block-column is-layout-flow wp-block-column-is-layout-flow\" style=\"flex-basis:66.66%\">\n<figure class=\"wp-block-table\"><table><tbody><tr><td><mark style=\"background-color:rgba(0, 0, 0, 0)\" class=\"has-inline-color has-white-color\">Tias Bok &#8211; Tian Kirja<\/mark><\/td><\/tr><tr><td><mark style=\"background-color:rgba(0, 0, 0, 0)\" class=\"has-inline-color has-white-color\">Kirjakauppa<\/mark><\/td><\/tr><tr><td><a href=\"https:\/\/maps.app.goo.gl\/uCU8AnBcHJgHm1Qy7\"><mark style=\"background-color:rgba(0, 0, 0, 0)\" class=\"has-inline-color has-white-color\">Vuorikatu 10, 10900 Hanko<\/mark><\/a><\/td><\/tr><tr><td>p. <a href=\"tel:019 2486060\">019 2486060<\/a><\/td><\/tr><\/tbody><\/table><\/figure>\n<\/div>\n<\/div>\n\n\n\n<hr class=\"wp-block-separator has-alpha-channel-opacity\"\/>\n\n\n\n<div class=\"wp-block-columns is-layout-flex wp-container-core-columns-is-layout-9d6595d7 wp-block-columns-is-layout-flex\">\n<div class=\"wp-block-column is-layout-flow wp-block-column-is-layout-flow\" style=\"flex-basis:33.33%\"><div class=\"wp-block-image\">\n<figure class=\"aligncenter size-full is-resized\"><img loading=\"lazy\" decoding=\"async\" width=\"225\" height=\"225\" src=\"https:\/\/lomahanko.info\/wp-content\/uploads\/2023\/11\/Navy_Blue_logo.png\" alt=\"\" class=\"wp-image-7599\" style=\"width:143px;height:auto\" srcset=\"https:\/\/lomahanko.info\/wp-content\/uploads\/2023\/11\/Navy_Blue_logo.png 225w, https:\/\/lomahanko.info\/wp-content\/uploads\/2023\/11\/Navy_Blue_logo-150x150.png 150w\" sizes=\"auto, (max-width: 225px) 100vw, 225px\" \/><\/figure>\n<\/div><\/div>\n\n\n\n<div class=\"wp-block-column is-layout-flow wp-block-column-is-layout-flow\" style=\"flex-basis:66.66%\">\n<figure class=\"wp-block-table\"><table><tbody><tr><td><mark style=\"background-color:rgba(0, 0, 0, 0)\" class=\"has-inline-color has-white-color\">Navy Blue Shop Hanko<\/mark><\/td><\/tr><tr><td><mark style=\"background-color:rgba(0, 0, 0, 0)\" class=\"has-inline-color has-white-color\">Vaatekauppa<\/mark><\/td><\/tr><tr><td><a href=\"https:\/\/maps.app.goo.gl\/5qXLHdr5BfD4ka5C8\"><mark style=\"background-color:rgba(0, 0, 0, 0)\" class=\"has-inline-color has-white-color\">Vuorikatu 8, 10900 Hanko<\/mark><\/a><\/td><\/tr><tr><td><mark style=\"background-color:rgba(0, 0, 0, 0)\" class=\"has-inline-color has-white-color\">p. <a href=\"tel:0466565642\">0466565642<\/a><\/mark><\/td><\/tr><\/tbody><\/table><\/figure>\n<\/div>\n<\/div>\n\n\n\n<hr class=\"wp-block-separator has-css-opacity\"\/>\n\n\n\n<figure class=\"wp-block-image size-large\"><img loading=\"lazy\" decoding=\"async\" width=\"225\" height=\"225\" src=\"https:\/\/lomahanko.info\/wp-content\/uploads\/2020\/11\/Vonnes_interior.jpg\" alt=\"\" class=\"wp-image-6399\" srcset=\"https:\/\/lomahanko.info\/wp-content\/uploads\/2020\/11\/Vonnes_interior.jpg 225w, https:\/\/lomahanko.info\/wp-content\/uploads\/2020\/11\/Vonnes_interior-150x150.jpg 150w\" sizes=\"auto, (max-width: 225px) 100vw, 225px\" \/><figcaption class=\"wp-element-caption\"><strong>OSTA MAINOSPAIKKA JOKA N\u00c4KYY NIILLE, JOTKA OVAT KIINNOSTUNEITA SIJAINNISTASI<\/strong><\/figcaption><\/figure>\n\n\n<div class=\"wp-block-image\">\n<figure class=\"aligncenter size-large\"><img loading=\"lazy\" decoding=\"async\" width=\"589\" height=\"190\" src=\"https:\/\/lomahanko.info\/wp-content\/uploads\/2020\/11\/Transparent-silhuetti2.png\" alt=\"\" class=\"wp-image-6116\" srcset=\"https:\/\/lomahanko.info\/wp-content\/uploads\/2020\/11\/Transparent-silhuetti2.png 589w, https:\/\/lomahanko.info\/wp-content\/uploads\/2020\/11\/Transparent-silhuetti2-300x97.png 300w\" sizes=\"auto, (max-width: 589px) 100vw, 589px\" \/><\/figure>\n<\/div>","protected":false},"excerpt":{"rendered":"<p>Hangon k\u00e4velykadulla, vuorikadulla voit pist\u00e4yty\u00e4 ihanissa myym\u00e4l\u00f6iss\u00e4 ostoksilla tai muuten vain katselemassa valikoimaa.Kun astut Hankolaiseen kivijalkakauppaan, varmistat palvelun pysyvyyden my\u00f6s tuleville sukupolville, valikoiman monipuolisuuden sek\u00e4 hintojen kilpailukykyisyyden. Kauppiaat palvelevat mielell\u00e4\u00e4n juuri sinua.V\u00e4lkommen till Hang\u00f6s g\u00e5gata och shoppa i sm\u00e5 mysiga butiker. I butikerna f\u00e5r du personlig betj\u00e4ning om du vill eller s\u00e5 kan du bara [&hellip;]<\/p>\n","protected":false},"author":1,"featured_media":0,"parent":0,"menu_order":0,"comment_status":"closed","ping_status":"closed","template":"","meta":{"footnotes":""},"class_list":["post-6386","page","type-page","status-publish","hentry"],"yoast_head":"<!-- This site is optimized with the Yoast SEO plugin v27.2 - https:\/\/yoast.com\/product\/yoast-seo-wordpress\/ -->\n<title>Ostoksille K\u00e4velykadulle -<\/title>\n<meta name=\"robots\" content=\"index, follow, max-snippet:-1, max-image-preview:large, max-video-preview:-1\" \/>\n<link rel=\"canonical\" href=\"https:\/\/lomahanko.info\/index.php\/ostoksille\/\" \/>\n<meta property=\"og:locale\" content=\"fi_FI\" \/>\n<meta property=\"og:type\" content=\"article\" \/>\n<meta property=\"og:title\" content=\"Ostoksille K\u00e4velykadulle -\" \/>\n<meta property=\"og:description\" content=\"Hangon k\u00e4velykadulla, vuorikadulla voit pist\u00e4yty\u00e4 ihanissa myym\u00e4l\u00f6iss\u00e4 ostoksilla tai muuten vain katselemassa valikoimaa.Kun astut Hankolaiseen kivijalkakauppaan, varmistat palvelun pysyvyyden my\u00f6s tuleville sukupolville, valikoiman monipuolisuuden sek\u00e4 hintojen kilpailukykyisyyden. Kauppiaat palvelevat mielell\u00e4\u00e4n juuri sinua.V\u00e4lkommen till Hang\u00f6s g\u00e5gata och shoppa i sm\u00e5 mysiga butiker. I butikerna f\u00e5r du personlig betj\u00e4ning om du vill eller s\u00e5 kan du bara [&hellip;]\" \/>\n<meta property=\"og:url\" content=\"https:\/\/lomahanko.info\/index.php\/ostoksille\/\" \/>\n<meta property=\"article:publisher\" content=\"https:\/\/www.facebook.com\/groups\/214625491910322\" \/>\n<meta property=\"article:modified_time\" content=\"2023-11-30T13:03:59+00:00\" \/>\n<meta property=\"og:image\" content=\"https:\/\/lomahanko.info\/wp-content\/uploads\/2020\/11\/Tyhja_transparent1.png\" \/>\n<meta name=\"twitter:card\" content=\"summary_large_image\" \/>\n<meta name=\"twitter:label1\" content=\"Arvioitu lukuaika\" \/>\n\t<meta name=\"twitter:data1\" content=\"4 minuuttia\" \/>\n<script type=\"application\/ld+json\" class=\"yoast-schema-graph\">{\"@context\":\"https:\/\/schema.org\",\"@graph\":[{\"@type\":\"WebPage\",\"@id\":\"https:\/\/lomahanko.info\/index.php\/ostoksille\/\",\"url\":\"https:\/\/lomahanko.info\/index.php\/ostoksille\/\",\"name\":\"Ostoksille K\u00e4velykadulle -\",\"isPartOf\":{\"@id\":\"https:\/\/lomahanko.info\/#website\"},\"primaryImageOfPage\":{\"@id\":\"https:\/\/lomahanko.info\/index.php\/ostoksille\/#primaryimage\"},\"image\":{\"@id\":\"https:\/\/lomahanko.info\/index.php\/ostoksille\/#primaryimage\"},\"thumbnailUrl\":\"https:\/\/lomahanko.info\/wp-content\/uploads\/2020\/11\/Tyhja_transparent1.png\",\"datePublished\":\"2020-11-12T08:30:41+00:00\",\"dateModified\":\"2023-11-30T13:03:59+00:00\",\"breadcrumb\":{\"@id\":\"https:\/\/lomahanko.info\/index.php\/ostoksille\/#breadcrumb\"},\"inLanguage\":\"fi\",\"potentialAction\":[{\"@type\":\"ReadAction\",\"target\":[\"https:\/\/lomahanko.info\/index.php\/ostoksille\/\"]}]},{\"@type\":\"ImageObject\",\"inLanguage\":\"fi\",\"@id\":\"https:\/\/lomahanko.info\/index.php\/ostoksille\/#primaryimage\",\"url\":\"https:\/\/lomahanko.info\/wp-content\/uploads\/2020\/11\/Tyhja_transparent1.png\",\"contentUrl\":\"https:\/\/lomahanko.info\/wp-content\/uploads\/2020\/11\/Tyhja_transparent1.png\",\"width\":687,\"height\":116},{\"@type\":\"BreadcrumbList\",\"@id\":\"https:\/\/lomahanko.info\/index.php\/ostoksille\/#breadcrumb\",\"itemListElement\":[{\"@type\":\"ListItem\",\"position\":1,\"name\":\"Etusivu\",\"item\":\"https:\/\/lomahanko.info\/\"},{\"@type\":\"ListItem\",\"position\":2,\"name\":\"Ostoksille K\u00e4velykadulle\"}]},{\"@type\":\"WebSite\",\"@id\":\"https:\/\/lomahanko.info\/#website\",\"url\":\"https:\/\/lomahanko.info\/\",\"name\":\"\",\"description\":\"\",\"publisher\":{\"@id\":\"https:\/\/lomahanko.info\/#organization\"},\"potentialAction\":[{\"@type\":\"SearchAction\",\"target\":{\"@type\":\"EntryPoint\",\"urlTemplate\":\"https:\/\/lomahanko.info\/?s={search_term_string}\"},\"query-input\":{\"@type\":\"PropertyValueSpecification\",\"valueRequired\":true,\"valueName\":\"search_term_string\"}}],\"inLanguage\":\"fi\"},{\"@type\":\"Organization\",\"@id\":\"https:\/\/lomahanko.info\/#organization\",\"name\":\"Lomahanko\",\"url\":\"https:\/\/lomahanko.info\/\",\"logo\":{\"@type\":\"ImageObject\",\"inLanguage\":\"fi\",\"@id\":\"https:\/\/lomahanko.info\/#\/schema\/logo\/image\/\",\"url\":\"https:\/\/lomahanko.info\/wp-content\/uploads\/2020\/10\/cropped-LOMAHANKO_APP_LOGO.png\",\"contentUrl\":\"https:\/\/lomahanko.info\/wp-content\/uploads\/2020\/10\/cropped-LOMAHANKO_APP_LOGO.png\",\"width\":240,\"height\":44,\"caption\":\"Lomahanko\"},\"image\":{\"@id\":\"https:\/\/lomahanko.info\/#\/schema\/logo\/image\/\"},\"sameAs\":[\"https:\/\/www.facebook.com\/groups\/214625491910322\"]}]}<\/script>\n<!-- \/ Yoast SEO plugin. -->","yoast_head_json":{"title":"Ostoksille K\u00e4velykadulle -","robots":{"index":"index","follow":"follow","max-snippet":"max-snippet:-1","max-image-preview":"max-image-preview:large","max-video-preview":"max-video-preview:-1"},"canonical":"https:\/\/lomahanko.info\/index.php\/ostoksille\/","og_locale":"fi_FI","og_type":"article","og_title":"Ostoksille K\u00e4velykadulle -","og_description":"Hangon k\u00e4velykadulla, vuorikadulla voit pist\u00e4yty\u00e4 ihanissa myym\u00e4l\u00f6iss\u00e4 ostoksilla tai muuten vain katselemassa valikoimaa.Kun astut Hankolaiseen kivijalkakauppaan, varmistat palvelun pysyvyyden my\u00f6s tuleville sukupolville, valikoiman monipuolisuuden sek\u00e4 hintojen kilpailukykyisyyden. Kauppiaat palvelevat mielell\u00e4\u00e4n juuri sinua.V\u00e4lkommen till Hang\u00f6s g\u00e5gata och shoppa i sm\u00e5 mysiga butiker. I butikerna f\u00e5r du personlig betj\u00e4ning om du vill eller s\u00e5 kan du bara [&hellip;]","og_url":"https:\/\/lomahanko.info\/index.php\/ostoksille\/","article_publisher":"https:\/\/www.facebook.com\/groups\/214625491910322","article_modified_time":"2023-11-30T13:03:59+00:00","og_image":[{"url":"https:\/\/lomahanko.info\/wp-content\/uploads\/2020\/11\/Tyhja_transparent1.png","type":"","width":"","height":""}],"twitter_card":"summary_large_image","twitter_misc":{"Arvioitu lukuaika":"4 minuuttia"},"schema":{"@context":"https:\/\/schema.org","@graph":[{"@type":"WebPage","@id":"https:\/\/lomahanko.info\/index.php\/ostoksille\/","url":"https:\/\/lomahanko.info\/index.php\/ostoksille\/","name":"Ostoksille K\u00e4velykadulle -","isPartOf":{"@id":"https:\/\/lomahanko.info\/#website"},"primaryImageOfPage":{"@id":"https:\/\/lomahanko.info\/index.php\/ostoksille\/#primaryimage"},"image":{"@id":"https:\/\/lomahanko.info\/index.php\/ostoksille\/#primaryimage"},"thumbnailUrl":"https:\/\/lomahanko.info\/wp-content\/uploads\/2020\/11\/Tyhja_transparent1.png","datePublished":"2020-11-12T08:30:41+00:00","dateModified":"2023-11-30T13:03:59+00:00","breadcrumb":{"@id":"https:\/\/lomahanko.info\/index.php\/ostoksille\/#breadcrumb"},"inLanguage":"fi","potentialAction":[{"@type":"ReadAction","target":["https:\/\/lomahanko.info\/index.php\/ostoksille\/"]}]},{"@type":"ImageObject","inLanguage":"fi","@id":"https:\/\/lomahanko.info\/index.php\/ostoksille\/#primaryimage","url":"https:\/\/lomahanko.info\/wp-content\/uploads\/2020\/11\/Tyhja_transparent1.png","contentUrl":"https:\/\/lomahanko.info\/wp-content\/uploads\/2020\/11\/Tyhja_transparent1.png","width":687,"height":116},{"@type":"BreadcrumbList","@id":"https:\/\/lomahanko.info\/index.php\/ostoksille\/#breadcrumb","itemListElement":[{"@type":"ListItem","position":1,"name":"Etusivu","item":"https:\/\/lomahanko.info\/"},{"@type":"ListItem","position":2,"name":"Ostoksille K\u00e4velykadulle"}]},{"@type":"WebSite","@id":"https:\/\/lomahanko.info\/#website","url":"https:\/\/lomahanko.info\/","name":"","description":"","publisher":{"@id":"https:\/\/lomahanko.info\/#organization"},"potentialAction":[{"@type":"SearchAction","target":{"@type":"EntryPoint","urlTemplate":"https:\/\/lomahanko.info\/?s={search_term_string}"},"query-input":{"@type":"PropertyValueSpecification","valueRequired":true,"valueName":"search_term_string"}}],"inLanguage":"fi"},{"@type":"Organization","@id":"https:\/\/lomahanko.info\/#organization","name":"Lomahanko","url":"https:\/\/lomahanko.info\/","logo":{"@type":"ImageObject","inLanguage":"fi","@id":"https:\/\/lomahanko.info\/#\/schema\/logo\/image\/","url":"https:\/\/lomahanko.info\/wp-content\/uploads\/2020\/10\/cropped-LOMAHANKO_APP_LOGO.png","contentUrl":"https:\/\/lomahanko.info\/wp-content\/uploads\/2020\/10\/cropped-LOMAHANKO_APP_LOGO.png","width":240,"height":44,"caption":"Lomahanko"},"image":{"@id":"https:\/\/lomahanko.info\/#\/schema\/logo\/image\/"},"sameAs":["https:\/\/www.facebook.com\/groups\/214625491910322"]}]}},"_links":{"self":[{"href":"https:\/\/lomahanko.info\/index.php\/wp-json\/wp\/v2\/pages\/6386","targetHints":{"allow":["GET"]}}],"collection":[{"href":"https:\/\/lomahanko.info\/index.php\/wp-json\/wp\/v2\/pages"}],"about":[{"href":"https:\/\/lomahanko.info\/index.php\/wp-json\/wp\/v2\/types\/page"}],"author":[{"embeddable":true,"href":"https:\/\/lomahanko.info\/index.php\/wp-json\/wp\/v2\/users\/1"}],"replies":[{"embeddable":true,"href":"https:\/\/lomahanko.info\/index.php\/wp-json\/wp\/v2\/comments?post=6386"}],"version-history":[{"count":20,"href":"https:\/\/lomahanko.info\/index.php\/wp-json\/wp\/v2\/pages\/6386\/revisions"}],"predecessor-version":[{"id":7600,"href":"https:\/\/lomahanko.info\/index.php\/wp-json\/wp\/v2\/pages\/6386\/revisions\/7600"}],"wp:attachment":[{"href":"https:\/\/lomahanko.info\/index.php\/wp-json\/wp\/v2\/media?parent=6386"}],"curies":[{"name":"wp","href":"https:\/\/api.w.org\/{rel}","templated":true}]}}