{"id":6526,"date":"2020-11-17T11:43:51","date_gmt":"2020-11-17T09:43:51","guid":{"rendered":"http:\/\/norpol-event.com\/?page_id=6526"},"modified":"2020-11-17T11:43:51","modified_gmt":"2020-11-17T09:43:51","slug":"luontopolut","status":"publish","type":"page","link":"https:\/\/lomahanko.info\/index.php\/luontopolut\/","title":{"rendered":"Luontopolut"},"content":{"rendered":"\n<figure class=\"wp-block-image size-large\"><img loading=\"lazy\" decoding=\"async\" width=\"687\" height=\"116\" src=\"https:\/\/lomahanko.info\/wp-content\/uploads\/2020\/11\/Tyhja_transparent1.png\" alt=\"\" class=\"wp-image-6062\" srcset=\"https:\/\/lomahanko.info\/wp-content\/uploads\/2020\/11\/Tyhja_transparent1.png 687w, https:\/\/lomahanko.info\/wp-content\/uploads\/2020\/11\/Tyhja_transparent1-300x51.png 300w\" sizes=\"auto, (max-width: 687px) 100vw, 687px\" \/><\/figure>\n\n\n\n<figure class=\"wp-block-image size-large\"><img loading=\"lazy\" decoding=\"async\" width=\"136\" height=\"134\" src=\"https:\/\/lomahanko.info\/wp-content\/uploads\/2020\/11\/Patikka_ikoni.png\" alt=\"\" class=\"wp-image-6545\"\/><\/figure>\n\n\n\n<hr class=\"wp-block-separator\"\/>\n\n\n\n<figure class=\"wp-block-table\"><table><tbody><tr><td><span class=\"has-inline-color has-white-color\">TULLINIEMEN LUONTOPOLKU<\/span><\/td><\/tr><tr><td>Tulliniemen luontopolku johtaa Suomen etel\u00e4k\u00e4rkeen, salpaussel\u00e4n alkupisteeseen, miss\u00e4 Saaristomeren ja Suomenlahden tyrskyt sekoittuvat.<\/td><\/tr><tr><td>Pituus 6.7 km. Varustaudu hyvill\u00e4 kengill\u00e4.<\/td><\/tr><tr><td>Parkkialue on Tulliniemen vapaasataman portilla ja se on maksuton. <\/td><\/tr><tr><td><a rel=\"noreferrer noopener\" href=\"https:\/\/www.google.fi\/maps\/place\/Tulliniemen+luontopolku\/@59.8273016,22.9224583,17z\/data=!3m1!4b1!4m5!3m4!1s0x468ce2532e09036d:0x8eff9203b5457fc4!8m2!3d59.8272989!4d22.924647\" target=\"_blank\">Kartta luontopolun l\u00e4ht\u00f6pisteeseen.<\/a>  <a href=\"https:\/\/www.google.fi\/maps\/place\/Tulliniemen+pys%C3%A4k%C3%B6intialue\/@59.8252482,22.9287418,17z\/data=!3m1!4b1!4m5!3m4!1s0x468ce253cb7afba1:0xf7a285fe2c620a6b!8m2!3d59.8252455!4d22.9309304\" target=\"_blank\" rel=\"noreferrer noopener\">Kartta parkkialueelle<\/a>.<\/td><\/tr><\/tbody><\/table><\/figure>\n\n\n\n<hr class=\"wp-block-separator\"\/>\n\n\n\n<figure class=\"wp-block-table\"><table><tbody><tr><td><span class=\"has-inline-color has-white-color\">RAKKAUDENPOLKU<\/span><\/td><\/tr><tr><td>Noin 1,5 km pitk\u00e4 k\u00e4velyreitti on aikamatka 1800-luvun loppupuolelle, jolloin Rakkauden polku rakennettiin kylpyl\u00e4vieraille. <\/td><\/tr><tr><td>Pituus n. 1.5 km. Reitti kulkee sek\u00e4 kalliolla ett\u00e4 mets\u00e4ss\u00e4<\/td><\/tr><tr><td>Parkkialue Hangon Casinon kupeessa<\/td><\/tr><tr><td><a href=\"https:\/\/www.google.fi\/maps\/place\/Rakkaudenpolku,+Hanko\/@59.8227542,22.977577,16.5z\/data=!4m5!3m4!1s0x468ce263b185cdab:0x6d63ff96acabb8fd!8m2!3d59.8223796!4d22.9795746\" target=\"_blank\" rel=\"noreferrer noopener\">Kartta Rakkaudenpolulle<\/a><\/td><\/tr><\/tbody><\/table><\/figure>\n\n\n\n<hr class=\"wp-block-separator\"\/>\n\n\n\n<figure class=\"wp-block-table\"><table><tbody><tr><td><span class=\"has-inline-color has-white-color\">TV\u00c4RMINNEN LUONTOPOLKU<\/span><\/td><\/tr><tr><td>Luontopolku kiertelee Tv\u00e4rminnen kyl\u00e4n l\u00e4hiymp\u00e4rist\u00f6n monipuolisessa luonossa. Polun varrella on useita harvinaisia tai uhanalaisia kasvi- ja el\u00e4inlajeja, joista useat ovat rauhoitettu luonnonsuojelulain nojalla. Tv\u00e4rminnen kasvit ovat kauneimmillaan kukkiessaan omalla kasvualueellaan.<\/td><\/tr><tr><td>Pituus n. 3 km. Reitti on merkitty maastoon, puihin ja pylv\u00e4isiin valkoisilla merkinn\u00f6ill\u00e4. Liikkuminen on sallittua ainoastaan jalan.<\/td><\/tr><tr><td><a href=\"https:\/\/www.hanko.fi\/files\/13137\/tvarminne_paainfotaulu_luonnos_A3_30_6_16.jpg\" target=\"_blank\" rel=\"noreferrer noopener\">Katso luontopolun kartta t\u00e4st\u00e4<\/a><\/td><\/tr><tr><td><a rel=\"noreferrer noopener\" href=\"https:\/\/www.google.fi\/maps\/@59.8412933,23.1988516,16z\" target=\"_blank\">J\u00e4t\u00e4 auto t\u00e4h\u00e4n<\/a> Tv\u00e4rminnentien ja Juhani Ahon tien risteyksess\u00e4 on pys\u00e4k\u00f6intialue.<\/td><\/tr><\/tbody><\/table><\/figure>\n\n\n\n<hr class=\"wp-block-separator\"\/>\n\n\n\n<figure class=\"wp-block-table\"><table><tbody><tr><td><span class=\"has-inline-color has-white-color\">PEIKONPOLKU FURUN\u00c4S<\/span><\/td><\/tr><tr><td>L\u00e5nbodauddenin ja Furun\u00e4sin alueella kiertelev\u00e4 luontopolku, jonka varrella ovat p\u00e4hkin\u00e4puulehto, luonnonhiekkaranta ja paljon muuta. Furun\u00e4sin p\u00e4\u00e4ss\u00e4 on laavu ja nuotiopaikka.<\/td><\/tr><tr><td>Pituus n. 1.5 km<\/td><\/tr><tr><td><\/td><\/tr><tr><td><a href=\"https:\/\/www.google.fi\/maps\/place\/Furun%C3%A4s\/@59.8654458,23.0259724,2245m\/data=!3m1!1e3!4m13!1m7!3m6!1s0x468ce2b2c9c90815:0xdb8f6d0a8b13c43e!2zRnVydW7DpHM!3b1!8m2!3d59.8654458!4d23.0259724!3m4!1s0x468ce2b2c9c90815:0xdb8f6d0a8b13c43e!8m2!3d59.8654458!4d23.0259724\" target=\"_blank\" rel=\"noreferrer noopener\">Alueen kartta t\u00e4ss\u00e4<\/a><\/td><\/tr><\/tbody><\/table><\/figure>\n\n\n\n<hr class=\"wp-block-separator\"\/>\n\n\n\n<figure class=\"wp-block-table\"><table><tbody><tr><td><span class=\"has-inline-color has-white-color\">TULLINIEMEN DYYNIT ETEL\u00c4RANTA<\/span><\/td><\/tr><tr><td>Tulliniemen etel\u00e4rannalla on suojeltu dyynialue, jossa dyynien p\u00e4\u00e4ll\u00e4 kulkee vartavasten tehty lankkup\u00e4\u00e4llysteinen maisemapolku. Polku soveltuu my\u00f6s huonosti liikkuville. Toki parkkipaikalta on k\u00e4velymatkaa n. 600m p\u00e4\u00e4llystetyn polun alkuun.<\/td><\/tr><tr><td>Pituus n. 1.5 km<\/td><\/tr><tr><td><a href=\"https:\/\/www.google.fi\/maps\/place\/Tulliniemen+ranta\/@59.8223004,22.9267785,16.5z\/data=!4m5!3m4!1s0x468ce23489b003ef:0xd23367149c7d6c8d!8m2!3d59.8235355!4d22.9286854\" target=\"_blank\" rel=\"noreferrer noopener\">Paikan sijainti<\/a><\/td><\/tr><tr><td><a href=\"https:\/\/www.google.fi\/maps\/place\/Tulliniemen+ranta+parkki\/@59.8223004,22.9267785,16.5z\/data=!4m5!3m4!1s0x468ce30acbdcbfff:0x230f389e23e32e2!8m2!3d59.8247199!4d22.9308097\" target=\"_blank\" rel=\"noreferrer noopener\">Auton voi j\u00e4tt\u00e4\u00e4 t\u00e4nne<\/a><\/td><\/tr><\/tbody><\/table><\/figure>\n\n\n\n<hr class=\"wp-block-separator\"\/>\n\n\n\n<div class=\"wp-block-image\"><figure class=\"aligncenter size-large\"><img loading=\"lazy\" decoding=\"async\" width=\"589\" height=\"190\" src=\"https:\/\/lomahanko.info\/wp-content\/uploads\/2020\/11\/Transparent-silhuetti2.png\" alt=\"\" class=\"wp-image-6116\" srcset=\"https:\/\/lomahanko.info\/wp-content\/uploads\/2020\/11\/Transparent-silhuetti2.png 589w, https:\/\/lomahanko.info\/wp-content\/uploads\/2020\/11\/Transparent-silhuetti2-300x97.png 300w\" sizes=\"auto, (max-width: 589px) 100vw, 589px\" \/><\/figure><\/div>\n","protected":false},"excerpt":{"rendered":"<p>TULLINIEMEN LUONTOPOLKU Tulliniemen luontopolku johtaa Suomen etel\u00e4k\u00e4rkeen, salpaussel\u00e4n alkupisteeseen, miss\u00e4 Saaristomeren ja Suomenlahden tyrskyt sekoittuvat. Pituus 6.7 km. Varustaudu hyvill\u00e4 kengill\u00e4. Parkkialue on Tulliniemen vapaasataman portilla ja se on maksuton. Kartta luontopolun l\u00e4ht\u00f6pisteeseen. Kartta parkkialueelle. RAKKAUDENPOLKU Noin 1,5 km pitk\u00e4 k\u00e4velyreitti on aikamatka 1800-luvun loppupuolelle, jolloin Rakkauden polku rakennettiin kylpyl\u00e4vieraille. Pituus n. 1.5 km. Reitti [&hellip;]<\/p>\n","protected":false},"author":1,"featured_media":0,"parent":0,"menu_order":0,"comment_status":"closed","ping_status":"closed","template":"","meta":{"footnotes":""},"class_list":["post-6526","page","type-page","status-publish","hentry"],"yoast_head":"<!-- This site is optimized with the Yoast SEO plugin v27.2 - https:\/\/yoast.com\/product\/yoast-seo-wordpress\/ -->\n<title>Luontopolut -<\/title>\n<meta name=\"robots\" content=\"index, follow, max-snippet:-1, max-image-preview:large, max-video-preview:-1\" \/>\n<link rel=\"canonical\" href=\"https:\/\/lomahanko.info\/index.php\/luontopolut\/\" \/>\n<meta property=\"og:locale\" content=\"fi_FI\" \/>\n<meta property=\"og:type\" content=\"article\" \/>\n<meta property=\"og:title\" content=\"Luontopolut -\" \/>\n<meta property=\"og:description\" content=\"TULLINIEMEN LUONTOPOLKU Tulliniemen luontopolku johtaa Suomen etel\u00e4k\u00e4rkeen, salpaussel\u00e4n alkupisteeseen, miss\u00e4 Saaristomeren ja Suomenlahden tyrskyt sekoittuvat. Pituus 6.7 km. Varustaudu hyvill\u00e4 kengill\u00e4. Parkkialue on Tulliniemen vapaasataman portilla ja se on maksuton. Kartta luontopolun l\u00e4ht\u00f6pisteeseen. Kartta parkkialueelle. RAKKAUDENPOLKU Noin 1,5 km pitk\u00e4 k\u00e4velyreitti on aikamatka 1800-luvun loppupuolelle, jolloin Rakkauden polku rakennettiin kylpyl\u00e4vieraille. Pituus n. 1.5 km. Reitti [&hellip;]\" \/>\n<meta property=\"og:url\" content=\"https:\/\/lomahanko.info\/index.php\/luontopolut\/\" \/>\n<meta property=\"article:publisher\" content=\"https:\/\/www.facebook.com\/groups\/214625491910322\" \/>\n<meta property=\"og:image\" content=\"https:\/\/lomahanko.info\/wp-content\/uploads\/2020\/11\/Tyhja_transparent1.png\" \/>\n<meta name=\"twitter:card\" content=\"summary_large_image\" \/>\n<meta name=\"twitter:label1\" content=\"Arvioitu lukuaika\" \/>\n\t<meta name=\"twitter:data1\" content=\"1 minuutti\" \/>\n<script type=\"application\/ld+json\" class=\"yoast-schema-graph\">{\"@context\":\"https:\/\/schema.org\",\"@graph\":[{\"@type\":\"WebPage\",\"@id\":\"https:\/\/lomahanko.info\/index.php\/luontopolut\/\",\"url\":\"https:\/\/lomahanko.info\/index.php\/luontopolut\/\",\"name\":\"Luontopolut -\",\"isPartOf\":{\"@id\":\"https:\/\/lomahanko.info\/#website\"},\"primaryImageOfPage\":{\"@id\":\"https:\/\/lomahanko.info\/index.php\/luontopolut\/#primaryimage\"},\"image\":{\"@id\":\"https:\/\/lomahanko.info\/index.php\/luontopolut\/#primaryimage\"},\"thumbnailUrl\":\"https:\/\/lomahanko.info\/wp-content\/uploads\/2020\/11\/Tyhja_transparent1.png\",\"datePublished\":\"2020-11-17T09:43:51+00:00\",\"breadcrumb\":{\"@id\":\"https:\/\/lomahanko.info\/index.php\/luontopolut\/#breadcrumb\"},\"inLanguage\":\"fi\",\"potentialAction\":[{\"@type\":\"ReadAction\",\"target\":[\"https:\/\/lomahanko.info\/index.php\/luontopolut\/\"]}]},{\"@type\":\"ImageObject\",\"inLanguage\":\"fi\",\"@id\":\"https:\/\/lomahanko.info\/index.php\/luontopolut\/#primaryimage\",\"url\":\"https:\/\/lomahanko.info\/wp-content\/uploads\/2020\/11\/Tyhja_transparent1.png\",\"contentUrl\":\"https:\/\/lomahanko.info\/wp-content\/uploads\/2020\/11\/Tyhja_transparent1.png\",\"width\":687,\"height\":116},{\"@type\":\"BreadcrumbList\",\"@id\":\"https:\/\/lomahanko.info\/index.php\/luontopolut\/#breadcrumb\",\"itemListElement\":[{\"@type\":\"ListItem\",\"position\":1,\"name\":\"Etusivu\",\"item\":\"https:\/\/lomahanko.info\/\"},{\"@type\":\"ListItem\",\"position\":2,\"name\":\"Luontopolut\"}]},{\"@type\":\"WebSite\",\"@id\":\"https:\/\/lomahanko.info\/#website\",\"url\":\"https:\/\/lomahanko.info\/\",\"name\":\"\",\"description\":\"\",\"publisher\":{\"@id\":\"https:\/\/lomahanko.info\/#organization\"},\"potentialAction\":[{\"@type\":\"SearchAction\",\"target\":{\"@type\":\"EntryPoint\",\"urlTemplate\":\"https:\/\/lomahanko.info\/?s={search_term_string}\"},\"query-input\":{\"@type\":\"PropertyValueSpecification\",\"valueRequired\":true,\"valueName\":\"search_term_string\"}}],\"inLanguage\":\"fi\"},{\"@type\":\"Organization\",\"@id\":\"https:\/\/lomahanko.info\/#organization\",\"name\":\"Lomahanko\",\"url\":\"https:\/\/lomahanko.info\/\",\"logo\":{\"@type\":\"ImageObject\",\"inLanguage\":\"fi\",\"@id\":\"https:\/\/lomahanko.info\/#\/schema\/logo\/image\/\",\"url\":\"https:\/\/lomahanko.info\/wp-content\/uploads\/2020\/10\/cropped-LOMAHANKO_APP_LOGO.png\",\"contentUrl\":\"https:\/\/lomahanko.info\/wp-content\/uploads\/2020\/10\/cropped-LOMAHANKO_APP_LOGO.png\",\"width\":240,\"height\":44,\"caption\":\"Lomahanko\"},\"image\":{\"@id\":\"https:\/\/lomahanko.info\/#\/schema\/logo\/image\/\"},\"sameAs\":[\"https:\/\/www.facebook.com\/groups\/214625491910322\"]}]}<\/script>\n<!-- \/ Yoast SEO plugin. -->","yoast_head_json":{"title":"Luontopolut -","robots":{"index":"index","follow":"follow","max-snippet":"max-snippet:-1","max-image-preview":"max-image-preview:large","max-video-preview":"max-video-preview:-1"},"canonical":"https:\/\/lomahanko.info\/index.php\/luontopolut\/","og_locale":"fi_FI","og_type":"article","og_title":"Luontopolut -","og_description":"TULLINIEMEN LUONTOPOLKU Tulliniemen luontopolku johtaa Suomen etel\u00e4k\u00e4rkeen, salpaussel\u00e4n alkupisteeseen, miss\u00e4 Saaristomeren ja Suomenlahden tyrskyt sekoittuvat. Pituus 6.7 km. Varustaudu hyvill\u00e4 kengill\u00e4. Parkkialue on Tulliniemen vapaasataman portilla ja se on maksuton. Kartta luontopolun l\u00e4ht\u00f6pisteeseen. Kartta parkkialueelle. RAKKAUDENPOLKU Noin 1,5 km pitk\u00e4 k\u00e4velyreitti on aikamatka 1800-luvun loppupuolelle, jolloin Rakkauden polku rakennettiin kylpyl\u00e4vieraille. Pituus n. 1.5 km. Reitti [&hellip;]","og_url":"https:\/\/lomahanko.info\/index.php\/luontopolut\/","article_publisher":"https:\/\/www.facebook.com\/groups\/214625491910322","og_image":[{"url":"https:\/\/lomahanko.info\/wp-content\/uploads\/2020\/11\/Tyhja_transparent1.png","type":"","width":"","height":""}],"twitter_card":"summary_large_image","twitter_misc":{"Arvioitu lukuaika":"1 minuutti"},"schema":{"@context":"https:\/\/schema.org","@graph":[{"@type":"WebPage","@id":"https:\/\/lomahanko.info\/index.php\/luontopolut\/","url":"https:\/\/lomahanko.info\/index.php\/luontopolut\/","name":"Luontopolut -","isPartOf":{"@id":"https:\/\/lomahanko.info\/#website"},"primaryImageOfPage":{"@id":"https:\/\/lomahanko.info\/index.php\/luontopolut\/#primaryimage"},"image":{"@id":"https:\/\/lomahanko.info\/index.php\/luontopolut\/#primaryimage"},"thumbnailUrl":"https:\/\/lomahanko.info\/wp-content\/uploads\/2020\/11\/Tyhja_transparent1.png","datePublished":"2020-11-17T09:43:51+00:00","breadcrumb":{"@id":"https:\/\/lomahanko.info\/index.php\/luontopolut\/#breadcrumb"},"inLanguage":"fi","potentialAction":[{"@type":"ReadAction","target":["https:\/\/lomahanko.info\/index.php\/luontopolut\/"]}]},{"@type":"ImageObject","inLanguage":"fi","@id":"https:\/\/lomahanko.info\/index.php\/luontopolut\/#primaryimage","url":"https:\/\/lomahanko.info\/wp-content\/uploads\/2020\/11\/Tyhja_transparent1.png","contentUrl":"https:\/\/lomahanko.info\/wp-content\/uploads\/2020\/11\/Tyhja_transparent1.png","width":687,"height":116},{"@type":"BreadcrumbList","@id":"https:\/\/lomahanko.info\/index.php\/luontopolut\/#breadcrumb","itemListElement":[{"@type":"ListItem","position":1,"name":"Etusivu","item":"https:\/\/lomahanko.info\/"},{"@type":"ListItem","position":2,"name":"Luontopolut"}]},{"@type":"WebSite","@id":"https:\/\/lomahanko.info\/#website","url":"https:\/\/lomahanko.info\/","name":"","description":"","publisher":{"@id":"https:\/\/lomahanko.info\/#organization"},"potentialAction":[{"@type":"SearchAction","target":{"@type":"EntryPoint","urlTemplate":"https:\/\/lomahanko.info\/?s={search_term_string}"},"query-input":{"@type":"PropertyValueSpecification","valueRequired":true,"valueName":"search_term_string"}}],"inLanguage":"fi"},{"@type":"Organization","@id":"https:\/\/lomahanko.info\/#organization","name":"Lomahanko","url":"https:\/\/lomahanko.info\/","logo":{"@type":"ImageObject","inLanguage":"fi","@id":"https:\/\/lomahanko.info\/#\/schema\/logo\/image\/","url":"https:\/\/lomahanko.info\/wp-content\/uploads\/2020\/10\/cropped-LOMAHANKO_APP_LOGO.png","contentUrl":"https:\/\/lomahanko.info\/wp-content\/uploads\/2020\/10\/cropped-LOMAHANKO_APP_LOGO.png","width":240,"height":44,"caption":"Lomahanko"},"image":{"@id":"https:\/\/lomahanko.info\/#\/schema\/logo\/image\/"},"sameAs":["https:\/\/www.facebook.com\/groups\/214625491910322"]}]}},"_links":{"self":[{"href":"https:\/\/lomahanko.info\/index.php\/wp-json\/wp\/v2\/pages\/6526","targetHints":{"allow":["GET"]}}],"collection":[{"href":"https:\/\/lomahanko.info\/index.php\/wp-json\/wp\/v2\/pages"}],"about":[{"href":"https:\/\/lomahanko.info\/index.php\/wp-json\/wp\/v2\/types\/page"}],"author":[{"embeddable":true,"href":"https:\/\/lomahanko.info\/index.php\/wp-json\/wp\/v2\/users\/1"}],"replies":[{"embeddable":true,"href":"https:\/\/lomahanko.info\/index.php\/wp-json\/wp\/v2\/comments?post=6526"}],"version-history":[{"count":0,"href":"https:\/\/lomahanko.info\/index.php\/wp-json\/wp\/v2\/pages\/6526\/revisions"}],"wp:attachment":[{"href":"https:\/\/lomahanko.info\/index.php\/wp-json\/wp\/v2\/media?parent=6526"}],"curies":[{"name":"wp","href":"https:\/\/api.w.org\/{rel}","templated":true}]}}