{"id":6619,"date":"2020-11-23T09:16:01","date_gmt":"2020-11-23T07:16:01","guid":{"rendered":"http:\/\/norpol-event.com\/?page_id=6619"},"modified":"2024-08-08T08:39:08","modified_gmt":"2024-08-08T05:39:08","slug":"hangon-vesitorni","status":"publish","type":"page","link":"https:\/\/lomahanko.info\/index.php\/hangon-vesitorni\/","title":{"rendered":"Hangon vesitorni"},"content":{"rendered":"\n<figure class=\"wp-block-image size-large\"><img loading=\"lazy\" decoding=\"async\" width=\"687\" height=\"116\" src=\"https:\/\/lomahanko.info\/wp-content\/uploads\/2020\/11\/Tyhja_transparent1.png\" alt=\"\" class=\"wp-image-6062\" srcset=\"https:\/\/lomahanko.info\/wp-content\/uploads\/2020\/11\/Tyhja_transparent1.png 687w, https:\/\/lomahanko.info\/wp-content\/uploads\/2020\/11\/Tyhja_transparent1-300x51.png 300w\" sizes=\"auto, (max-width: 687px) 100vw, 687px\" \/><\/figure>\n\n\n\n<div class=\"wp-block-columns is-layout-flex wp-container-core-columns-is-layout-9d6595d7 wp-block-columns-is-layout-flex\">\n<div class=\"wp-block-column is-layout-flow wp-block-column-is-layout-flow\" style=\"flex-basis:33.33%\">\n<figure class=\"wp-block-image size-large is-resized\"><img loading=\"lazy\" decoding=\"async\" width=\"300\" height=\"689\" src=\"https:\/\/lomahanko.info\/wp-content\/uploads\/2020\/11\/Vesitorni.png\" alt=\"\" class=\"wp-image-6622\" style=\"width:137px;height:auto\" srcset=\"https:\/\/lomahanko.info\/wp-content\/uploads\/2020\/11\/Vesitorni.png 300w, https:\/\/lomahanko.info\/wp-content\/uploads\/2020\/11\/Vesitorni-131x300.png 131w\" sizes=\"auto, (max-width: 300px) 100vw, 300px\" \/><\/figure>\n<\/div>\n\n\n\n<div class=\"wp-block-column is-layout-flow wp-block-column-is-layout-flow\" style=\"flex-basis:66.66%\">\n<figure class=\"wp-block-table\"><table><tbody><tr><td><span class=\"has-inline-color has-white-color\">Hangon vesitorni<\/span><\/td><\/tr><tr><td>Kes\u00e4isin matkailutoimistolla on infopiste my\u00f6s vesitornissa, joka kohoaa noin 65 metri\u00e4 merenpinnan yl\u00e4puolelle ja tarjoaa upean n\u00e4k\u00f6alan. Torni on kokonaisuudessaan 48 metri\u00e4 korkea.<br>Hissill\u00e4 kuljetaan yl\u00f6s asti ja sis\u00e4\u00e4np\u00e4\u00e4sy maksetaan n\u00e4k\u00f6alatasanteella.\u00a0<strong>Huom.! Vesitorni ei ole esteet\u00f6n. J\u00e4t\u00e4th\u00e4n lastenvaunut- ja rattaat vesitornin juurelle.<\/strong><\/td><\/tr><tr><td>Sis\u00e4\u00e4np\u00e4\u00e4symaksu 5 \u20ac, alle 12 vuotiaat ilmaiseksi<\/td><\/tr><tr><td><strong>Kes\u00e4-elokuun aukioloajat<\/strong><br>ma-la 11-17<br>su 11-15<br><strong>S\u00e4\u00e4varaus!<\/strong><br>Muina aikoina vesitorniin voi tutustua oppaan johdolla. Ennakkovaraukset tulee tehd\u00e4 matkailutoimistosta. p.<a href=\"tel: 0192203411\"> 019 2203411<\/a><\/td><\/tr><tr><td><a href=\"https:\/\/www.google.fi\/maps\/place\/Hangon+vesitorni\/@59.8233597,22.9672382,17z\/data=!4m12!1m6!3m5!1s0x468ce261203f6d4f:0xc4e351ae621e7bdb!2sHangon+matkailutoimisto!8m2!3d59.823357!4d22.9694269!3m4!1s0x468ce2605ae843f3:0x4a299f66244c3fd2!8m2!3d59.8248362!4d22.9708001\" target=\"_blank\" rel=\"noreferrer noopener\">Katso kohteen sijainti t\u00e4st\u00e4!<\/a><\/td><\/tr><\/tbody><\/table><\/figure>\n<\/div>\n<\/div>\n\n\n\n<figure class=\"wp-block-image size-large\"><img loading=\"lazy\" decoding=\"async\" width=\"589\" height=\"190\" src=\"https:\/\/lomahanko.info\/wp-content\/uploads\/2020\/11\/Transparent-silhuetti2.png\" alt=\"\" class=\"wp-image-6116\" srcset=\"https:\/\/lomahanko.info\/wp-content\/uploads\/2020\/11\/Transparent-silhuetti2.png 589w, https:\/\/lomahanko.info\/wp-content\/uploads\/2020\/11\/Transparent-silhuetti2-300x97.png 300w\" sizes=\"auto, (max-width: 589px) 100vw, 589px\" \/><\/figure>\n","protected":false},"excerpt":{"rendered":"<p>Hangon vesitorni Kes\u00e4isin matkailutoimistolla on infopiste my\u00f6s vesitornissa, joka kohoaa noin 65 metri\u00e4 merenpinnan yl\u00e4puolelle ja tarjoaa upean n\u00e4k\u00f6alan. Torni on kokonaisuudessaan 48 metri\u00e4 korkea.Hissill\u00e4 kuljetaan yl\u00f6s asti ja sis\u00e4\u00e4np\u00e4\u00e4sy maksetaan n\u00e4k\u00f6alatasanteella.\u00a0Huom.! Vesitorni ei ole esteet\u00f6n. J\u00e4t\u00e4th\u00e4n lastenvaunut- ja rattaat vesitornin juurelle. Sis\u00e4\u00e4np\u00e4\u00e4symaksu 5 \u20ac, alle 12 vuotiaat ilmaiseksi Kes\u00e4-elokuun aukioloajatma-la 11-17su 11-15S\u00e4\u00e4varaus!Muina aikoina vesitorniin [&hellip;]<\/p>\n","protected":false},"author":1,"featured_media":0,"parent":0,"menu_order":0,"comment_status":"closed","ping_status":"closed","template":"","meta":{"footnotes":""},"class_list":["post-6619","page","type-page","status-publish","hentry"],"yoast_head":"<!-- This site is optimized with the Yoast SEO plugin v27.2 - https:\/\/yoast.com\/product\/yoast-seo-wordpress\/ -->\n<title>Hangon vesitorni -<\/title>\n<meta name=\"robots\" content=\"index, follow, max-snippet:-1, max-image-preview:large, max-video-preview:-1\" \/>\n<link rel=\"canonical\" href=\"https:\/\/lomahanko.info\/index.php\/hangon-vesitorni\/\" \/>\n<meta property=\"og:locale\" content=\"fi_FI\" \/>\n<meta property=\"og:type\" content=\"article\" \/>\n<meta property=\"og:title\" content=\"Hangon vesitorni -\" \/>\n<meta property=\"og:description\" content=\"Hangon vesitorni Kes\u00e4isin matkailutoimistolla on infopiste my\u00f6s vesitornissa, joka kohoaa noin 65 metri\u00e4 merenpinnan yl\u00e4puolelle ja tarjoaa upean n\u00e4k\u00f6alan. Torni on kokonaisuudessaan 48 metri\u00e4 korkea.Hissill\u00e4 kuljetaan yl\u00f6s asti ja sis\u00e4\u00e4np\u00e4\u00e4sy maksetaan n\u00e4k\u00f6alatasanteella.\u00a0Huom.! Vesitorni ei ole esteet\u00f6n. J\u00e4t\u00e4th\u00e4n lastenvaunut- ja rattaat vesitornin juurelle. Sis\u00e4\u00e4np\u00e4\u00e4symaksu 5 \u20ac, alle 12 vuotiaat ilmaiseksi Kes\u00e4-elokuun aukioloajatma-la 11-17su 11-15S\u00e4\u00e4varaus!Muina aikoina vesitorniin [&hellip;]\" \/>\n<meta property=\"og:url\" content=\"https:\/\/lomahanko.info\/index.php\/hangon-vesitorni\/\" \/>\n<meta property=\"article:publisher\" content=\"https:\/\/www.facebook.com\/groups\/214625491910322\" \/>\n<meta property=\"article:modified_time\" content=\"2024-08-08T05:39:08+00:00\" \/>\n<meta property=\"og:image\" content=\"https:\/\/lomahanko.info\/wp-content\/uploads\/2020\/11\/Tyhja_transparent1.png\" \/>\n<meta name=\"twitter:card\" content=\"summary_large_image\" \/>\n<meta name=\"twitter:label1\" content=\"Arvioitu lukuaika\" \/>\n\t<meta name=\"twitter:data1\" content=\"2 minuuttia\" \/>\n<script type=\"application\/ld+json\" class=\"yoast-schema-graph\">{\"@context\":\"https:\/\/schema.org\",\"@graph\":[{\"@type\":\"WebPage\",\"@id\":\"https:\/\/lomahanko.info\/index.php\/hangon-vesitorni\/\",\"url\":\"https:\/\/lomahanko.info\/index.php\/hangon-vesitorni\/\",\"name\":\"Hangon vesitorni -\",\"isPartOf\":{\"@id\":\"https:\/\/lomahanko.info\/#website\"},\"primaryImageOfPage\":{\"@id\":\"https:\/\/lomahanko.info\/index.php\/hangon-vesitorni\/#primaryimage\"},\"image\":{\"@id\":\"https:\/\/lomahanko.info\/index.php\/hangon-vesitorni\/#primaryimage\"},\"thumbnailUrl\":\"https:\/\/lomahanko.info\/wp-content\/uploads\/2020\/11\/Tyhja_transparent1.png\",\"datePublished\":\"2020-11-23T07:16:01+00:00\",\"dateModified\":\"2024-08-08T05:39:08+00:00\",\"breadcrumb\":{\"@id\":\"https:\/\/lomahanko.info\/index.php\/hangon-vesitorni\/#breadcrumb\"},\"inLanguage\":\"fi\",\"potentialAction\":[{\"@type\":\"ReadAction\",\"target\":[\"https:\/\/lomahanko.info\/index.php\/hangon-vesitorni\/\"]}]},{\"@type\":\"ImageObject\",\"inLanguage\":\"fi\",\"@id\":\"https:\/\/lomahanko.info\/index.php\/hangon-vesitorni\/#primaryimage\",\"url\":\"https:\/\/lomahanko.info\/wp-content\/uploads\/2020\/11\/Tyhja_transparent1.png\",\"contentUrl\":\"https:\/\/lomahanko.info\/wp-content\/uploads\/2020\/11\/Tyhja_transparent1.png\",\"width\":687,\"height\":116},{\"@type\":\"BreadcrumbList\",\"@id\":\"https:\/\/lomahanko.info\/index.php\/hangon-vesitorni\/#breadcrumb\",\"itemListElement\":[{\"@type\":\"ListItem\",\"position\":1,\"name\":\"Etusivu\",\"item\":\"https:\/\/lomahanko.info\/\"},{\"@type\":\"ListItem\",\"position\":2,\"name\":\"Hangon vesitorni\"}]},{\"@type\":\"WebSite\",\"@id\":\"https:\/\/lomahanko.info\/#website\",\"url\":\"https:\/\/lomahanko.info\/\",\"name\":\"\",\"description\":\"\",\"publisher\":{\"@id\":\"https:\/\/lomahanko.info\/#organization\"},\"potentialAction\":[{\"@type\":\"SearchAction\",\"target\":{\"@type\":\"EntryPoint\",\"urlTemplate\":\"https:\/\/lomahanko.info\/?s={search_term_string}\"},\"query-input\":{\"@type\":\"PropertyValueSpecification\",\"valueRequired\":true,\"valueName\":\"search_term_string\"}}],\"inLanguage\":\"fi\"},{\"@type\":\"Organization\",\"@id\":\"https:\/\/lomahanko.info\/#organization\",\"name\":\"Lomahanko\",\"url\":\"https:\/\/lomahanko.info\/\",\"logo\":{\"@type\":\"ImageObject\",\"inLanguage\":\"fi\",\"@id\":\"https:\/\/lomahanko.info\/#\/schema\/logo\/image\/\",\"url\":\"https:\/\/lomahanko.info\/wp-content\/uploads\/2020\/10\/cropped-LOMAHANKO_APP_LOGO.png\",\"contentUrl\":\"https:\/\/lomahanko.info\/wp-content\/uploads\/2020\/10\/cropped-LOMAHANKO_APP_LOGO.png\",\"width\":240,\"height\":44,\"caption\":\"Lomahanko\"},\"image\":{\"@id\":\"https:\/\/lomahanko.info\/#\/schema\/logo\/image\/\"},\"sameAs\":[\"https:\/\/www.facebook.com\/groups\/214625491910322\"]}]}<\/script>\n<!-- \/ Yoast SEO plugin. -->","yoast_head_json":{"title":"Hangon vesitorni -","robots":{"index":"index","follow":"follow","max-snippet":"max-snippet:-1","max-image-preview":"max-image-preview:large","max-video-preview":"max-video-preview:-1"},"canonical":"https:\/\/lomahanko.info\/index.php\/hangon-vesitorni\/","og_locale":"fi_FI","og_type":"article","og_title":"Hangon vesitorni -","og_description":"Hangon vesitorni Kes\u00e4isin matkailutoimistolla on infopiste my\u00f6s vesitornissa, joka kohoaa noin 65 metri\u00e4 merenpinnan yl\u00e4puolelle ja tarjoaa upean n\u00e4k\u00f6alan. Torni on kokonaisuudessaan 48 metri\u00e4 korkea.Hissill\u00e4 kuljetaan yl\u00f6s asti ja sis\u00e4\u00e4np\u00e4\u00e4sy maksetaan n\u00e4k\u00f6alatasanteella.\u00a0Huom.! Vesitorni ei ole esteet\u00f6n. J\u00e4t\u00e4th\u00e4n lastenvaunut- ja rattaat vesitornin juurelle. Sis\u00e4\u00e4np\u00e4\u00e4symaksu 5 \u20ac, alle 12 vuotiaat ilmaiseksi Kes\u00e4-elokuun aukioloajatma-la 11-17su 11-15S\u00e4\u00e4varaus!Muina aikoina vesitorniin [&hellip;]","og_url":"https:\/\/lomahanko.info\/index.php\/hangon-vesitorni\/","article_publisher":"https:\/\/www.facebook.com\/groups\/214625491910322","article_modified_time":"2024-08-08T05:39:08+00:00","og_image":[{"url":"https:\/\/lomahanko.info\/wp-content\/uploads\/2020\/11\/Tyhja_transparent1.png","type":"","width":"","height":""}],"twitter_card":"summary_large_image","twitter_misc":{"Arvioitu lukuaika":"2 minuuttia"},"schema":{"@context":"https:\/\/schema.org","@graph":[{"@type":"WebPage","@id":"https:\/\/lomahanko.info\/index.php\/hangon-vesitorni\/","url":"https:\/\/lomahanko.info\/index.php\/hangon-vesitorni\/","name":"Hangon vesitorni -","isPartOf":{"@id":"https:\/\/lomahanko.info\/#website"},"primaryImageOfPage":{"@id":"https:\/\/lomahanko.info\/index.php\/hangon-vesitorni\/#primaryimage"},"image":{"@id":"https:\/\/lomahanko.info\/index.php\/hangon-vesitorni\/#primaryimage"},"thumbnailUrl":"https:\/\/lomahanko.info\/wp-content\/uploads\/2020\/11\/Tyhja_transparent1.png","datePublished":"2020-11-23T07:16:01+00:00","dateModified":"2024-08-08T05:39:08+00:00","breadcrumb":{"@id":"https:\/\/lomahanko.info\/index.php\/hangon-vesitorni\/#breadcrumb"},"inLanguage":"fi","potentialAction":[{"@type":"ReadAction","target":["https:\/\/lomahanko.info\/index.php\/hangon-vesitorni\/"]}]},{"@type":"ImageObject","inLanguage":"fi","@id":"https:\/\/lomahanko.info\/index.php\/hangon-vesitorni\/#primaryimage","url":"https:\/\/lomahanko.info\/wp-content\/uploads\/2020\/11\/Tyhja_transparent1.png","contentUrl":"https:\/\/lomahanko.info\/wp-content\/uploads\/2020\/11\/Tyhja_transparent1.png","width":687,"height":116},{"@type":"BreadcrumbList","@id":"https:\/\/lomahanko.info\/index.php\/hangon-vesitorni\/#breadcrumb","itemListElement":[{"@type":"ListItem","position":1,"name":"Etusivu","item":"https:\/\/lomahanko.info\/"},{"@type":"ListItem","position":2,"name":"Hangon vesitorni"}]},{"@type":"WebSite","@id":"https:\/\/lomahanko.info\/#website","url":"https:\/\/lomahanko.info\/","name":"","description":"","publisher":{"@id":"https:\/\/lomahanko.info\/#organization"},"potentialAction":[{"@type":"SearchAction","target":{"@type":"EntryPoint","urlTemplate":"https:\/\/lomahanko.info\/?s={search_term_string}"},"query-input":{"@type":"PropertyValueSpecification","valueRequired":true,"valueName":"search_term_string"}}],"inLanguage":"fi"},{"@type":"Organization","@id":"https:\/\/lomahanko.info\/#organization","name":"Lomahanko","url":"https:\/\/lomahanko.info\/","logo":{"@type":"ImageObject","inLanguage":"fi","@id":"https:\/\/lomahanko.info\/#\/schema\/logo\/image\/","url":"https:\/\/lomahanko.info\/wp-content\/uploads\/2020\/10\/cropped-LOMAHANKO_APP_LOGO.png","contentUrl":"https:\/\/lomahanko.info\/wp-content\/uploads\/2020\/10\/cropped-LOMAHANKO_APP_LOGO.png","width":240,"height":44,"caption":"Lomahanko"},"image":{"@id":"https:\/\/lomahanko.info\/#\/schema\/logo\/image\/"},"sameAs":["https:\/\/www.facebook.com\/groups\/214625491910322"]}]}},"_links":{"self":[{"href":"https:\/\/lomahanko.info\/index.php\/wp-json\/wp\/v2\/pages\/6619","targetHints":{"allow":["GET"]}}],"collection":[{"href":"https:\/\/lomahanko.info\/index.php\/wp-json\/wp\/v2\/pages"}],"about":[{"href":"https:\/\/lomahanko.info\/index.php\/wp-json\/wp\/v2\/types\/page"}],"author":[{"embeddable":true,"href":"https:\/\/lomahanko.info\/index.php\/wp-json\/wp\/v2\/users\/1"}],"replies":[{"embeddable":true,"href":"https:\/\/lomahanko.info\/index.php\/wp-json\/wp\/v2\/comments?post=6619"}],"version-history":[{"count":3,"href":"https:\/\/lomahanko.info\/index.php\/wp-json\/wp\/v2\/pages\/6619\/revisions"}],"predecessor-version":[{"id":7693,"href":"https:\/\/lomahanko.info\/index.php\/wp-json\/wp\/v2\/pages\/6619\/revisions\/7693"}],"wp:attachment":[{"href":"https:\/\/lomahanko.info\/index.php\/wp-json\/wp\/v2\/media?parent=6619"}],"curies":[{"name":"wp","href":"https:\/\/api.w.org\/{rel}","templated":true}]}}