{"id":6627,"date":"2020-11-23T09:47:36","date_gmt":"2020-11-23T07:47:36","guid":{"rendered":"http:\/\/norpol-event.com\/?page_id=6627"},"modified":"2024-08-08T08:36:10","modified_gmt":"2024-08-08T05:36:10","slug":"museot","status":"publish","type":"page","link":"https:\/\/lomahanko.info\/index.php\/museot\/","title":{"rendered":"Museot"},"content":{"rendered":"\n<figure class=\"wp-block-image size-large\"><img loading=\"lazy\" decoding=\"async\" width=\"687\" height=\"116\" src=\"https:\/\/lomahanko.info\/wp-content\/uploads\/2020\/11\/Tyhja_transparent1.png\" alt=\"\" class=\"wp-image-6062\" srcset=\"https:\/\/lomahanko.info\/wp-content\/uploads\/2020\/11\/Tyhja_transparent1.png 687w, https:\/\/lomahanko.info\/wp-content\/uploads\/2020\/11\/Tyhja_transparent1-300x51.png 300w\" sizes=\"auto, (max-width: 687px) 100vw, 687px\" \/><\/figure>\n\n\n\n<div class=\"wp-block-columns is-layout-flex wp-container-core-columns-is-layout-9d6595d7 wp-block-columns-is-layout-flex\">\n<div class=\"wp-block-column is-layout-flow wp-block-column-is-layout-flow\" style=\"flex-basis:33.33%\">\n<figure class=\"wp-block-image size-large\"><img loading=\"lazy\" decoding=\"async\" width=\"583\" height=\"138\" src=\"https:\/\/lomahanko.info\/wp-content\/uploads\/2020\/11\/Rintamamuseo_logo.png\" alt=\"\" class=\"wp-image-6628\" srcset=\"https:\/\/lomahanko.info\/wp-content\/uploads\/2020\/11\/Rintamamuseo_logo.png 583w, https:\/\/lomahanko.info\/wp-content\/uploads\/2020\/11\/Rintamamuseo_logo-300x71.png 300w\" sizes=\"auto, (max-width: 583px) 100vw, 583px\" \/><\/figure>\n<\/div>\n\n\n\n<div class=\"wp-block-column is-layout-flow wp-block-column-is-layout-flow\" style=\"flex-basis:66.66%\">\n<figure class=\"wp-block-table\"><table><tbody><tr><td><span class=\"has-inline-color has-white-color\">Hangon Rintamamuseo<\/span><\/td><\/tr><tr><td>Hangon rintamamuseo on paljon enemm\u00e4n kuin perinteinen museo, sill\u00e4 se sijaitsee tarkalleen siin\u00e4 kohdassa, jossa rintamalinja kulki Hankoniemell\u00e4 Jatkosodan aikana 1939 &#8211; 1941<\/td><\/tr><tr><td><a href=\"https:\/\/rintamamuseo.fi\/fin\/fistart\/\" target=\"_blank\" rel=\"noreferrer noopener\">Katso museon aukioloajat t\u00e4st\u00e4!<\/a><\/td><\/tr><tr><td>p. <a href=\"tel: +358447001941\">+358 44 700 1941<\/a>  <a href=\"mailto:info@rintamamuseo.fi\">info@rintamamuseo.fi<\/a> <a href=\"https:\/\/rintamamuseo.fi\/\">www.rintamamuseo.fi<\/a><\/td><\/tr><tr><td><a href=\"https:\/\/www.google.fi\/maps\/place\/Hangon+Rintamamuseo\/@59.9076281,23.2446607,17z\/data=!3m1!4b1!4m5!3m4!1s0x468d03efab287405:0xf8226bac0edf1dcd!8m2!3d59.9076281!4d23.2468494\" target=\"_blank\" rel=\"noreferrer noopener\">Hankoniementie Lappohja Hanko<\/a><\/td><\/tr><\/tbody><\/table><\/figure>\n\n\n\n<p><\/p>\n<\/div>\n<\/div>\n\n\n\n<hr class=\"wp-block-separator has-css-opacity\"\/>\n\n\n\n<div class=\"wp-block-columns is-layout-flex wp-container-core-columns-is-layout-9d6595d7 wp-block-columns-is-layout-flex\">\n<div class=\"wp-block-column is-layout-flow wp-block-column-is-layout-flow\" style=\"flex-basis:33.33%\">\n<figure class=\"wp-block-image size-large\"><img loading=\"lazy\" decoding=\"async\" width=\"1024\" height=\"383\" src=\"https:\/\/lomahanko.info\/wp-content\/uploads\/2024\/08\/Hangon-museo-logo-harmaa-1024x383.png\" alt=\"\" class=\"wp-image-7690\" srcset=\"https:\/\/lomahanko.info\/wp-content\/uploads\/2024\/08\/Hangon-museo-logo-harmaa-1024x383.png 1024w, https:\/\/lomahanko.info\/wp-content\/uploads\/2024\/08\/Hangon-museo-logo-harmaa-300x112.png 300w, https:\/\/lomahanko.info\/wp-content\/uploads\/2024\/08\/Hangon-museo-logo-harmaa-768x287.png 768w, https:\/\/lomahanko.info\/wp-content\/uploads\/2024\/08\/Hangon-museo-logo-harmaa.png 1090w\" sizes=\"auto, (max-width: 1024px) 100vw, 1024px\" \/><\/figure>\n<\/div>\n\n\n\n<div class=\"wp-block-column is-layout-flow wp-block-column-is-layout-flow\" style=\"flex-basis:66.66%\">\n<figure class=\"wp-block-table\"><table><tbody><tr><td><span class=\"has-inline-color has-white-color\">Hangon Museo<\/span><\/td><\/tr><tr><td>Hangon museo s\u00e4ilytt\u00e4\u00e4 runsaita esine- ja kuvakokoelmia sek\u00e4 arkistoa. Museolla on n\u00e4yttelytilat vanhassa kivirakennuksessa It\u00e4satamassa. Museo on perustettu vuonna 1909.<\/td><\/tr><tr><td>Aukioloajat:<br>tiistai-perjantai klo 10-18<br>lauantai-sunnuntai klo 11-16<br>Autojen pys\u00e4k\u00f6intialue&nbsp;sijaitsee rakennuksen it\u00e4puolella. Sis\u00e4pihalla on kaksi esteet\u00f6nt\u00e4 autopaikkaa. Sis\u00e4pihalle j\u00e4tet\u00e4\u00e4n my\u00f6s polkupy\u00f6r\u00e4t. Bussit pys\u00e4htyv\u00e4t rakennuksen edess\u00e4 sen etel\u00e4puolella. Lastenvaunut voi j\u00e4tt\u00e4\u00e4 museon sis\u00e4lle.<br>Sis\u00e4\u00e4nk\u00e4ynti&nbsp;museoon on rakennuksen l\u00e4nsipuolela, sis\u00e4pihan kautta.<br>Museon n\u00e4yttelytilat ovat esteett\u00f6m\u00e4t.&nbsp;Arkisto ei ole esteet\u00f6n.<br>Liput:<br>Aikuiset 7 \u20ac<br>El\u00e4kel\u00e4iset, opiskelijat, ty\u00f6tt\u00f6m\u00e4t ja varusmiehet 5 \u20ac<br>Lapset 0\u201317 vuotta, 0 \u20ac<br>Meill\u00e4 k\u00e4y Museokortti ja E-passi<\/td><\/tr><tr><td>Hangon museo sijaitsee Mannerin mekaanisen konepajan vanhoissa tehdastiloissa <a href=\"https:\/\/www.google.fi\/maps\/place\/Pitk%C3%A4katu+17,+10900+Hanko\/@59.8273409,22.9534316,17z\/data=!3m1!4b1!4m6!3m5!1s0x468ce258dbd5000d:0xe7dddce27d58bbf6!8m2!3d59.8273382!4d22.9560065!16s%2Fg%2F11gg74ztwd?entry=ttu\">Pitk\u00e4katu 17.<\/a><\/td><\/tr><tr><td><\/td><\/tr><\/tbody><\/table><\/figure>\n<\/div>\n<\/div>\n\n\n\n<hr class=\"wp-block-separator has-css-opacity\"\/>\n\n\n\n<figure class=\"wp-block-image size-large\"><img loading=\"lazy\" decoding=\"async\" width=\"589\" height=\"190\" src=\"https:\/\/lomahanko.info\/wp-content\/uploads\/2020\/11\/Transparent-silhuetti2.png\" alt=\"\" class=\"wp-image-6116\" srcset=\"https:\/\/lomahanko.info\/wp-content\/uploads\/2020\/11\/Transparent-silhuetti2.png 589w, https:\/\/lomahanko.info\/wp-content\/uploads\/2020\/11\/Transparent-silhuetti2-300x97.png 300w\" sizes=\"auto, (max-width: 589px) 100vw, 589px\" \/><\/figure>\n","protected":false},"excerpt":{"rendered":"<p>Hangon Rintamamuseo Hangon rintamamuseo on paljon enemm\u00e4n kuin perinteinen museo, sill\u00e4 se sijaitsee tarkalleen siin\u00e4 kohdassa, jossa rintamalinja kulki Hankoniemell\u00e4 Jatkosodan aikana 1939 &#8211; 1941 Katso museon aukioloajat t\u00e4st\u00e4! p. +358 44 700 1941 info@rintamamuseo.fi www.rintamamuseo.fi Hankoniementie Lappohja Hanko Hangon Museo Hangon museo s\u00e4ilytt\u00e4\u00e4 runsaita esine- ja kuvakokoelmia sek\u00e4 arkistoa. Museolla on n\u00e4yttelytilat vanhassa kivirakennuksessa [&hellip;]<\/p>\n","protected":false},"author":1,"featured_media":0,"parent":0,"menu_order":0,"comment_status":"closed","ping_status":"closed","template":"","meta":{"footnotes":""},"class_list":["post-6627","page","type-page","status-publish","hentry"],"yoast_head":"<!-- This site is optimized with the Yoast SEO plugin v27.2 - https:\/\/yoast.com\/product\/yoast-seo-wordpress\/ -->\n<title>Museot -<\/title>\n<meta name=\"robots\" content=\"index, follow, max-snippet:-1, max-image-preview:large, max-video-preview:-1\" \/>\n<link rel=\"canonical\" href=\"https:\/\/lomahanko.info\/index.php\/museot\/\" \/>\n<meta property=\"og:locale\" content=\"fi_FI\" \/>\n<meta property=\"og:type\" content=\"article\" \/>\n<meta property=\"og:title\" content=\"Museot -\" \/>\n<meta property=\"og:description\" content=\"Hangon Rintamamuseo Hangon rintamamuseo on paljon enemm\u00e4n kuin perinteinen museo, sill\u00e4 se sijaitsee tarkalleen siin\u00e4 kohdassa, jossa rintamalinja kulki Hankoniemell\u00e4 Jatkosodan aikana 1939 &#8211; 1941 Katso museon aukioloajat t\u00e4st\u00e4! p. +358 44 700 1941 info@rintamamuseo.fi www.rintamamuseo.fi Hankoniementie Lappohja Hanko Hangon Museo Hangon museo s\u00e4ilytt\u00e4\u00e4 runsaita esine- ja kuvakokoelmia sek\u00e4 arkistoa. Museolla on n\u00e4yttelytilat vanhassa kivirakennuksessa [&hellip;]\" \/>\n<meta property=\"og:url\" content=\"https:\/\/lomahanko.info\/index.php\/museot\/\" \/>\n<meta property=\"article:publisher\" content=\"https:\/\/www.facebook.com\/groups\/214625491910322\" \/>\n<meta property=\"article:modified_time\" content=\"2024-08-08T05:36:10+00:00\" \/>\n<meta property=\"og:image\" content=\"https:\/\/lomahanko.info\/wp-content\/uploads\/2020\/11\/Tyhja_transparent1.png\" \/>\n<meta name=\"twitter:card\" content=\"summary_large_image\" \/>\n<meta name=\"twitter:label1\" content=\"Arvioitu lukuaika\" \/>\n\t<meta name=\"twitter:data1\" content=\"2 minuuttia\" \/>\n<script type=\"application\/ld+json\" class=\"yoast-schema-graph\">{\"@context\":\"https:\/\/schema.org\",\"@graph\":[{\"@type\":\"WebPage\",\"@id\":\"https:\/\/lomahanko.info\/index.php\/museot\/\",\"url\":\"https:\/\/lomahanko.info\/index.php\/museot\/\",\"name\":\"Museot -\",\"isPartOf\":{\"@id\":\"https:\/\/lomahanko.info\/#website\"},\"primaryImageOfPage\":{\"@id\":\"https:\/\/lomahanko.info\/index.php\/museot\/#primaryimage\"},\"image\":{\"@id\":\"https:\/\/lomahanko.info\/index.php\/museot\/#primaryimage\"},\"thumbnailUrl\":\"https:\/\/lomahanko.info\/wp-content\/uploads\/2020\/11\/Tyhja_transparent1.png\",\"datePublished\":\"2020-11-23T07:47:36+00:00\",\"dateModified\":\"2024-08-08T05:36:10+00:00\",\"breadcrumb\":{\"@id\":\"https:\/\/lomahanko.info\/index.php\/museot\/#breadcrumb\"},\"inLanguage\":\"fi\",\"potentialAction\":[{\"@type\":\"ReadAction\",\"target\":[\"https:\/\/lomahanko.info\/index.php\/museot\/\"]}]},{\"@type\":\"ImageObject\",\"inLanguage\":\"fi\",\"@id\":\"https:\/\/lomahanko.info\/index.php\/museot\/#primaryimage\",\"url\":\"https:\/\/lomahanko.info\/wp-content\/uploads\/2020\/11\/Tyhja_transparent1.png\",\"contentUrl\":\"https:\/\/lomahanko.info\/wp-content\/uploads\/2020\/11\/Tyhja_transparent1.png\",\"width\":687,\"height\":116},{\"@type\":\"BreadcrumbList\",\"@id\":\"https:\/\/lomahanko.info\/index.php\/museot\/#breadcrumb\",\"itemListElement\":[{\"@type\":\"ListItem\",\"position\":1,\"name\":\"Etusivu\",\"item\":\"https:\/\/lomahanko.info\/\"},{\"@type\":\"ListItem\",\"position\":2,\"name\":\"Museot\"}]},{\"@type\":\"WebSite\",\"@id\":\"https:\/\/lomahanko.info\/#website\",\"url\":\"https:\/\/lomahanko.info\/\",\"name\":\"\",\"description\":\"\",\"publisher\":{\"@id\":\"https:\/\/lomahanko.info\/#organization\"},\"potentialAction\":[{\"@type\":\"SearchAction\",\"target\":{\"@type\":\"EntryPoint\",\"urlTemplate\":\"https:\/\/lomahanko.info\/?s={search_term_string}\"},\"query-input\":{\"@type\":\"PropertyValueSpecification\",\"valueRequired\":true,\"valueName\":\"search_term_string\"}}],\"inLanguage\":\"fi\"},{\"@type\":\"Organization\",\"@id\":\"https:\/\/lomahanko.info\/#organization\",\"name\":\"Lomahanko\",\"url\":\"https:\/\/lomahanko.info\/\",\"logo\":{\"@type\":\"ImageObject\",\"inLanguage\":\"fi\",\"@id\":\"https:\/\/lomahanko.info\/#\/schema\/logo\/image\/\",\"url\":\"https:\/\/lomahanko.info\/wp-content\/uploads\/2020\/10\/cropped-LOMAHANKO_APP_LOGO.png\",\"contentUrl\":\"https:\/\/lomahanko.info\/wp-content\/uploads\/2020\/10\/cropped-LOMAHANKO_APP_LOGO.png\",\"width\":240,\"height\":44,\"caption\":\"Lomahanko\"},\"image\":{\"@id\":\"https:\/\/lomahanko.info\/#\/schema\/logo\/image\/\"},\"sameAs\":[\"https:\/\/www.facebook.com\/groups\/214625491910322\"]}]}<\/script>\n<!-- \/ Yoast SEO plugin. -->","yoast_head_json":{"title":"Museot -","robots":{"index":"index","follow":"follow","max-snippet":"max-snippet:-1","max-image-preview":"max-image-preview:large","max-video-preview":"max-video-preview:-1"},"canonical":"https:\/\/lomahanko.info\/index.php\/museot\/","og_locale":"fi_FI","og_type":"article","og_title":"Museot -","og_description":"Hangon Rintamamuseo Hangon rintamamuseo on paljon enemm\u00e4n kuin perinteinen museo, sill\u00e4 se sijaitsee tarkalleen siin\u00e4 kohdassa, jossa rintamalinja kulki Hankoniemell\u00e4 Jatkosodan aikana 1939 &#8211; 1941 Katso museon aukioloajat t\u00e4st\u00e4! p. +358 44 700 1941 info@rintamamuseo.fi www.rintamamuseo.fi Hankoniementie Lappohja Hanko Hangon Museo Hangon museo s\u00e4ilytt\u00e4\u00e4 runsaita esine- ja kuvakokoelmia sek\u00e4 arkistoa. Museolla on n\u00e4yttelytilat vanhassa kivirakennuksessa [&hellip;]","og_url":"https:\/\/lomahanko.info\/index.php\/museot\/","article_publisher":"https:\/\/www.facebook.com\/groups\/214625491910322","article_modified_time":"2024-08-08T05:36:10+00:00","og_image":[{"url":"https:\/\/lomahanko.info\/wp-content\/uploads\/2020\/11\/Tyhja_transparent1.png","type":"","width":"","height":""}],"twitter_card":"summary_large_image","twitter_misc":{"Arvioitu lukuaika":"2 minuuttia"},"schema":{"@context":"https:\/\/schema.org","@graph":[{"@type":"WebPage","@id":"https:\/\/lomahanko.info\/index.php\/museot\/","url":"https:\/\/lomahanko.info\/index.php\/museot\/","name":"Museot -","isPartOf":{"@id":"https:\/\/lomahanko.info\/#website"},"primaryImageOfPage":{"@id":"https:\/\/lomahanko.info\/index.php\/museot\/#primaryimage"},"image":{"@id":"https:\/\/lomahanko.info\/index.php\/museot\/#primaryimage"},"thumbnailUrl":"https:\/\/lomahanko.info\/wp-content\/uploads\/2020\/11\/Tyhja_transparent1.png","datePublished":"2020-11-23T07:47:36+00:00","dateModified":"2024-08-08T05:36:10+00:00","breadcrumb":{"@id":"https:\/\/lomahanko.info\/index.php\/museot\/#breadcrumb"},"inLanguage":"fi","potentialAction":[{"@type":"ReadAction","target":["https:\/\/lomahanko.info\/index.php\/museot\/"]}]},{"@type":"ImageObject","inLanguage":"fi","@id":"https:\/\/lomahanko.info\/index.php\/museot\/#primaryimage","url":"https:\/\/lomahanko.info\/wp-content\/uploads\/2020\/11\/Tyhja_transparent1.png","contentUrl":"https:\/\/lomahanko.info\/wp-content\/uploads\/2020\/11\/Tyhja_transparent1.png","width":687,"height":116},{"@type":"BreadcrumbList","@id":"https:\/\/lomahanko.info\/index.php\/museot\/#breadcrumb","itemListElement":[{"@type":"ListItem","position":1,"name":"Etusivu","item":"https:\/\/lomahanko.info\/"},{"@type":"ListItem","position":2,"name":"Museot"}]},{"@type":"WebSite","@id":"https:\/\/lomahanko.info\/#website","url":"https:\/\/lomahanko.info\/","name":"","description":"","publisher":{"@id":"https:\/\/lomahanko.info\/#organization"},"potentialAction":[{"@type":"SearchAction","target":{"@type":"EntryPoint","urlTemplate":"https:\/\/lomahanko.info\/?s={search_term_string}"},"query-input":{"@type":"PropertyValueSpecification","valueRequired":true,"valueName":"search_term_string"}}],"inLanguage":"fi"},{"@type":"Organization","@id":"https:\/\/lomahanko.info\/#organization","name":"Lomahanko","url":"https:\/\/lomahanko.info\/","logo":{"@type":"ImageObject","inLanguage":"fi","@id":"https:\/\/lomahanko.info\/#\/schema\/logo\/image\/","url":"https:\/\/lomahanko.info\/wp-content\/uploads\/2020\/10\/cropped-LOMAHANKO_APP_LOGO.png","contentUrl":"https:\/\/lomahanko.info\/wp-content\/uploads\/2020\/10\/cropped-LOMAHANKO_APP_LOGO.png","width":240,"height":44,"caption":"Lomahanko"},"image":{"@id":"https:\/\/lomahanko.info\/#\/schema\/logo\/image\/"},"sameAs":["https:\/\/www.facebook.com\/groups\/214625491910322"]}]}},"_links":{"self":[{"href":"https:\/\/lomahanko.info\/index.php\/wp-json\/wp\/v2\/pages\/6627","targetHints":{"allow":["GET"]}}],"collection":[{"href":"https:\/\/lomahanko.info\/index.php\/wp-json\/wp\/v2\/pages"}],"about":[{"href":"https:\/\/lomahanko.info\/index.php\/wp-json\/wp\/v2\/types\/page"}],"author":[{"embeddable":true,"href":"https:\/\/lomahanko.info\/index.php\/wp-json\/wp\/v2\/users\/1"}],"replies":[{"embeddable":true,"href":"https:\/\/lomahanko.info\/index.php\/wp-json\/wp\/v2\/comments?post=6627"}],"version-history":[{"count":3,"href":"https:\/\/lomahanko.info\/index.php\/wp-json\/wp\/v2\/pages\/6627\/revisions"}],"predecessor-version":[{"id":7691,"href":"https:\/\/lomahanko.info\/index.php\/wp-json\/wp\/v2\/pages\/6627\/revisions\/7691"}],"wp:attachment":[{"href":"https:\/\/lomahanko.info\/index.php\/wp-json\/wp\/v2\/media?parent=6627"}],"curies":[{"name":"wp","href":"https:\/\/api.w.org\/{rel}","templated":true}]}}