{"id":6646,"date":"2020-11-23T10:12:54","date_gmt":"2020-11-23T08:12:54","guid":{"rendered":"http:\/\/norpol-event.com\/?page_id=6646"},"modified":"2022-05-18T12:39:06","modified_gmt":"2022-05-18T09:39:06","slug":"polkupyoran-vuokraus","status":"publish","type":"page","link":"https:\/\/lomahanko.info\/index.php\/polkupyoran-vuokraus\/","title":{"rendered":"Polkupy\u00f6r\u00e4n vuokraus"},"content":{"rendered":"\n<figure class=\"wp-block-image size-large\"><img loading=\"lazy\" decoding=\"async\" width=\"687\" height=\"116\" src=\"https:\/\/lomahanko.info\/wp-content\/uploads\/2020\/11\/Tyhja_transparent1.png\" alt=\"\" class=\"wp-image-6062\" srcset=\"https:\/\/lomahanko.info\/wp-content\/uploads\/2020\/11\/Tyhja_transparent1.png 687w, https:\/\/lomahanko.info\/wp-content\/uploads\/2020\/11\/Tyhja_transparent1-300x51.png 300w\" sizes=\"auto, (max-width: 687px) 100vw, 687px\" \/><\/figure>\n\n\n\n<hr class=\"wp-block-separator\"\/>\n\n\n\n<hr class=\"wp-block-separator\"\/>\n\n\n\n<hr class=\"wp-block-separator\"\/>\n\n\n\n<figure class=\"wp-block-image size-large\"><img loading=\"lazy\" decoding=\"async\" width=\"1010\" height=\"498\" src=\"https:\/\/lomahanko.info\/wp-content\/uploads\/2020\/11\/4-mtn-bikers-pienennetty.jpg\" alt=\"\" class=\"wp-image-6667\" srcset=\"https:\/\/lomahanko.info\/wp-content\/uploads\/2020\/11\/4-mtn-bikers-pienennetty.jpg 1010w, https:\/\/lomahanko.info\/wp-content\/uploads\/2020\/11\/4-mtn-bikers-pienennetty-300x148.jpg 300w, https:\/\/lomahanko.info\/wp-content\/uploads\/2020\/11\/4-mtn-bikers-pienennetty-768x379.jpg 768w\" sizes=\"auto, (max-width: 1010px) 100vw, 1010px\" \/><\/figure>\n\n\n\n<div class=\"wp-block-columns is-layout-flex wp-container-core-columns-is-layout-9d6595d7 wp-block-columns-is-layout-flex\">\n<div class=\"wp-block-column is-layout-flow wp-block-column-is-layout-flow\" style=\"flex-basis:33.33%\">\n<figure class=\"wp-block-image size-large\"><img loading=\"lazy\" decoding=\"async\" width=\"400\" height=\"214\" src=\"https:\/\/lomahanko.info\/wp-content\/uploads\/2020\/11\/Pieni_sunfun_logo-1.png\" alt=\"\" class=\"wp-image-6676\" srcset=\"https:\/\/lomahanko.info\/wp-content\/uploads\/2020\/11\/Pieni_sunfun_logo-1.png 400w, https:\/\/lomahanko.info\/wp-content\/uploads\/2020\/11\/Pieni_sunfun_logo-1-300x161.png 300w\" sizes=\"auto, (max-width: 400px) 100vw, 400px\" \/><\/figure>\n<\/div>\n\n\n\n<div class=\"wp-block-column is-layout-flow wp-block-column-is-layout-flow\" style=\"flex-basis:66.66%\">\n<figure class=\"wp-block-table\"><table><tbody><tr><td><strong><span class=\"has-inline-color has-white-color\">Polkupy\u00f6r\u00e4vuokrausta Hangon It\u00e4sataman St1 huoltoasemalta.<\/span><\/strong><\/td><\/tr><tr><td>Py\u00f6r\u00e4t, Helkama Jopo:<br>0-2 h; 10 \u20ac<br>2-10 h; 13,50 \u20ac<br>16 \u20ac \/ vuorokausi<br>85 \u20ac \/ viikko<\/td><\/tr><tr><td><strong>Vuokrauspisteen yhteystiedot:<\/strong><br>St1 Hanko, It\u00e4satama<br><a href=\"tel:0404145681\">040 414 5681<\/a><br><br><strong>Ryhm\u00e4t ja erikoisj\u00e4rjestelyt:<\/strong><br><a href=\"tel: 0400477894\">0400 477 894<\/a><br><a href=\"mailto:info@sunfun.fi\">info@sunfun.fi<\/a><\/td><\/tr><tr><td><a href=\"https:\/\/sunfun.fi\/\">https:\/\/sunfun.fi\/<\/a><\/td><\/tr><\/tbody><\/table><\/figure>\n<\/div>\n<\/div>\n\n\n\n<figure class=\"wp-block-image size-large\"><img loading=\"lazy\" decoding=\"async\" width=\"589\" height=\"190\" src=\"https:\/\/lomahanko.info\/wp-content\/uploads\/2020\/11\/Transparent-silhuetti2.png\" alt=\"\" class=\"wp-image-6116\" srcset=\"https:\/\/lomahanko.info\/wp-content\/uploads\/2020\/11\/Transparent-silhuetti2.png 589w, https:\/\/lomahanko.info\/wp-content\/uploads\/2020\/11\/Transparent-silhuetti2-300x97.png 300w\" sizes=\"auto, (max-width: 589px) 100vw, 589px\" \/><\/figure>\n","protected":false},"excerpt":{"rendered":"<p>Polkupy\u00f6r\u00e4vuokrausta Hangon It\u00e4sataman St1 huoltoasemalta. Py\u00f6r\u00e4t, Helkama Jopo:0-2 h; 10 \u20ac2-10 h; 13,50 \u20ac16 \u20ac \/ vuorokausi85 \u20ac \/ viikko Vuokrauspisteen yhteystiedot:St1 Hanko, It\u00e4satama040 414 5681 Ryhm\u00e4t ja erikoisj\u00e4rjestelyt:0400 477 894info@sunfun.fi https:\/\/sunfun.fi\/<\/p>\n","protected":false},"author":1,"featured_media":0,"parent":0,"menu_order":0,"comment_status":"closed","ping_status":"closed","template":"","meta":{"footnotes":""},"class_list":["post-6646","page","type-page","status-publish","hentry"],"yoast_head":"<!-- This site is optimized with the Yoast SEO plugin v27.2 - https:\/\/yoast.com\/product\/yoast-seo-wordpress\/ -->\n<title>Polkupy\u00f6r\u00e4n vuokraus -<\/title>\n<meta name=\"robots\" content=\"index, follow, max-snippet:-1, max-image-preview:large, max-video-preview:-1\" \/>\n<link rel=\"canonical\" href=\"https:\/\/lomahanko.info\/index.php\/polkupyoran-vuokraus\/\" \/>\n<meta property=\"og:locale\" content=\"fi_FI\" \/>\n<meta property=\"og:type\" content=\"article\" \/>\n<meta property=\"og:title\" content=\"Polkupy\u00f6r\u00e4n vuokraus -\" \/>\n<meta property=\"og:description\" content=\"Polkupy\u00f6r\u00e4vuokrausta Hangon It\u00e4sataman St1 huoltoasemalta. Py\u00f6r\u00e4t, Helkama Jopo:0-2 h; 10 \u20ac2-10 h; 13,50 \u20ac16 \u20ac \/ vuorokausi85 \u20ac \/ viikko Vuokrauspisteen yhteystiedot:St1 Hanko, It\u00e4satama040 414 5681 Ryhm\u00e4t ja erikoisj\u00e4rjestelyt:0400 477 894info@sunfun.fi https:\/\/sunfun.fi\/\" \/>\n<meta property=\"og:url\" content=\"https:\/\/lomahanko.info\/index.php\/polkupyoran-vuokraus\/\" \/>\n<meta property=\"article:publisher\" content=\"https:\/\/www.facebook.com\/groups\/214625491910322\" \/>\n<meta property=\"article:modified_time\" content=\"2022-05-18T09:39:06+00:00\" \/>\n<meta property=\"og:image\" content=\"https:\/\/lomahanko.info\/wp-content\/uploads\/2020\/11\/Tyhja_transparent1.png\" \/>\n<meta name=\"twitter:card\" content=\"summary_large_image\" \/>\n<meta name=\"twitter:label1\" content=\"Arvioitu lukuaika\" \/>\n\t<meta name=\"twitter:data1\" content=\"2 minuuttia\" \/>\n<script type=\"application\/ld+json\" class=\"yoast-schema-graph\">{\"@context\":\"https:\/\/schema.org\",\"@graph\":[{\"@type\":\"WebPage\",\"@id\":\"https:\/\/lomahanko.info\/index.php\/polkupyoran-vuokraus\/\",\"url\":\"https:\/\/lomahanko.info\/index.php\/polkupyoran-vuokraus\/\",\"name\":\"Polkupy\u00f6r\u00e4n vuokraus -\",\"isPartOf\":{\"@id\":\"https:\/\/lomahanko.info\/#website\"},\"primaryImageOfPage\":{\"@id\":\"https:\/\/lomahanko.info\/index.php\/polkupyoran-vuokraus\/#primaryimage\"},\"image\":{\"@id\":\"https:\/\/lomahanko.info\/index.php\/polkupyoran-vuokraus\/#primaryimage\"},\"thumbnailUrl\":\"https:\/\/lomahanko.info\/wp-content\/uploads\/2020\/11\/Tyhja_transparent1.png\",\"datePublished\":\"2020-11-23T08:12:54+00:00\",\"dateModified\":\"2022-05-18T09:39:06+00:00\",\"breadcrumb\":{\"@id\":\"https:\/\/lomahanko.info\/index.php\/polkupyoran-vuokraus\/#breadcrumb\"},\"inLanguage\":\"fi\",\"potentialAction\":[{\"@type\":\"ReadAction\",\"target\":[\"https:\/\/lomahanko.info\/index.php\/polkupyoran-vuokraus\/\"]}]},{\"@type\":\"ImageObject\",\"inLanguage\":\"fi\",\"@id\":\"https:\/\/lomahanko.info\/index.php\/polkupyoran-vuokraus\/#primaryimage\",\"url\":\"https:\/\/lomahanko.info\/wp-content\/uploads\/2020\/11\/Tyhja_transparent1.png\",\"contentUrl\":\"https:\/\/lomahanko.info\/wp-content\/uploads\/2020\/11\/Tyhja_transparent1.png\",\"width\":687,\"height\":116},{\"@type\":\"BreadcrumbList\",\"@id\":\"https:\/\/lomahanko.info\/index.php\/polkupyoran-vuokraus\/#breadcrumb\",\"itemListElement\":[{\"@type\":\"ListItem\",\"position\":1,\"name\":\"Etusivu\",\"item\":\"https:\/\/lomahanko.info\/\"},{\"@type\":\"ListItem\",\"position\":2,\"name\":\"Polkupy\u00f6r\u00e4n vuokraus\"}]},{\"@type\":\"WebSite\",\"@id\":\"https:\/\/lomahanko.info\/#website\",\"url\":\"https:\/\/lomahanko.info\/\",\"name\":\"\",\"description\":\"\",\"publisher\":{\"@id\":\"https:\/\/lomahanko.info\/#organization\"},\"potentialAction\":[{\"@type\":\"SearchAction\",\"target\":{\"@type\":\"EntryPoint\",\"urlTemplate\":\"https:\/\/lomahanko.info\/?s={search_term_string}\"},\"query-input\":{\"@type\":\"PropertyValueSpecification\",\"valueRequired\":true,\"valueName\":\"search_term_string\"}}],\"inLanguage\":\"fi\"},{\"@type\":\"Organization\",\"@id\":\"https:\/\/lomahanko.info\/#organization\",\"name\":\"Lomahanko\",\"url\":\"https:\/\/lomahanko.info\/\",\"logo\":{\"@type\":\"ImageObject\",\"inLanguage\":\"fi\",\"@id\":\"https:\/\/lomahanko.info\/#\/schema\/logo\/image\/\",\"url\":\"https:\/\/lomahanko.info\/wp-content\/uploads\/2020\/10\/cropped-LOMAHANKO_APP_LOGO.png\",\"contentUrl\":\"https:\/\/lomahanko.info\/wp-content\/uploads\/2020\/10\/cropped-LOMAHANKO_APP_LOGO.png\",\"width\":240,\"height\":44,\"caption\":\"Lomahanko\"},\"image\":{\"@id\":\"https:\/\/lomahanko.info\/#\/schema\/logo\/image\/\"},\"sameAs\":[\"https:\/\/www.facebook.com\/groups\/214625491910322\"]}]}<\/script>\n<!-- \/ Yoast SEO plugin. -->","yoast_head_json":{"title":"Polkupy\u00f6r\u00e4n vuokraus -","robots":{"index":"index","follow":"follow","max-snippet":"max-snippet:-1","max-image-preview":"max-image-preview:large","max-video-preview":"max-video-preview:-1"},"canonical":"https:\/\/lomahanko.info\/index.php\/polkupyoran-vuokraus\/","og_locale":"fi_FI","og_type":"article","og_title":"Polkupy\u00f6r\u00e4n vuokraus -","og_description":"Polkupy\u00f6r\u00e4vuokrausta Hangon It\u00e4sataman St1 huoltoasemalta. Py\u00f6r\u00e4t, Helkama Jopo:0-2 h; 10 \u20ac2-10 h; 13,50 \u20ac16 \u20ac \/ vuorokausi85 \u20ac \/ viikko Vuokrauspisteen yhteystiedot:St1 Hanko, It\u00e4satama040 414 5681 Ryhm\u00e4t ja erikoisj\u00e4rjestelyt:0400 477 894info@sunfun.fi https:\/\/sunfun.fi\/","og_url":"https:\/\/lomahanko.info\/index.php\/polkupyoran-vuokraus\/","article_publisher":"https:\/\/www.facebook.com\/groups\/214625491910322","article_modified_time":"2022-05-18T09:39:06+00:00","og_image":[{"url":"https:\/\/lomahanko.info\/wp-content\/uploads\/2020\/11\/Tyhja_transparent1.png","type":"","width":"","height":""}],"twitter_card":"summary_large_image","twitter_misc":{"Arvioitu lukuaika":"2 minuuttia"},"schema":{"@context":"https:\/\/schema.org","@graph":[{"@type":"WebPage","@id":"https:\/\/lomahanko.info\/index.php\/polkupyoran-vuokraus\/","url":"https:\/\/lomahanko.info\/index.php\/polkupyoran-vuokraus\/","name":"Polkupy\u00f6r\u00e4n vuokraus -","isPartOf":{"@id":"https:\/\/lomahanko.info\/#website"},"primaryImageOfPage":{"@id":"https:\/\/lomahanko.info\/index.php\/polkupyoran-vuokraus\/#primaryimage"},"image":{"@id":"https:\/\/lomahanko.info\/index.php\/polkupyoran-vuokraus\/#primaryimage"},"thumbnailUrl":"https:\/\/lomahanko.info\/wp-content\/uploads\/2020\/11\/Tyhja_transparent1.png","datePublished":"2020-11-23T08:12:54+00:00","dateModified":"2022-05-18T09:39:06+00:00","breadcrumb":{"@id":"https:\/\/lomahanko.info\/index.php\/polkupyoran-vuokraus\/#breadcrumb"},"inLanguage":"fi","potentialAction":[{"@type":"ReadAction","target":["https:\/\/lomahanko.info\/index.php\/polkupyoran-vuokraus\/"]}]},{"@type":"ImageObject","inLanguage":"fi","@id":"https:\/\/lomahanko.info\/index.php\/polkupyoran-vuokraus\/#primaryimage","url":"https:\/\/lomahanko.info\/wp-content\/uploads\/2020\/11\/Tyhja_transparent1.png","contentUrl":"https:\/\/lomahanko.info\/wp-content\/uploads\/2020\/11\/Tyhja_transparent1.png","width":687,"height":116},{"@type":"BreadcrumbList","@id":"https:\/\/lomahanko.info\/index.php\/polkupyoran-vuokraus\/#breadcrumb","itemListElement":[{"@type":"ListItem","position":1,"name":"Etusivu","item":"https:\/\/lomahanko.info\/"},{"@type":"ListItem","position":2,"name":"Polkupy\u00f6r\u00e4n vuokraus"}]},{"@type":"WebSite","@id":"https:\/\/lomahanko.info\/#website","url":"https:\/\/lomahanko.info\/","name":"","description":"","publisher":{"@id":"https:\/\/lomahanko.info\/#organization"},"potentialAction":[{"@type":"SearchAction","target":{"@type":"EntryPoint","urlTemplate":"https:\/\/lomahanko.info\/?s={search_term_string}"},"query-input":{"@type":"PropertyValueSpecification","valueRequired":true,"valueName":"search_term_string"}}],"inLanguage":"fi"},{"@type":"Organization","@id":"https:\/\/lomahanko.info\/#organization","name":"Lomahanko","url":"https:\/\/lomahanko.info\/","logo":{"@type":"ImageObject","inLanguage":"fi","@id":"https:\/\/lomahanko.info\/#\/schema\/logo\/image\/","url":"https:\/\/lomahanko.info\/wp-content\/uploads\/2020\/10\/cropped-LOMAHANKO_APP_LOGO.png","contentUrl":"https:\/\/lomahanko.info\/wp-content\/uploads\/2020\/10\/cropped-LOMAHANKO_APP_LOGO.png","width":240,"height":44,"caption":"Lomahanko"},"image":{"@id":"https:\/\/lomahanko.info\/#\/schema\/logo\/image\/"},"sameAs":["https:\/\/www.facebook.com\/groups\/214625491910322"]}]}},"_links":{"self":[{"href":"https:\/\/lomahanko.info\/index.php\/wp-json\/wp\/v2\/pages\/6646","targetHints":{"allow":["GET"]}}],"collection":[{"href":"https:\/\/lomahanko.info\/index.php\/wp-json\/wp\/v2\/pages"}],"about":[{"href":"https:\/\/lomahanko.info\/index.php\/wp-json\/wp\/v2\/types\/page"}],"author":[{"embeddable":true,"href":"https:\/\/lomahanko.info\/index.php\/wp-json\/wp\/v2\/users\/1"}],"replies":[{"embeddable":true,"href":"https:\/\/lomahanko.info\/index.php\/wp-json\/wp\/v2\/comments?post=6646"}],"version-history":[{"count":1,"href":"https:\/\/lomahanko.info\/index.php\/wp-json\/wp\/v2\/pages\/6646\/revisions"}],"predecessor-version":[{"id":7433,"href":"https:\/\/lomahanko.info\/index.php\/wp-json\/wp\/v2\/pages\/6646\/revisions\/7433"}],"wp:attachment":[{"href":"https:\/\/lomahanko.info\/index.php\/wp-json\/wp\/v2\/media?parent=6646"}],"curies":[{"name":"wp","href":"https:\/\/api.w.org\/{rel}","templated":true}]}}