{"id":6648,"date":"2020-11-23T10:54:05","date_gmt":"2020-11-23T08:54:05","guid":{"rendered":"http:\/\/norpol-event.com\/?page_id=6648"},"modified":"2020-11-23T10:54:05","modified_gmt":"2020-11-23T08:54:05","slug":"omatoiminen-kiertoajelu","status":"publish","type":"page","link":"https:\/\/lomahanko.info\/index.php\/omatoiminen-kiertoajelu\/","title":{"rendered":"Omatoiminen kiertoajelu"},"content":{"rendered":"\n<figure class=\"wp-block-image size-large\"><img loading=\"lazy\" decoding=\"async\" width=\"687\" height=\"116\" src=\"https:\/\/lomahanko.info\/wp-content\/uploads\/2020\/11\/Tyhja_transparent1.png\" alt=\"\" class=\"wp-image-6062\" srcset=\"https:\/\/lomahanko.info\/wp-content\/uploads\/2020\/11\/Tyhja_transparent1.png 687w, https:\/\/lomahanko.info\/wp-content\/uploads\/2020\/11\/Tyhja_transparent1-300x51.png 300w\" sizes=\"auto, (max-width: 687px) 100vw, 687px\" \/><\/figure>\n\n\n\n<p><span class=\"has-inline-color has-white-color\">T\u00e4ss\u00e4 on 27 kohdan kiertoajelu Hangossa. Kohteet ovat listassa ja valittu siten, kuinka Lomahanko haluaisi n\u00e4ytt\u00e4\u00e4 t\u00e4t\u00e4 hienoa kaupunkia Sinulle. <\/span> Voit aloittaa kiertoajelun mist\u00e4 kohdasta tahansa. AKTIVOI PUHELIMESI GPS ja&#8230;<br><strong>Toimi n\u00e4in:<\/strong><br>1. Klikkaa kohdetta, jolloin google Maps aukeaa. <br>2. Kun kohde on auennut, klikkaa &#8221;Aloita&#8221; painiketta ja aja kohteeseen. Katsele matkalla maisemia ja ihmettele kuinka erilainen kaupunki Hanko on. Kun olet kohteessa, jalkaudu ja tutustu siihen ja sen ymp\u00e4rist\u00f6\u00f6n tarkemmin. Muista, ett\u00e4 osa kohteista ei ole varsinaisia n\u00e4ht\u00e4vyyksi\u00e4, vaan niiden kautta kulkemalla saat paremman kokonaiskuvan Hangosta.<br>3. Valitse seuraava kohde ja toimi samoin.<\/p>\n\n\n\n<p>Kaikki alkaa tietenkin t\u00e4st\u00e4.<\/p>\n\n\n\n<figure class=\"wp-block-table\"><table><tbody><tr><td>1. <a rel=\"noreferrer noopener\" href=\"https:\/\/www.google.fi\/maps\/place\/Hangon+Casino\/@59.8243314,22.9759125,17z\/data=!3m1!4b1!4m5!3m4!1s0x468ce26189836425:0xd3c08ef8059743a3!8m2!3d59.8243314!4d22.9781012\" target=\"_blank\">Hangon Casino<\/a><\/td><\/tr><tr><td>2. <a href=\"https:\/\/www.google.fi\/maps\/place\/Nelj%C3%A4n+tuulen+tupa\/@59.8236689,23.0061077,17z\/data=!3m1!4b1!4m5!3m4!1s0x468ce281bb159039:0xe3a9d1196904b063!8m2!3d59.8236689!4d23.0082964\" target=\"_blank\" rel=\"noreferrer noopener\">Nelj\u00e4n Tuulen Tupa<\/a><\/td><\/tr><tr><td>3. <a href=\"https:\/\/www.google.fi\/maps\/place\/T%C3%A4ktomin+neuvostomonumentti\/@59.8316316,23.0196393,17z\/data=!3m1!4b1!4m5!3m4!1s0x468d1d62e9e7da3b:0x77ffef51244bfc34!8m2!3d59.8316316!4d23.0218281\" target=\"_blank\" rel=\"noreferrer noopener\">T\u00e4ktomin Neuvostomonumentti<\/a><\/td><\/tr><tr><td>4. <a href=\"https:\/\/www.google.fi\/maps\/place\/Hangon+ortodoksinen+kirkko\/@59.8297308,22.9895038,17z\/data=!3m1!4b1!4m5!3m4!1s0x468ce288cacc58d1:0xa46d784281b50c2c!8m2!3d59.8297308!4d22.9916925\" target=\"_blank\" rel=\"noreferrer noopener\">Hangon Ortodoksinen kirkko<\/a><\/td><\/tr><tr><td>5.<a href=\"https:\/\/www.google.fi\/maps\/place\/Villa+Ljungbo\/@59.8391366,22.9916043,18z\/data=!3m1!4b1!4m5!3m4!1s0x468ce3d7eb34c3db:0x646a29a69487a1be!8m2!3d59.8391366!4d22.9926987\" target=\"_blank\" rel=\"noreferrer noopener\"> Villa Ljungbo.<\/a> Vanha parantola, joka on nyt uusiok\u00e4yt\u00f6ss\u00e4. T\u00e4\u00e4lt\u00e4 voit vuokrata huoneen vaikka kuukaudeksi.<\/td><\/tr><tr><td>6. <a href=\"https:\/\/www.google.fi\/maps\/place\/Hangonkyl%C3%A4n+satama\/@59.8428843,22.9476392,17z\/data=!3m1!4b1!4m5!3m4!1s0x468ce2e358e56429:0x30e8e275f15fa782!8m2!3d59.8428843!4d22.9498279\" target=\"_blank\" rel=\"noreferrer noopener\">Hangon kyl\u00e4n satama<\/a><\/td><\/tr><tr><td>7. <a href=\"https:\/\/www.google.fi\/maps\/place\/Mets%C3%A4kannaksentie+40,+10940+Hanko\/@59.8438537,22.9338324,17z\/data=!3m1!4b1!4m5!3m4!1s0x468ce302ef10751f:0x957fdf9a8d701031!8m2!3d59.8438537!4d22.9360211\" target=\"_blank\" rel=\"noreferrer noopener\">Mets\u00e4kannas<\/a><\/td><\/tr><tr><td>8. <a href=\"https:\/\/www.google.fi\/maps\/place\/Kappelisatama,+10940+Hanko\/@59.8348574,22.9203696,15z\/data=!3m1!4b1!4m5!3m4!1s0x468ce3aaa0b4749b:0xdf9be8544a8528!8m2!3d59.8348581!4d22.9291243\" target=\"_blank\" rel=\"noreferrer noopener\">Kappelisatama<\/a><\/td><\/tr><tr><td>9. <a href=\"https:\/\/www.google.fi\/maps\/place\/Varisniemi,+Hanko\/@59.8352521,22.921304,17z\/data=!3m1!4b1!4m5!3m4!1s0x468ce3aa0561290f:0xdccd03c52bde2c43!8m2!3d59.8352521!4d22.9234927\" target=\"_blank\" rel=\"noreferrer noopener\">Varisniemi<\/a><\/td><\/tr><tr><td>10. <a href=\"https:\/\/www.google.fi\/maps\/place\/Cafe+Oasis\/@59.824478,22.9278625,17z\/data=!3m1!4b1!4m5!3m4!1s0x468ce2523f3a5b21:0xe91cd1cecabf9f99!8m2!3d59.824478!4d22.9300512\" target=\"_blank\" rel=\"noreferrer noopener\">Tulliranta<\/a><\/td><\/tr><tr><td>11. <a href=\"https:\/\/www.google.fi\/maps\/place\/Gunnarsin+ranta\/@59.8248775,22.9361213,17.75z\/data=!4m13!1m7!3m6!1s0x468ce250969c49d7:0x67eccbbb82465abe!2sGunnarsin+ranta!3b1!8m2!3d59.8241046!4d22.9359427!3m4!1s0x468ce250969c49d7:0x67eccbbb82465abe!8m2!3d59.8241046!4d22.9359427\" target=\"_blank\" rel=\"noreferrer noopener\">Gunnarin ranta<\/a><\/td><\/tr><tr><td>12. <a href=\"https:\/\/www.google.fi\/maps\/place\/Sunnantie+6,+10940+Hanko\/@59.8250463,22.9430745,17z\/data=!3m1!4b1!4m5!3m4!1s0x468ce25a09fe1a85:0xab0e4f599b248687!8m2!3d59.8250463!4d22.9443759\" target=\"_blank\" rel=\"noreferrer noopener\">Vanha kalasatama<\/a><\/td><\/tr><tr><td>13. <a href=\"https:\/\/www.google.fi\/maps\/place\/Hang%C3%B6by+skola\/@59.8350098,22.9414849,17z\/data=!3m1!4b1!4m5!3m4!1s0x468ce2f8d6c324db:0xf57deec4c2cb3ce6!8m2!3d59.8350098!4d22.9436736\" target=\"_blank\" rel=\"noreferrer noopener\">Hangonkyl\u00e4n koulu<\/a><\/td><\/tr><tr><td>14. <a href=\"https:\/\/www.google.fi\/maps\/place\/Tiilitehtaanpuisto\/@59.834039,22.9588871,17z\/data=!3m1!4b1!4m5!3m4!1s0x468ce2f6c779a7fb:0x3e08de3bca5abbc4!8m2!3d59.834039!4d22.9610758\" target=\"_blank\" rel=\"noreferrer noopener\">Tiilitehtaan puisto<\/a><\/td><\/tr><tr><td>15. <a href=\"https:\/\/www.google.fi\/maps\/place\/Haagapuisto\/@59.829238,22.9567556,17z\/data=!3m1!4b1!4m5!3m4!1s0x468ce258a97e5d47:0x13eae3ef852be902!8m2!3d59.829238!4d22.9589444\" target=\"_blank\" rel=\"noreferrer noopener\">Haagapuisto<\/a><\/td><\/tr><tr><td>16. <a href=\"https:\/\/www.google.fi\/maps\/place\/Hangon+Kaupunki+Tekninen+Ja+Ymp%C3%A4rist%C3%B6virasto\/@59.8317358,22.9879356,17z\/data=!3m1!4b1!4m5!3m4!1s0x468ce28ee2212911:0x78cd0ddafdb71f6d!8m2!3d59.8317358!4d22.9901243\" target=\"_blank\" rel=\"noreferrer noopener\">Hangon keksi <\/a>(nykyisin Hangon kaupungin tekninen virasto)<\/td><\/tr><tr><td>17. <a href=\"https:\/\/www.google.fi\/maps\/place\/Villa+Solg%C3%A5rden\/@59.8282016,22.9833361,17z\/data=!3m1!4b1!4m8!3m7!1s0x468ce2890f0d397b:0xbb02d50051dd9d8e!5m2!4m1!1i2!8m2!3d59.8282016!4d22.9855248\" target=\"_blank\" rel=\"noreferrer noopener\">Villa Solg\u00e5rden<\/a><\/td><\/tr><tr><td>18. <a href=\"https:\/\/www.google.fi\/maps\/place\/Villa+Ilmatar+Oy\/@59.8267534,22.9792369,17z\/data=!3m1!4b1!4m5!3m4!1s0x468ce28992b7ab8d:0x5689287ec11ef09c!8m2!3d59.8267534!4d22.9814255\" target=\"_blank\" rel=\"noreferrer noopener\">Villa Ilmatar<\/a><\/td><\/tr><tr><td>19. <a href=\"https:\/\/www.google.fi\/maps\/place\/Walls\/@59.8247605,22.9657725,17z\/data=!4m13!1m7!3m6!1s0x468ce2608877aacd:0x8dae3dd83f32bde0!2sVuorikatu,+10900+Hanko!3b1!8m2!3d59.8247605!4d22.9679612!3m4!1s0x468ce2607791c99d:0xef6ef0678faf7709!8m2!3d59.8252426!4d22.9674836\" target=\"_blank\" rel=\"noreferrer noopener\">Vuorikatu<\/a> (K\u00e4velykatu)<\/td><\/tr><tr><td>20. <a href=\"https:\/\/www.google.fi\/maps\/place\/Hangon+kirkko\/@59.8240242,22.9685989,17z\/data=!3m1!4b1!4m5!3m4!1s0x468ce260ff12046b:0x1b66fd7bc4f9f180!8m2!3d59.8240242!4d22.9707876\" target=\"_blank\" rel=\"noreferrer noopener\">Hangon kirkko<\/a><\/td><\/tr><tr><td>21. <a href=\"https:\/\/www.google.fi\/maps\/place\/Hotel+Bulevard+Hanko\/@59.823401,22.96634,17z\/data=!3m1!4b1!4m8!3m7!1s0x468ce260eafd5a2b:0x4617532b5ce3cdc8!5m2!4m1!1i2!8m2!3d59.823401!4d22.9685287\" target=\"_blank\" rel=\"noreferrer noopener\">Hotel Bulevard<\/a><\/td><\/tr><tr><td>22. <a href=\"https:\/\/www.google.fi\/maps\/place\/Hanko+Kauppatori,+10900+Hanko\/@59.8246158,22.9551594,15z\/data=!3m1!4b1!4m5!3m4!1s0x468ce25e38482ba3:0xfec9c9935eee7261!8m2!3d59.8246165!4d22.9639141\" target=\"_blank\" rel=\"noreferrer noopener\">Hangon tori<\/a><\/td><\/tr><tr><td>23. <a href=\"https:\/\/www.google.fi\/maps\/place\/Sm%C3%B6rmagasinet\/@59.8196582,22.9438564,17z\/data=!3m1!4b1!4m5!3m4!1s0x468ce25b2da27ccd:0x835a548c65ce74ca!8m2!3d59.8196582!4d22.9460451\" target=\"_blank\" rel=\"noreferrer noopener\">Sm\u00f6rmagasinet<\/a><\/td><\/tr><tr><td>24. <a href=\"https:\/\/www.google.fi\/maps\/place\/Hangon+museo\/@59.8216658,22.959141,17z\/data=!3m1!4b1!4m5!3m4!1s0x468ce25deadf0c11:0x2cad21d1494ddb2b!8m2!3d59.8216658!4d22.9613297\" target=\"_blank\" rel=\"noreferrer noopener\">Hangon museo<\/a><\/td><\/tr><tr><td>25. <a href=\"https:\/\/www.google.fi\/maps\/place\/It%C3%A4satama,+10900+Hanko\/@59.8212293,22.9543381,15z\/data=!3m1!4b1!4m5!3m4!1s0x468ce25df578eb07:0xef2020d676b849a4!8m2!3d59.8212301!4d22.9630928\" target=\"_blank\" rel=\"noreferrer noopener\">It\u00e4satama<\/a><\/td><\/tr><tr><td>26. <a href=\"https:\/\/www.google.fi\/maps\/place\/Regatta+SPA+Hotel\/@59.8219217,22.9672365,17z\/data=!3m1!4b1!4m8!3m7!1s0x468ce260d7a8d129:0x1f5781a6a90426a3!5m2!4m1!1i2!8m2!3d59.8219217!4d22.9694251\" target=\"_blank\" rel=\"noreferrer noopener\">Regatta SPA Hotel<\/a><\/td><\/tr><tr><td>27. <a href=\"https:\/\/www.google.fi\/maps\/place\/Kahvila+Alan's+Caf%C3%A9\/@59.8224021,22.9680766,17z\/data=!3m1!4b1!4m5!3m4!1s0x468ce26120f22079:0x5cfc85e95350c887!8m2!3d59.8224021!4d22.9702653\" target=\"_blank\" rel=\"noreferrer noopener\">Allan&#8217;s Cafe<\/a><\/td><\/tr><tr><td>28. <a href=\"https:\/\/www.google.fi\/maps\/place\/Hotelli+Villa+Maija\/@59.8236501,22.9723113,17z\/data=!3m1!4b1!4m8!3m7!1s0x468ce2619e308a6b:0xb7f41d7b1c90dce6!5m2!4m1!1i2!8m2!3d59.82365!4d22.9745\" target=\"_blank\" rel=\"noreferrer noopener\">Hotelli Villa Maija<\/a><\/td><\/tr><tr><td>29. <a href=\"https:\/\/www.google.fi\/maps\/place\/Hangon+Casino\/@59.8243314,22.9759125,17z\/data=!3m1!4b1!4m5!3m4!1s0x468ce26189836425:0xd3c08ef8059743a3!8m2!3d59.8243314!4d22.9781012\" target=\"_blank\" rel=\"noreferrer noopener\">Hangon Casino<\/a><\/td><\/tr><\/tbody><\/table><\/figure>\n\n\n\n<figure class=\"wp-block-image size-large\"><img loading=\"lazy\" decoding=\"async\" width=\"589\" height=\"190\" src=\"https:\/\/lomahanko.info\/wp-content\/uploads\/2020\/11\/Transparent-silhuetti2.png\" alt=\"\" class=\"wp-image-6116\" srcset=\"https:\/\/lomahanko.info\/wp-content\/uploads\/2020\/11\/Transparent-silhuetti2.png 589w, https:\/\/lomahanko.info\/wp-content\/uploads\/2020\/11\/Transparent-silhuetti2-300x97.png 300w\" sizes=\"auto, (max-width: 589px) 100vw, 589px\" \/><\/figure>\n","protected":false},"excerpt":{"rendered":"<p>T\u00e4ss\u00e4 on 27 kohdan kiertoajelu Hangossa. Kohteet ovat listassa ja valittu siten, kuinka Lomahanko haluaisi n\u00e4ytt\u00e4\u00e4 t\u00e4t\u00e4 hienoa kaupunkia Sinulle. Voit aloittaa kiertoajelun mist\u00e4 kohdasta tahansa. AKTIVOI PUHELIMESI GPS ja&#8230;Toimi n\u00e4in:1. Klikkaa kohdetta, jolloin google Maps aukeaa. 2. Kun kohde on auennut, klikkaa &#8221;Aloita&#8221; painiketta ja aja kohteeseen. Katsele matkalla maisemia ja ihmettele kuinka erilainen [&hellip;]<\/p>\n","protected":false},"author":1,"featured_media":0,"parent":0,"menu_order":0,"comment_status":"closed","ping_status":"closed","template":"","meta":{"footnotes":""},"class_list":["post-6648","page","type-page","status-publish","hentry"],"yoast_head":"<!-- This site is optimized with the Yoast SEO plugin v27.2 - https:\/\/yoast.com\/product\/yoast-seo-wordpress\/ -->\n<title>Omatoiminen kiertoajelu -<\/title>\n<meta name=\"robots\" content=\"index, follow, max-snippet:-1, max-image-preview:large, max-video-preview:-1\" \/>\n<link rel=\"canonical\" href=\"https:\/\/lomahanko.info\/index.php\/omatoiminen-kiertoajelu\/\" \/>\n<meta property=\"og:locale\" content=\"fi_FI\" \/>\n<meta property=\"og:type\" content=\"article\" \/>\n<meta property=\"og:title\" content=\"Omatoiminen kiertoajelu -\" \/>\n<meta property=\"og:description\" content=\"T\u00e4ss\u00e4 on 27 kohdan kiertoajelu Hangossa. Kohteet ovat listassa ja valittu siten, kuinka Lomahanko haluaisi n\u00e4ytt\u00e4\u00e4 t\u00e4t\u00e4 hienoa kaupunkia Sinulle. Voit aloittaa kiertoajelun mist\u00e4 kohdasta tahansa. AKTIVOI PUHELIMESI GPS ja&#8230;Toimi n\u00e4in:1. Klikkaa kohdetta, jolloin google Maps aukeaa. 2. Kun kohde on auennut, klikkaa &#8221;Aloita&#8221; painiketta ja aja kohteeseen. Katsele matkalla maisemia ja ihmettele kuinka erilainen [&hellip;]\" \/>\n<meta property=\"og:url\" content=\"https:\/\/lomahanko.info\/index.php\/omatoiminen-kiertoajelu\/\" \/>\n<meta property=\"article:publisher\" content=\"https:\/\/www.facebook.com\/groups\/214625491910322\" \/>\n<meta property=\"og:image\" content=\"https:\/\/lomahanko.info\/wp-content\/uploads\/2020\/11\/Tyhja_transparent1.png\" \/>\n<meta name=\"twitter:card\" content=\"summary_large_image\" \/>\n<meta name=\"twitter:label1\" content=\"Arvioitu lukuaika\" \/>\n\t<meta name=\"twitter:data1\" content=\"1 minuutti\" \/>\n<script type=\"application\/ld+json\" class=\"yoast-schema-graph\">{\"@context\":\"https:\/\/schema.org\",\"@graph\":[{\"@type\":\"WebPage\",\"@id\":\"https:\/\/lomahanko.info\/index.php\/omatoiminen-kiertoajelu\/\",\"url\":\"https:\/\/lomahanko.info\/index.php\/omatoiminen-kiertoajelu\/\",\"name\":\"Omatoiminen kiertoajelu -\",\"isPartOf\":{\"@id\":\"https:\/\/lomahanko.info\/#website\"},\"primaryImageOfPage\":{\"@id\":\"https:\/\/lomahanko.info\/index.php\/omatoiminen-kiertoajelu\/#primaryimage\"},\"image\":{\"@id\":\"https:\/\/lomahanko.info\/index.php\/omatoiminen-kiertoajelu\/#primaryimage\"},\"thumbnailUrl\":\"https:\/\/lomahanko.info\/wp-content\/uploads\/2020\/11\/Tyhja_transparent1.png\",\"datePublished\":\"2020-11-23T08:54:05+00:00\",\"breadcrumb\":{\"@id\":\"https:\/\/lomahanko.info\/index.php\/omatoiminen-kiertoajelu\/#breadcrumb\"},\"inLanguage\":\"fi\",\"potentialAction\":[{\"@type\":\"ReadAction\",\"target\":[\"https:\/\/lomahanko.info\/index.php\/omatoiminen-kiertoajelu\/\"]}]},{\"@type\":\"ImageObject\",\"inLanguage\":\"fi\",\"@id\":\"https:\/\/lomahanko.info\/index.php\/omatoiminen-kiertoajelu\/#primaryimage\",\"url\":\"https:\/\/lomahanko.info\/wp-content\/uploads\/2020\/11\/Tyhja_transparent1.png\",\"contentUrl\":\"https:\/\/lomahanko.info\/wp-content\/uploads\/2020\/11\/Tyhja_transparent1.png\",\"width\":687,\"height\":116},{\"@type\":\"BreadcrumbList\",\"@id\":\"https:\/\/lomahanko.info\/index.php\/omatoiminen-kiertoajelu\/#breadcrumb\",\"itemListElement\":[{\"@type\":\"ListItem\",\"position\":1,\"name\":\"Etusivu\",\"item\":\"https:\/\/lomahanko.info\/\"},{\"@type\":\"ListItem\",\"position\":2,\"name\":\"Omatoiminen kiertoajelu\"}]},{\"@type\":\"WebSite\",\"@id\":\"https:\/\/lomahanko.info\/#website\",\"url\":\"https:\/\/lomahanko.info\/\",\"name\":\"\",\"description\":\"\",\"publisher\":{\"@id\":\"https:\/\/lomahanko.info\/#organization\"},\"potentialAction\":[{\"@type\":\"SearchAction\",\"target\":{\"@type\":\"EntryPoint\",\"urlTemplate\":\"https:\/\/lomahanko.info\/?s={search_term_string}\"},\"query-input\":{\"@type\":\"PropertyValueSpecification\",\"valueRequired\":true,\"valueName\":\"search_term_string\"}}],\"inLanguage\":\"fi\"},{\"@type\":\"Organization\",\"@id\":\"https:\/\/lomahanko.info\/#organization\",\"name\":\"Lomahanko\",\"url\":\"https:\/\/lomahanko.info\/\",\"logo\":{\"@type\":\"ImageObject\",\"inLanguage\":\"fi\",\"@id\":\"https:\/\/lomahanko.info\/#\/schema\/logo\/image\/\",\"url\":\"https:\/\/lomahanko.info\/wp-content\/uploads\/2020\/10\/cropped-LOMAHANKO_APP_LOGO.png\",\"contentUrl\":\"https:\/\/lomahanko.info\/wp-content\/uploads\/2020\/10\/cropped-LOMAHANKO_APP_LOGO.png\",\"width\":240,\"height\":44,\"caption\":\"Lomahanko\"},\"image\":{\"@id\":\"https:\/\/lomahanko.info\/#\/schema\/logo\/image\/\"},\"sameAs\":[\"https:\/\/www.facebook.com\/groups\/214625491910322\"]}]}<\/script>\n<!-- \/ Yoast SEO plugin. -->","yoast_head_json":{"title":"Omatoiminen kiertoajelu -","robots":{"index":"index","follow":"follow","max-snippet":"max-snippet:-1","max-image-preview":"max-image-preview:large","max-video-preview":"max-video-preview:-1"},"canonical":"https:\/\/lomahanko.info\/index.php\/omatoiminen-kiertoajelu\/","og_locale":"fi_FI","og_type":"article","og_title":"Omatoiminen kiertoajelu -","og_description":"T\u00e4ss\u00e4 on 27 kohdan kiertoajelu Hangossa. Kohteet ovat listassa ja valittu siten, kuinka Lomahanko haluaisi n\u00e4ytt\u00e4\u00e4 t\u00e4t\u00e4 hienoa kaupunkia Sinulle. Voit aloittaa kiertoajelun mist\u00e4 kohdasta tahansa. AKTIVOI PUHELIMESI GPS ja&#8230;Toimi n\u00e4in:1. Klikkaa kohdetta, jolloin google Maps aukeaa. 2. Kun kohde on auennut, klikkaa &#8221;Aloita&#8221; painiketta ja aja kohteeseen. Katsele matkalla maisemia ja ihmettele kuinka erilainen [&hellip;]","og_url":"https:\/\/lomahanko.info\/index.php\/omatoiminen-kiertoajelu\/","article_publisher":"https:\/\/www.facebook.com\/groups\/214625491910322","og_image":[{"url":"https:\/\/lomahanko.info\/wp-content\/uploads\/2020\/11\/Tyhja_transparent1.png","type":"","width":"","height":""}],"twitter_card":"summary_large_image","twitter_misc":{"Arvioitu lukuaika":"1 minuutti"},"schema":{"@context":"https:\/\/schema.org","@graph":[{"@type":"WebPage","@id":"https:\/\/lomahanko.info\/index.php\/omatoiminen-kiertoajelu\/","url":"https:\/\/lomahanko.info\/index.php\/omatoiminen-kiertoajelu\/","name":"Omatoiminen kiertoajelu -","isPartOf":{"@id":"https:\/\/lomahanko.info\/#website"},"primaryImageOfPage":{"@id":"https:\/\/lomahanko.info\/index.php\/omatoiminen-kiertoajelu\/#primaryimage"},"image":{"@id":"https:\/\/lomahanko.info\/index.php\/omatoiminen-kiertoajelu\/#primaryimage"},"thumbnailUrl":"https:\/\/lomahanko.info\/wp-content\/uploads\/2020\/11\/Tyhja_transparent1.png","datePublished":"2020-11-23T08:54:05+00:00","breadcrumb":{"@id":"https:\/\/lomahanko.info\/index.php\/omatoiminen-kiertoajelu\/#breadcrumb"},"inLanguage":"fi","potentialAction":[{"@type":"ReadAction","target":["https:\/\/lomahanko.info\/index.php\/omatoiminen-kiertoajelu\/"]}]},{"@type":"ImageObject","inLanguage":"fi","@id":"https:\/\/lomahanko.info\/index.php\/omatoiminen-kiertoajelu\/#primaryimage","url":"https:\/\/lomahanko.info\/wp-content\/uploads\/2020\/11\/Tyhja_transparent1.png","contentUrl":"https:\/\/lomahanko.info\/wp-content\/uploads\/2020\/11\/Tyhja_transparent1.png","width":687,"height":116},{"@type":"BreadcrumbList","@id":"https:\/\/lomahanko.info\/index.php\/omatoiminen-kiertoajelu\/#breadcrumb","itemListElement":[{"@type":"ListItem","position":1,"name":"Etusivu","item":"https:\/\/lomahanko.info\/"},{"@type":"ListItem","position":2,"name":"Omatoiminen kiertoajelu"}]},{"@type":"WebSite","@id":"https:\/\/lomahanko.info\/#website","url":"https:\/\/lomahanko.info\/","name":"","description":"","publisher":{"@id":"https:\/\/lomahanko.info\/#organization"},"potentialAction":[{"@type":"SearchAction","target":{"@type":"EntryPoint","urlTemplate":"https:\/\/lomahanko.info\/?s={search_term_string}"},"query-input":{"@type":"PropertyValueSpecification","valueRequired":true,"valueName":"search_term_string"}}],"inLanguage":"fi"},{"@type":"Organization","@id":"https:\/\/lomahanko.info\/#organization","name":"Lomahanko","url":"https:\/\/lomahanko.info\/","logo":{"@type":"ImageObject","inLanguage":"fi","@id":"https:\/\/lomahanko.info\/#\/schema\/logo\/image\/","url":"https:\/\/lomahanko.info\/wp-content\/uploads\/2020\/10\/cropped-LOMAHANKO_APP_LOGO.png","contentUrl":"https:\/\/lomahanko.info\/wp-content\/uploads\/2020\/10\/cropped-LOMAHANKO_APP_LOGO.png","width":240,"height":44,"caption":"Lomahanko"},"image":{"@id":"https:\/\/lomahanko.info\/#\/schema\/logo\/image\/"},"sameAs":["https:\/\/www.facebook.com\/groups\/214625491910322"]}]}},"_links":{"self":[{"href":"https:\/\/lomahanko.info\/index.php\/wp-json\/wp\/v2\/pages\/6648","targetHints":{"allow":["GET"]}}],"collection":[{"href":"https:\/\/lomahanko.info\/index.php\/wp-json\/wp\/v2\/pages"}],"about":[{"href":"https:\/\/lomahanko.info\/index.php\/wp-json\/wp\/v2\/types\/page"}],"author":[{"embeddable":true,"href":"https:\/\/lomahanko.info\/index.php\/wp-json\/wp\/v2\/users\/1"}],"replies":[{"embeddable":true,"href":"https:\/\/lomahanko.info\/index.php\/wp-json\/wp\/v2\/comments?post=6648"}],"version-history":[{"count":0,"href":"https:\/\/lomahanko.info\/index.php\/wp-json\/wp\/v2\/pages\/6648\/revisions"}],"wp:attachment":[{"href":"https:\/\/lomahanko.info\/index.php\/wp-json\/wp\/v2\/media?parent=6648"}],"curies":[{"name":"wp","href":"https:\/\/api.w.org\/{rel}","templated":true}]}}