{"id":7538,"date":"2023-11-29T10:25:26","date_gmt":"2023-11-29T08:25:26","guid":{"rendered":"https:\/\/lomahanko.info\/?page_id=7538"},"modified":"2023-11-29T10:47:49","modified_gmt":"2023-11-29T08:47:49","slug":"leirinta","status":"publish","type":"page","link":"https:\/\/lomahanko.info\/index.php\/leirinta\/","title":{"rendered":"Leirint\u00e4"},"content":{"rendered":"\n<hr class=\"wp-block-separator has-alpha-channel-opacity is-style-dots\"\/>\n\n\n<div class=\"wp-block-image\">\n<figure class=\"aligncenter size-large is-resized\"><img loading=\"lazy\" decoding=\"async\" width=\"1024\" height=\"1024\" src=\"https:\/\/lomahanko.info\/wp-content\/uploads\/2023\/11\/Leirintaalue-1024x1024.png\" alt=\"\" class=\"wp-image-7539\" style=\"width:88px;height:auto\" srcset=\"https:\/\/lomahanko.info\/wp-content\/uploads\/2023\/11\/Leirintaalue-1024x1024.png 1024w, https:\/\/lomahanko.info\/wp-content\/uploads\/2023\/11\/Leirintaalue-300x300.png 300w, https:\/\/lomahanko.info\/wp-content\/uploads\/2023\/11\/Leirintaalue-150x150.png 150w, https:\/\/lomahanko.info\/wp-content\/uploads\/2023\/11\/Leirintaalue-768x768.png 768w, https:\/\/lomahanko.info\/wp-content\/uploads\/2023\/11\/Leirintaalue-1536x1536.png 1536w, https:\/\/lomahanko.info\/wp-content\/uploads\/2023\/11\/Leirintaalue.png 1701w\" sizes=\"auto, (max-width: 1024px) 100vw, 1024px\" \/><\/figure>\n<\/div>\n\n<div class=\"wp-block-image\">\n<figure class=\"aligncenter size-full is-resized\"><img loading=\"lazy\" decoding=\"async\" width=\"300\" height=\"144\" src=\"https:\/\/lomahanko.info\/wp-content\/uploads\/2023\/11\/Silversand_logo.png\" alt=\"\" class=\"wp-image-7543\" style=\"width:183px;height:auto\"\/><\/figure>\n<\/div>\n\n\n<figure class=\"wp-block-table\"><table><tbody><tr><td><strong><mark style=\"background-color:rgba(0, 0, 0, 0)\" class=\"has-inline-color has-white-color\">Leirint\u00e4alue Silversand<\/mark><\/strong><\/td><\/tr><tr><td><mark style=\"background-color:rgba(0, 0, 0, 0)\" class=\"has-inline-color has-white-color\">Hanko camping leirint\u00e4alue Silversand sijaitsee aivan meren \u00e4\u00e4rell\u00e4, upean hiekkarannan \u00e4\u00e4ress\u00e4. Alueella on autopaikkoja, telttapaikkoja ja m\u00f6kkej\u00e4.<br>Luonnonkauniissa merimaisemassa on 16 m\u00f6kki\u00e4, 3 Glamping- telttaa ja 3 Tentsile- riippumattotelttaa. 160 s\u00e4hk\u00f6istetty\u00e4 leirint\u00e4paikkaa ja lis\u00e4ksi noin 300 luonnonmukaista telttapaikkaa.<\/mark><\/td><\/tr><tr><td><mark style=\"background-color:rgba(0, 0, 0, 0)\" class=\"has-inline-color has-white-color\"><strong>Avoinna joka p\u00e4iv\u00e4 kello 10 \u2013 21<\/strong><br>Varaa paikkasi alueelle <a href=\"tel: 019 2485500\">019 \u2013 2485500<\/a> \/ <a href=\"tel: 0400583818\">04005<\/a><a href=\"http:\/\/tel 0400583818\">83818<\/a> tai tee varaus&nbsp;<a href=\"https:\/\/silversand.bookingonline.fi\/stable\/tuotteet.jsp?teema_id=2411\" target=\"_blank\" rel=\"noreferrer noopener\">t\u00e4st\u00e4<\/a><br>Sis\u00e4\u00e4nkirjautuminen klo 15 j\u00e4lkeen<br>Uloskirjautuminen klo 11 menness\u00e4<\/mark><\/td><\/tr><tr><td><mark style=\"background-color:rgba(0, 0, 0, 0)\" class=\"has-inline-color has-white-color\"><strong>Muut palvelut<\/strong><br>Rantasauna Varattavissa joka p\u00e4iv\u00e4 kello 10 \u2013 21<br>Tilaukset <a href=\"tel:0192485500\">0192485500 <\/a>\/ <a href=\"tel:0400583818\">0400583818<\/a><br>Poreallas + sauna + grillikota \u2013 paketit<br>tilauksesta.<br>Ravintola Yksityistilaisuudet vuoden ymp\u00e4ri.<br>Lis\u00e4tiedot: <a href=\"tel:0400583818\">0400583818&nbsp;<\/a><\/mark><\/td><\/tr><tr><td><mark style=\"background-color:rgba(0, 0, 0, 0)\" class=\"has-inline-color has-white-color\"><a href=\"https:\/\/silversand.fi\/\">www.silversand.fi<\/a> <a href=\"mailto:info@silversand.fi\">S\u00e4hk\u00f6posti: info@silversand.fi<\/a><br>Camping Silversand -leirint\u00e4alue<br><a href=\"https:\/\/maps.app.goo.gl\/FXrYYcdBm2bJxAMd6\">Aarne Karjalaisentie, 13-15, L\u00e4hteentie 27, 10960 Hanko<\/a><\/mark><\/td><\/tr><\/tbody><\/table><\/figure>\n","protected":false},"excerpt":{"rendered":"<p>Leirint\u00e4alue Silversand Hanko camping leirint\u00e4alue Silversand sijaitsee aivan meren \u00e4\u00e4rell\u00e4, upean hiekkarannan \u00e4\u00e4ress\u00e4. Alueella on autopaikkoja, telttapaikkoja ja m\u00f6kkej\u00e4.Luonnonkauniissa merimaisemassa on 16 m\u00f6kki\u00e4, 3 Glamping- telttaa ja 3 Tentsile- riippumattotelttaa. 160 s\u00e4hk\u00f6istetty\u00e4 leirint\u00e4paikkaa ja lis\u00e4ksi noin 300 luonnonmukaista telttapaikkaa. Avoinna joka p\u00e4iv\u00e4 kello 10 \u2013 21Varaa paikkasi alueelle 019 \u2013 2485500 \/ 0400583818 tai tee [&hellip;]<\/p>\n","protected":false},"author":1,"featured_media":0,"parent":0,"menu_order":0,"comment_status":"closed","ping_status":"closed","template":"","meta":{"footnotes":""},"class_list":["post-7538","page","type-page","status-publish","hentry"],"yoast_head":"<!-- This site is optimized with the Yoast SEO plugin v27.2 - https:\/\/yoast.com\/product\/yoast-seo-wordpress\/ -->\n<title>Leirint\u00e4 -<\/title>\n<meta name=\"robots\" content=\"index, follow, max-snippet:-1, max-image-preview:large, max-video-preview:-1\" \/>\n<link rel=\"canonical\" href=\"https:\/\/lomahanko.info\/index.php\/leirinta\/\" \/>\n<meta property=\"og:locale\" content=\"fi_FI\" \/>\n<meta property=\"og:type\" content=\"article\" \/>\n<meta property=\"og:title\" content=\"Leirint\u00e4 -\" \/>\n<meta property=\"og:description\" content=\"Leirint\u00e4alue Silversand Hanko camping leirint\u00e4alue Silversand sijaitsee aivan meren \u00e4\u00e4rell\u00e4, upean hiekkarannan \u00e4\u00e4ress\u00e4. Alueella on autopaikkoja, telttapaikkoja ja m\u00f6kkej\u00e4.Luonnonkauniissa merimaisemassa on 16 m\u00f6kki\u00e4, 3 Glamping- telttaa ja 3 Tentsile- riippumattotelttaa. 160 s\u00e4hk\u00f6istetty\u00e4 leirint\u00e4paikkaa ja lis\u00e4ksi noin 300 luonnonmukaista telttapaikkaa. Avoinna joka p\u00e4iv\u00e4 kello 10 \u2013 21Varaa paikkasi alueelle 019 \u2013 2485500 \/ 0400583818 tai tee [&hellip;]\" \/>\n<meta property=\"og:url\" content=\"https:\/\/lomahanko.info\/index.php\/leirinta\/\" \/>\n<meta property=\"article:publisher\" content=\"https:\/\/www.facebook.com\/groups\/214625491910322\" \/>\n<meta property=\"article:modified_time\" content=\"2023-11-29T08:47:49+00:00\" \/>\n<meta property=\"og:image\" content=\"https:\/\/lomahanko.info\/wp-content\/uploads\/2023\/11\/Leirintaalue-1024x1024.png\" \/>\n<meta name=\"twitter:card\" content=\"summary_large_image\" \/>\n<meta name=\"twitter:label1\" content=\"Arvioitu lukuaika\" \/>\n\t<meta name=\"twitter:data1\" content=\"2 minuuttia\" \/>\n<script type=\"application\/ld+json\" class=\"yoast-schema-graph\">{\"@context\":\"https:\/\/schema.org\",\"@graph\":[{\"@type\":\"WebPage\",\"@id\":\"https:\/\/lomahanko.info\/index.php\/leirinta\/\",\"url\":\"https:\/\/lomahanko.info\/index.php\/leirinta\/\",\"name\":\"Leirint\u00e4 -\",\"isPartOf\":{\"@id\":\"https:\/\/lomahanko.info\/#website\"},\"primaryImageOfPage\":{\"@id\":\"https:\/\/lomahanko.info\/index.php\/leirinta\/#primaryimage\"},\"image\":{\"@id\":\"https:\/\/lomahanko.info\/index.php\/leirinta\/#primaryimage\"},\"thumbnailUrl\":\"https:\/\/lomahanko.info\/wp-content\/uploads\/2023\/11\/Leirintaalue-1024x1024.png\",\"datePublished\":\"2023-11-29T08:25:26+00:00\",\"dateModified\":\"2023-11-29T08:47:49+00:00\",\"breadcrumb\":{\"@id\":\"https:\/\/lomahanko.info\/index.php\/leirinta\/#breadcrumb\"},\"inLanguage\":\"fi\",\"potentialAction\":[{\"@type\":\"ReadAction\",\"target\":[\"https:\/\/lomahanko.info\/index.php\/leirinta\/\"]}]},{\"@type\":\"ImageObject\",\"inLanguage\":\"fi\",\"@id\":\"https:\/\/lomahanko.info\/index.php\/leirinta\/#primaryimage\",\"url\":\"https:\/\/lomahanko.info\/wp-content\/uploads\/2023\/11\/Leirintaalue.png\",\"contentUrl\":\"https:\/\/lomahanko.info\/wp-content\/uploads\/2023\/11\/Leirintaalue.png\",\"width\":1701,\"height\":1701},{\"@type\":\"BreadcrumbList\",\"@id\":\"https:\/\/lomahanko.info\/index.php\/leirinta\/#breadcrumb\",\"itemListElement\":[{\"@type\":\"ListItem\",\"position\":1,\"name\":\"Etusivu\",\"item\":\"https:\/\/lomahanko.info\/\"},{\"@type\":\"ListItem\",\"position\":2,\"name\":\"Leirint\u00e4\"}]},{\"@type\":\"WebSite\",\"@id\":\"https:\/\/lomahanko.info\/#website\",\"url\":\"https:\/\/lomahanko.info\/\",\"name\":\"\",\"description\":\"\",\"publisher\":{\"@id\":\"https:\/\/lomahanko.info\/#organization\"},\"potentialAction\":[{\"@type\":\"SearchAction\",\"target\":{\"@type\":\"EntryPoint\",\"urlTemplate\":\"https:\/\/lomahanko.info\/?s={search_term_string}\"},\"query-input\":{\"@type\":\"PropertyValueSpecification\",\"valueRequired\":true,\"valueName\":\"search_term_string\"}}],\"inLanguage\":\"fi\"},{\"@type\":\"Organization\",\"@id\":\"https:\/\/lomahanko.info\/#organization\",\"name\":\"Lomahanko\",\"url\":\"https:\/\/lomahanko.info\/\",\"logo\":{\"@type\":\"ImageObject\",\"inLanguage\":\"fi\",\"@id\":\"https:\/\/lomahanko.info\/#\/schema\/logo\/image\/\",\"url\":\"https:\/\/lomahanko.info\/wp-content\/uploads\/2020\/10\/cropped-LOMAHANKO_APP_LOGO.png\",\"contentUrl\":\"https:\/\/lomahanko.info\/wp-content\/uploads\/2020\/10\/cropped-LOMAHANKO_APP_LOGO.png\",\"width\":240,\"height\":44,\"caption\":\"Lomahanko\"},\"image\":{\"@id\":\"https:\/\/lomahanko.info\/#\/schema\/logo\/image\/\"},\"sameAs\":[\"https:\/\/www.facebook.com\/groups\/214625491910322\"]}]}<\/script>\n<!-- \/ Yoast SEO plugin. -->","yoast_head_json":{"title":"Leirint\u00e4 -","robots":{"index":"index","follow":"follow","max-snippet":"max-snippet:-1","max-image-preview":"max-image-preview:large","max-video-preview":"max-video-preview:-1"},"canonical":"https:\/\/lomahanko.info\/index.php\/leirinta\/","og_locale":"fi_FI","og_type":"article","og_title":"Leirint\u00e4 -","og_description":"Leirint\u00e4alue Silversand Hanko camping leirint\u00e4alue Silversand sijaitsee aivan meren \u00e4\u00e4rell\u00e4, upean hiekkarannan \u00e4\u00e4ress\u00e4. Alueella on autopaikkoja, telttapaikkoja ja m\u00f6kkej\u00e4.Luonnonkauniissa merimaisemassa on 16 m\u00f6kki\u00e4, 3 Glamping- telttaa ja 3 Tentsile- riippumattotelttaa. 160 s\u00e4hk\u00f6istetty\u00e4 leirint\u00e4paikkaa ja lis\u00e4ksi noin 300 luonnonmukaista telttapaikkaa. Avoinna joka p\u00e4iv\u00e4 kello 10 \u2013 21Varaa paikkasi alueelle 019 \u2013 2485500 \/ 0400583818 tai tee [&hellip;]","og_url":"https:\/\/lomahanko.info\/index.php\/leirinta\/","article_publisher":"https:\/\/www.facebook.com\/groups\/214625491910322","article_modified_time":"2023-11-29T08:47:49+00:00","og_image":[{"url":"https:\/\/lomahanko.info\/wp-content\/uploads\/2023\/11\/Leirintaalue-1024x1024.png","type":"","width":"","height":""}],"twitter_card":"summary_large_image","twitter_misc":{"Arvioitu lukuaika":"2 minuuttia"},"schema":{"@context":"https:\/\/schema.org","@graph":[{"@type":"WebPage","@id":"https:\/\/lomahanko.info\/index.php\/leirinta\/","url":"https:\/\/lomahanko.info\/index.php\/leirinta\/","name":"Leirint\u00e4 -","isPartOf":{"@id":"https:\/\/lomahanko.info\/#website"},"primaryImageOfPage":{"@id":"https:\/\/lomahanko.info\/index.php\/leirinta\/#primaryimage"},"image":{"@id":"https:\/\/lomahanko.info\/index.php\/leirinta\/#primaryimage"},"thumbnailUrl":"https:\/\/lomahanko.info\/wp-content\/uploads\/2023\/11\/Leirintaalue-1024x1024.png","datePublished":"2023-11-29T08:25:26+00:00","dateModified":"2023-11-29T08:47:49+00:00","breadcrumb":{"@id":"https:\/\/lomahanko.info\/index.php\/leirinta\/#breadcrumb"},"inLanguage":"fi","potentialAction":[{"@type":"ReadAction","target":["https:\/\/lomahanko.info\/index.php\/leirinta\/"]}]},{"@type":"ImageObject","inLanguage":"fi","@id":"https:\/\/lomahanko.info\/index.php\/leirinta\/#primaryimage","url":"https:\/\/lomahanko.info\/wp-content\/uploads\/2023\/11\/Leirintaalue.png","contentUrl":"https:\/\/lomahanko.info\/wp-content\/uploads\/2023\/11\/Leirintaalue.png","width":1701,"height":1701},{"@type":"BreadcrumbList","@id":"https:\/\/lomahanko.info\/index.php\/leirinta\/#breadcrumb","itemListElement":[{"@type":"ListItem","position":1,"name":"Etusivu","item":"https:\/\/lomahanko.info\/"},{"@type":"ListItem","position":2,"name":"Leirint\u00e4"}]},{"@type":"WebSite","@id":"https:\/\/lomahanko.info\/#website","url":"https:\/\/lomahanko.info\/","name":"","description":"","publisher":{"@id":"https:\/\/lomahanko.info\/#organization"},"potentialAction":[{"@type":"SearchAction","target":{"@type":"EntryPoint","urlTemplate":"https:\/\/lomahanko.info\/?s={search_term_string}"},"query-input":{"@type":"PropertyValueSpecification","valueRequired":true,"valueName":"search_term_string"}}],"inLanguage":"fi"},{"@type":"Organization","@id":"https:\/\/lomahanko.info\/#organization","name":"Lomahanko","url":"https:\/\/lomahanko.info\/","logo":{"@type":"ImageObject","inLanguage":"fi","@id":"https:\/\/lomahanko.info\/#\/schema\/logo\/image\/","url":"https:\/\/lomahanko.info\/wp-content\/uploads\/2020\/10\/cropped-LOMAHANKO_APP_LOGO.png","contentUrl":"https:\/\/lomahanko.info\/wp-content\/uploads\/2020\/10\/cropped-LOMAHANKO_APP_LOGO.png","width":240,"height":44,"caption":"Lomahanko"},"image":{"@id":"https:\/\/lomahanko.info\/#\/schema\/logo\/image\/"},"sameAs":["https:\/\/www.facebook.com\/groups\/214625491910322"]}]}},"_links":{"self":[{"href":"https:\/\/lomahanko.info\/index.php\/wp-json\/wp\/v2\/pages\/7538","targetHints":{"allow":["GET"]}}],"collection":[{"href":"https:\/\/lomahanko.info\/index.php\/wp-json\/wp\/v2\/pages"}],"about":[{"href":"https:\/\/lomahanko.info\/index.php\/wp-json\/wp\/v2\/types\/page"}],"author":[{"embeddable":true,"href":"https:\/\/lomahanko.info\/index.php\/wp-json\/wp\/v2\/users\/1"}],"replies":[{"embeddable":true,"href":"https:\/\/lomahanko.info\/index.php\/wp-json\/wp\/v2\/comments?post=7538"}],"version-history":[{"count":14,"href":"https:\/\/lomahanko.info\/index.php\/wp-json\/wp\/v2\/pages\/7538\/revisions"}],"predecessor-version":[{"id":7562,"href":"https:\/\/lomahanko.info\/index.php\/wp-json\/wp\/v2\/pages\/7538\/revisions\/7562"}],"wp:attachment":[{"href":"https:\/\/lomahanko.info\/index.php\/wp-json\/wp\/v2\/media?parent=7538"}],"curies":[{"name":"wp","href":"https:\/\/api.w.org\/{rel}","templated":true}]}}